{"id":1160,"date":"2020-10-19T14:11:17","date_gmt":"2020-10-19T12:11:17","guid":{"rendered":"http:\/\/blidor-webshop-staging.ch.merlin.ch-meta.net\/shop\/import-placeholder-for-1779\/"},"modified":"2025-01-07T09:00:10","modified_gmt":"2025-01-07T08:00:10","slug":"parfum-dambiance-bois-de-santal","status":"publish","type":"product","link":"https:\/\/blidor.ch\/fr\/webshop\/raumduft-sandelholz\/","title":{"rendered":"Parfum d'int\u00e9rieur Bois de santal"},"content":{"rendered":"<h2>Le bois de santal apporte du confort dans les pi\u00e8ces \u00e0 vivre<\/h2>\n<p>Le parfum d\u00e9licat du bois de santal fait partie des grands parfums classiques. Cette senteur chaude et \u00e9vocatrice est indispensable comme parfum d'ambiance et dans la fabrication de parfums. Un classique parmi les parfums, qui enveloppe le corps et l'\u00e2me de sa note velout\u00e9e. Avec le bois de santal, une ambiance confortable s'installe. Le parfum a un effet relaxant et reposant.<\/p>\n<h2>L'effet de l'huile de santal<\/h2>\n<p>Le bois de santal a d'une part un effet apaisant et relaxant - il procure donc calme et satisfaction. D'autre part, il est connu pour ses effets euphorisants et aphrodisiaques. Il \u00e9quilibre donc et te permet de te retrouver compl\u00e8tement au centre de toi-m\u00eame.<\/p>\n<h2>B\u00e2tonnets en bois pour parfumer la pi\u00e8ce inclus<\/h2>\n<p>Les b\u00e2tonnets en bois fournis permettent d'adapter individuellement l'intensit\u00e9 du parfum. Selon le nombre de b\u00e2tonnets en bois que vous placez dans le flacon, les ar\u00f4mes sont diffus\u00e9s plus ou moins intens\u00e9ment dans la pi\u00e8ce.<\/p>\n<p>&nbsp;<\/p>","protected":false},"excerpt":{"rendered":"<p><span class=\"prod_subtitel\">Le parfum d'ambiance bois de santal s\u00e9duit par son ar\u00f4me bois\u00e9 et diffuse une ambiance orientale partout o\u00f9 des senteurs l\u00e9g\u00e8res et \u00e9pic\u00e9es peuvent rafra\u00eechir.<br \/>\n<\/span><\/p>","protected":false},"featured_media":10447,"comment_status":"open","ping_status":"closed","template":"","meta":[],"product_brand":[],"product_cat":[38,26],"product_tag":[787,770,313],"class_list":{"0":"post-1160","1":"product","2":"type-product","3":"status-publish","4":"has-post-thumbnail","6":"product_cat-duft","7":"product_cat-haushalt","8":"product_tag-entspannend","9":"product_tag-raumduft","10":"product_tag-sandelholz","12":"first","13":"instock","14":"taxable","15":"shipping-taxable","16":"purchasable","17":"product-type-variable","18":"has-default-attributes"},"_links":{"self":[{"href":"https:\/\/blidor.ch\/fr\/wp-json\/wp\/v2\/product\/1160","targetHints":{"allow":["GET"]}}],"collection":[{"href":"https:\/\/blidor.ch\/fr\/wp-json\/wp\/v2\/product"}],"about":[{"href":"https:\/\/blidor.ch\/fr\/wp-json\/wp\/v2\/types\/product"}],"replies":[{"embeddable":true,"href":"https:\/\/blidor.ch\/fr\/wp-json\/wp\/v2\/comments?post=1160"}],"version-history":[{"count":1,"href":"https:\/\/blidor.ch\/fr\/wp-json\/wp\/v2\/product\/1160\/revisions"}],"predecessor-version":[{"id":20740,"href":"https:\/\/blidor.ch\/fr\/wp-json\/wp\/v2\/product\/1160\/revisions\/20740"}],"wp:featuredmedia":[{"embeddable":true,"href":"https:\/\/blidor.ch\/fr\/wp-json\/wp\/v2\/media\/10447"}],"wp:attachment":[{"href":"https:\/\/blidor.ch\/fr\/wp-json\/wp\/v2\/media?parent=1160"}],"wp:term":[{"taxonomy":"product_brand","embeddable":true,"href":"https:\/\/blidor.ch\/fr\/wp-json\/wp\/v2\/product_brand?post=1160"},{"taxonomy":"product_cat","embeddable":true,"href":"https:\/\/blidor.ch\/fr\/wp-json\/wp\/v2\/product_cat?post=1160"},{"taxonomy":"product_tag","embeddable":true,"href":"https:\/\/blidor.ch\/fr\/wp-json\/wp\/v2\/product_tag?post=1160"}],"curies":[{"name":"wp","href":"https:\/\/api.w.org\/{rel}","templated":true}]}}