{"id":1159,"date":"2020-10-19T14:11:17","date_gmt":"2020-10-19T12:11:17","guid":{"rendered":"http:\/\/blidor-webshop-staging.ch.merlin.ch-meta.net\/shop\/import-placeholder-for-1709\/"},"modified":"2023-10-19T13:08:31","modified_gmt":"2023-10-19T11:08:31","slug":"brosse-de-poche-olivier-ovale","status":"publish","type":"product","link":"https:\/\/blidor.ch\/fr\/webshop\/taschenbuerste-olivenholz-oval\/","title":{"rendered":"Brosse de poche ovale en bois d'olivier"},"content":{"rendered":"<h2>Des brosses de haute qualit\u00e9 soignent les cheveux<\/h2>\n<p>Cette brosse est indispensable pour soutenir les soins naturels des cheveux et du cuir chevelu. Les poils de sanglier de qualit\u00e9 sup\u00e9rieure nettoient en douceur les cheveux des salet\u00e9s environnementales et de la poussi\u00e8re. En m\u00eame temps, le s\u00e9bum naturel est r\u00e9parti jusqu'aux pointes, ce qui conf\u00e8re aux cheveux une brillance naturelle et soyeuse. Un brossage r\u00e9gulier stimule le cuir chevelu, le <a href=\"\/fr\/cosmetiques-pour-les-cheveux\/\">Cheveux<\/a> devient plus fournie. Les poils naturels de sanglier emp\u00eachent les cheveux de se charger d'\u00e9lectricit\u00e9 statique.<\/p>\n<h2>Entretenir une brosse \u00e0 cheveux en poils naturels<\/h2>\n<p><strong>Un conseil<\/strong> Nettoyez r\u00e9guli\u00e8rement la brosse. Utilisez pour cela de l'eau dilu\u00e9e. <a href=\"\/fr\/cosmetiques-pour-les-cheveux\/\">Shampooing<\/a>. S\u00e9cher \u00e0 l'air libre, c\u00f4t\u00e9 poils vers le bas.<\/p>","protected":false},"excerpt":{"rendered":"<p>Brosse de poche en bois d'olivier noble et en poils de sanglier de qualit\u00e9 sup\u00e9rieure. Soin et massage agr\u00e9ables pour les cheveux et le cuir chevelu. Id\u00e9ale pour les soins en d\u00e9placement, se glisse parfaitement dans le sac \u00e0 main. Chaque brosse est unique et de tr\u00e8s haute qualit\u00e9.<\/p>","protected":false},"featured_media":1556,"comment_status":"open","ping_status":"closed","template":"","meta":[],"product_brand":[],"product_cat":[82,32],"product_tag":[829,58,828,827],"class_list":{"0":"post-1159","1":"product","2":"type-product","3":"status-publish","4":"has-post-thumbnail","6":"product_cat-accessoires","7":"product_cat-haar","8":"product_tag-haarpflege","9":"product_tag-kosmetik-olivenoel","10":"product_tag-natuerlich","11":"product_tag-taschenbuerste","13":"first","14":"instock","15":"taxable","16":"shipping-taxable","17":"purchasable","18":"product-type-simple"},"_links":{"self":[{"href":"https:\/\/blidor.ch\/fr\/wp-json\/wp\/v2\/product\/1159","targetHints":{"allow":["GET"]}}],"collection":[{"href":"https:\/\/blidor.ch\/fr\/wp-json\/wp\/v2\/product"}],"about":[{"href":"https:\/\/blidor.ch\/fr\/wp-json\/wp\/v2\/types\/product"}],"replies":[{"embeddable":true,"href":"https:\/\/blidor.ch\/fr\/wp-json\/wp\/v2\/comments?post=1159"}],"version-history":[{"count":0,"href":"https:\/\/blidor.ch\/fr\/wp-json\/wp\/v2\/product\/1159\/revisions"}],"wp:featuredmedia":[{"embeddable":true,"href":"https:\/\/blidor.ch\/fr\/wp-json\/wp\/v2\/media\/1556"}],"wp:attachment":[{"href":"https:\/\/blidor.ch\/fr\/wp-json\/wp\/v2\/media?parent=1159"}],"wp:term":[{"taxonomy":"product_brand","embeddable":true,"href":"https:\/\/blidor.ch\/fr\/wp-json\/wp\/v2\/product_brand?post=1159"},{"taxonomy":"product_cat","embeddable":true,"href":"https:\/\/blidor.ch\/fr\/wp-json\/wp\/v2\/product_cat?post=1159"},{"taxonomy":"product_tag","embeddable":true,"href":"https:\/\/blidor.ch\/fr\/wp-json\/wp\/v2\/product_tag?post=1159"}],"curies":[{"name":"wp","href":"https:\/\/api.w.org\/{rel}","templated":true}]}}