{"id":1158,"date":"2020-10-19T14:11:17","date_gmt":"2020-10-19T12:11:17","guid":{"rendered":"http:\/\/blidor-webshop-staging.ch.merlin.ch-meta.net\/shop\/import-placeholder-for-1674\/"},"modified":"2023-10-19T13:10:45","modified_gmt":"2023-10-19T11:10:45","slug":"brosse-de-massage-en-bois-dolivier","status":"publish","type":"product","link":"https:\/\/blidor.ch\/fr\/webshop\/massagebuerste-olivenholz\/","title":{"rendered":"Brosse de massage en bois d'olivier"},"content":{"rendered":"<h2>Rel\u00e2cher les tensions avec des brosses de massage<\/h2>\n<p>Les massages \u00e0 la brosse peuvent avoir les effets les plus divers sur le corps - en fonction de la mani\u00e8re dont vous massez et de la brosse que vous utilisez. Un massage peut avoir un effet tr\u00e8s relaxant ou stimuler la circulation. Massez les zones souhait\u00e9es en exer\u00e7ant une l\u00e9g\u00e8re pression et en effectuant des mouvements circulaires. <a href=\"\/fr\/lotion-pour-le-corps\/\">Parties du corps<\/a>. Ils atteignent les tensions profondes et assouplissent les tissus. Les massages \u00e0 la brosse sont tr\u00e8s efficaces contre la cellulite et peuvent \u00e9galement \u00eatre utilis\u00e9s pour nettoyer la peau.<\/p>\n<h2>Brosse de massage en bois d'olivier de haute qualit\u00e9<\/h2>\n<p>Le site <a href=\"\/fr\/olive\/\">Bois d'olivier<\/a> de cette brosse de massage de haute qualit\u00e9 provient de la r\u00e9gion m\u00e9diterran\u00e9enne europ\u00e9enne et est un bois tr\u00e8s dur avec une veinure particuli\u00e8rement belle. La forte teneur en huile du bois d'olivier le rend en outre hydrofuge, de sorte que <a href=\"\/fr\/olive\/\">Bois d'olivier<\/a> est le meilleur pour une utilisation en milieu humide.<\/p>\n<p class=\"bodytext\"><i>la population :<\/i> Picots en bois v\u00e9ritable, 5 rang\u00e9es. Coussins en caoutchouc naturel.<br \/>\n<i>masse :<\/i> Dimensions : environ 130 x 70 mm.<\/p>\n<p class=\"bodytext\"><strong>Remarque<br \/>\n<\/strong>Ne pas laisser la brosse de massage dans l'eau. Pour nettoyer la brosse, utiliser uniquement de l'eau chaude, pas de l'eau br\u00fblante. Chaque brosse avec coussin en caoutchouc contient un petit trou pour que l'air puisse s'\u00e9chapper lorsqu'on exerce une pression sur la brosse.<\/p>","protected":false},"excerpt":{"rendered":"<p>Brosse de massage en bois d'olivier noble avec de v\u00e9ritables picots en bois. Pour un massage sain en profondeur. Stimule la circulation et l'irrigation sanguine. Chaque brosse est unique et de tr\u00e8s haute qualit\u00e9.<\/p>","protected":false},"featured_media":1558,"comment_status":"open","ping_status":"closed","template":"","meta":[],"product_brand":[],"product_cat":[82,35],"product_tag":[833,58,830,832,831],"class_list":{"0":"post-1158","1":"product","2":"type-product","3":"status-publish","4":"has-post-thumbnail","6":"product_cat-accessoires","7":"product_cat-koerper","8":"product_tag-buerste","9":"product_tag-kosmetik-olivenoel","10":"product_tag-massage","11":"product_tag-massagebuerste","12":"product_tag-olivenholz","14":"first","15":"instock","16":"taxable","17":"shipping-taxable","18":"purchasable","19":"product-type-simple"},"_links":{"self":[{"href":"https:\/\/blidor.ch\/fr\/wp-json\/wp\/v2\/product\/1158","targetHints":{"allow":["GET"]}}],"collection":[{"href":"https:\/\/blidor.ch\/fr\/wp-json\/wp\/v2\/product"}],"about":[{"href":"https:\/\/blidor.ch\/fr\/wp-json\/wp\/v2\/types\/product"}],"replies":[{"embeddable":true,"href":"https:\/\/blidor.ch\/fr\/wp-json\/wp\/v2\/comments?post=1158"}],"version-history":[{"count":0,"href":"https:\/\/blidor.ch\/fr\/wp-json\/wp\/v2\/product\/1158\/revisions"}],"wp:featuredmedia":[{"embeddable":true,"href":"https:\/\/blidor.ch\/fr\/wp-json\/wp\/v2\/media\/1558"}],"wp:attachment":[{"href":"https:\/\/blidor.ch\/fr\/wp-json\/wp\/v2\/media?parent=1158"}],"wp:term":[{"taxonomy":"product_brand","embeddable":true,"href":"https:\/\/blidor.ch\/fr\/wp-json\/wp\/v2\/product_brand?post=1158"},{"taxonomy":"product_cat","embeddable":true,"href":"https:\/\/blidor.ch\/fr\/wp-json\/wp\/v2\/product_cat?post=1158"},{"taxonomy":"product_tag","embeddable":true,"href":"https:\/\/blidor.ch\/fr\/wp-json\/wp\/v2\/product_tag?post=1158"}],"curies":[{"name":"wp","href":"https:\/\/api.w.org\/{rel}","templated":true}]}}