{"id":1157,"date":"2020-10-19T14:11:17","date_gmt":"2020-10-19T12:11:17","guid":{"rendered":"http:\/\/blidor-webshop-staging.ch.merlin.ch-meta.net\/shop\/import-placeholder-for-1706\/"},"modified":"2026-04-22T22:23:39","modified_gmt":"2026-04-22T20:23:39","slug":"shampooing-au-tea-tree","status":"publish","type":"product","link":"https:\/\/blidor.ch\/fr\/webshop\/shampoo-teebaum\/","title":{"rendered":"Shampooing \u00e0 l'huile d'arbre \u00e0 th\u00e9"},"content":{"rendered":"<h2>Shampooing \u00e0 l'huile d'arbre \u00e0 th\u00e9<\/h2>\n<p>Le shampooing avec <a href=\"\/fr\/arbre-a-the\/\">Huile d'arbre \u00e0 th\u00e9<\/a> est enrichi de pur lait de vache australien. <a href=\"\/fr\/arbre-a-the\/\">Huile d'arbre \u00e0 th\u00e9<\/a>. Il a un effet apaisant en cas de pellicules et de cuir chevelu irrit\u00e9, mais donne n\u00e9anmoins du peps et de la l\u00e9g\u00e8ret\u00e9 aux cheveux et ne les dess\u00e8che pas. Temps de pose id\u00e9al : 3 \u00e0 5 minutes.<\/p>\n<h2>Huile d'arbre \u00e0 th\u00e9 pour le cuir chevelu<\/h2>\n<p>Notre <a href=\"\/fr\/arbre-a-the\/\">Huile d'arbre \u00e0 th\u00e9<\/a> pour le cuir chevelu donne une mousse l\u00e9g\u00e8re et bien parfum\u00e9e. Nous ne soignons pas seulement notre cuir chevelu et nos cheveux avec la pr\u00e9cieuse huile d'arbre \u00e0 th\u00e9 australienne, nous proposons \u00e9galement d'autres produits comme le <a href=\"\/fr\/boutique-en-ligne\/gel-douche-tea-tree\/\">Gel douche Arbre \u00e0 th\u00e9<\/a>, <a href=\"\/fr\/boutique-en-ligne\/huile-pour-la-peau-tea-tree-10-ml\/\">Huile pour la peau Arbre \u00e0 th\u00e9<\/a>, <a href=\"\/fr\/boutique-en-ligne\/deodorant-a-base-de-the\/\">D\u00e9odorant \u00e0 l'arbre \u00e0 th\u00e9<\/a>, ainsi qu'un <a href=\"\/fr\/boutique-en-ligne\/baume-tea-tree\/\">Baume \u00e0 l'arbre \u00e0 th\u00e9<\/a>.<\/p>\n<p>Le site <a href=\"\/fr\/arbre-a-the\/\">Huile d'arbre \u00e0 th\u00e9<\/a> est une substance lipophile liquide obtenue par distillation des feuilles et des branches de l'arbre \u00e0 th\u00e9 australien ou d'autres esp\u00e8ces d'arbres \u00e0 th\u00e9. Les aborig\u00e8nes australiens utilisaient un <a href=\"\/fr\/arbre-a-the\/\">Extrait d'huile d'arbre \u00e0 th\u00e9<\/a> en cas d'infections cutan\u00e9es, de rhumes, d'inflammations des gencives ou contre les piq\u00fbres d'insectes. Aujourd'hui encore, l'huile d'arbre \u00e0 th\u00e9 est consid\u00e9r\u00e9e comme un produit naturel efficace et est utilis\u00e9e contre l'acn\u00e9, l'ecz\u00e9ma, les infections cutan\u00e9es et les verrues.<\/p>\n<p>&nbsp;<\/p>","protected":false},"excerpt":{"rendered":"<p>Le shampooing \u00e0 l'huile d'arbre \u00e0 th\u00e9 a un effet apaisant et revitalisant. L'huile d'arbre \u00e0 th\u00e9 est bienfaisante et convient au lavage quotidien et en douceur des cheveux.<\/p>","protected":false},"featured_media":15122,"comment_status":"open","ping_status":"closed","template":"","meta":[],"product_brand":[],"product_cat":[32,30],"product_tag":[685,684,64,67,68,622],"class_list":{"0":"post-1157","1":"product","2":"type-product","3":"status-publish","4":"has-post-thumbnail","6":"product_cat-haar","7":"product_cat-kosmetik","8":"product_tag-beruhigend","9":"product_tag-gegen-schuppen","10":"product_tag-kosmetik-teebaumoel","11":"product_tag-shampoo-ohne-mikroplastik","12":"product_tag-shampoo-ohne-silikon","13":"product_tag-teebaumoel","15":"first","16":"instock","17":"taxable","18":"shipping-taxable","19":"purchasable","20":"product-type-simple"},"_links":{"self":[{"href":"https:\/\/blidor.ch\/fr\/wp-json\/wp\/v2\/product\/1157","targetHints":{"allow":["GET"]}}],"collection":[{"href":"https:\/\/blidor.ch\/fr\/wp-json\/wp\/v2\/product"}],"about":[{"href":"https:\/\/blidor.ch\/fr\/wp-json\/wp\/v2\/types\/product"}],"replies":[{"embeddable":true,"href":"https:\/\/blidor.ch\/fr\/wp-json\/wp\/v2\/comments?post=1157"}],"version-history":[{"count":0,"href":"https:\/\/blidor.ch\/fr\/wp-json\/wp\/v2\/product\/1157\/revisions"}],"wp:featuredmedia":[{"embeddable":true,"href":"https:\/\/blidor.ch\/fr\/wp-json\/wp\/v2\/media\/15122"}],"wp:attachment":[{"href":"https:\/\/blidor.ch\/fr\/wp-json\/wp\/v2\/media?parent=1157"}],"wp:term":[{"taxonomy":"product_brand","embeddable":true,"href":"https:\/\/blidor.ch\/fr\/wp-json\/wp\/v2\/product_brand?post=1157"},{"taxonomy":"product_cat","embeddable":true,"href":"https:\/\/blidor.ch\/fr\/wp-json\/wp\/v2\/product_cat?post=1157"},{"taxonomy":"product_tag","embeddable":true,"href":"https:\/\/blidor.ch\/fr\/wp-json\/wp\/v2\/product_tag?post=1157"}],"curies":[{"name":"wp","href":"https:\/\/api.w.org\/{rel}","templated":true}]}}