{"id":1139,"date":"2020-10-19T14:10:57","date_gmt":"2020-10-19T12:10:57","guid":{"rendered":"http:\/\/blidor-webshop-staging.ch.merlin.ch-meta.net\/shop\/import-placeholder-for-1683\/"},"modified":"2024-07-01T14:50:17","modified_gmt":"2024-07-01T12:50:17","slug":"shampooing-fleur-de-souci","status":"publish","type":"product","link":"https:\/\/blidor.ch\/fr\/webshop\/shampoo-ringelblume\/","title":{"rendered":"Shampooing au calendula"},"content":{"rendered":"<h2>Acheter le shampooing Calendula<\/h2>\n<p>Le site <a href=\"\/fr\/marguerite\/\">Souci des jardins<\/a> Le shampooing soigne intensivement les cheveux et leur conf\u00e8re une brillance soyeuse. Il nettoie les cheveux en douceur et apaise le cuir chevelu sensible. Le shampooing avec <a href=\"\/fr\/marguerite\/\">Extrait de calendula<\/a> r\u00e9g\u00e9n\u00e8re la structure des cheveux et les rend sensiblement plus souples. Convient particuli\u00e8rement aux cheveux qui regraissent rapidement. Appliquer le shampooing au calendula en massant d\u00e9licatement et rincer abondamment.<\/p>\n<h2>Souci gu\u00e9risseur<\/h2>\n<p>Le site <a href=\"\/fr\/marguerite\/\">Souci des jardins<\/a> (Calendula officinalis L.) fait partie de la famille des compos\u00e9es et est probablement originaire du bassin m\u00e9diterran\u00e9en. En usage externe, elle est surtout utilis\u00e9e pour soigner les inflammations cutan\u00e9es et les plaies qui gu\u00e9rissent mal. Autrefois, les paysans utilisaient la <a href=\"\/fr\/marguerite\/\">Souci des jardins<\/a>pour pr\u00e9voir la m\u00e9t\u00e9o du jour. Si les fleurs \u00e9taient ouvertes avant 7 heures, le temps promettait d'\u00eatre beau, sinon il fallait s'attendre \u00e0 de la pluie.<\/p>\n<h2>Propri\u00e9t\u00e9s et effets<\/h2>\n<ul>\n<li>Pr\u00e9cieux <a href=\"\/fr\/marguerite\/\">Extrait de calendula<\/a> pour cuir chevelu sensible et irrit\u00e9<\/li>\n<li>Laisse une sensation de bien-\u00eatre durable<\/li>\n<li>Anti-graisse et parfum agr\u00e9able pour vos cheveux<\/li>\n<\/ul>","protected":false},"excerpt":{"rendered":"<p>Le shampooing Calendula r\u00e9pond aux besoins sp\u00e9cifiques des cheveux affaiblis et sur-soign\u00e9s. Des substances actives v\u00e9g\u00e9tales revitalisantes nettoient avec une extr\u00eame douceur et apportent brillance, fra\u00eecheur et volume.<\/p>","protected":false},"featured_media":20187,"comment_status":"open","ping_status":"closed","template":"","meta":[],"product_brand":[],"product_cat":[32,30],"product_tag":[],"class_list":{"0":"post-1139","1":"product","2":"type-product","3":"status-publish","4":"has-post-thumbnail","6":"product_cat-haar","7":"product_cat-kosmetik","9":"first","10":"instock","11":"taxable","12":"shipping-taxable","13":"purchasable","14":"product-type-variable","15":"has-default-attributes"},"_links":{"self":[{"href":"https:\/\/blidor.ch\/fr\/wp-json\/wp\/v2\/product\/1139","targetHints":{"allow":["GET"]}}],"collection":[{"href":"https:\/\/blidor.ch\/fr\/wp-json\/wp\/v2\/product"}],"about":[{"href":"https:\/\/blidor.ch\/fr\/wp-json\/wp\/v2\/types\/product"}],"replies":[{"embeddable":true,"href":"https:\/\/blidor.ch\/fr\/wp-json\/wp\/v2\/comments?post=1139"}],"version-history":[{"count":2,"href":"https:\/\/blidor.ch\/fr\/wp-json\/wp\/v2\/product\/1139\/revisions"}],"predecessor-version":[{"id":20207,"href":"https:\/\/blidor.ch\/fr\/wp-json\/wp\/v2\/product\/1139\/revisions\/20207"}],"wp:featuredmedia":[{"embeddable":true,"href":"https:\/\/blidor.ch\/fr\/wp-json\/wp\/v2\/media\/20187"}],"wp:attachment":[{"href":"https:\/\/blidor.ch\/fr\/wp-json\/wp\/v2\/media?parent=1139"}],"wp:term":[{"taxonomy":"product_brand","embeddable":true,"href":"https:\/\/blidor.ch\/fr\/wp-json\/wp\/v2\/product_brand?post=1139"},{"taxonomy":"product_cat","embeddable":true,"href":"https:\/\/blidor.ch\/fr\/wp-json\/wp\/v2\/product_cat?post=1139"},{"taxonomy":"product_tag","embeddable":true,"href":"https:\/\/blidor.ch\/fr\/wp-json\/wp\/v2\/product_tag?post=1139"}],"curies":[{"name":"wp","href":"https:\/\/api.w.org\/{rel}","templated":true}]}}