{"id":1138,"date":"2020-10-19T14:10:57","date_gmt":"2020-10-19T12:10:57","guid":{"rendered":"http:\/\/blidor-webshop-staging.ch.merlin.ch-meta.net\/shop\/import-placeholder-for-1658\/"},"modified":"2023-10-18T16:24:37","modified_gmt":"2023-10-18T14:24:37","slug":"bain-moussant-a-la-fleur-de-tilleul","status":"publish","type":"product","link":"https:\/\/blidor.ch\/fr\/webshop\/schaumbad-lindenblueten\/","title":{"rendered":"Bain moussant Tilleul"},"content":{"rendered":"<h2>Une d\u00e9tente bienfaisante avec <a href=\"\/fr\/bleu-tilleul\/\">Fleurs de tilleul<\/a> Bain moussant<\/h2>\n<p>Le bain moussant au tilleul se caract\u00e9rise par son effet bienfaisant et relaxant. La propri\u00e9t\u00e9 apaisante de la <a href=\"\/fr\/bleu-tilleul\/\">Tilleul<\/a> augmente votre bien-\u00eatre, vous permet de vous reposer en douceur et favorise le sommeil. Une temp\u00e9rature de l'eau de 35 \u00e0 38\u00b0 C permet aux substances actives et aux parfums bienfaisants de se d\u00e9velopper au mieux. L'additif de bain contient des ingr\u00e9dients regraissants qui soignent durablement notre peau. Temps de bain recommand\u00e9 : 10 \u00e0 20 minutes.<\/p>\n<h2>Bio-<a href=\"\/fr\/bleu-tilleul\/\">Fleurs de tilleul<\/a> de la Suisse<\/h2>\n<p>Les extraits de plantes bio utilis\u00e9s pour le bain moussant au tilleul proviennent de cultures suisses.<\/p>","protected":false},"excerpt":{"rendered":"<p>Le bain moussant Tilleul est un soin apaisant \u00e0 l'extrait de tilleul bio. Il est id\u00e9al pour retrouver le calme le soir.<\/p>","protected":false},"featured_media":11037,"comment_status":"open","ping_status":"closed","template":"","meta":[],"product_brand":[],"product_cat":[35,30,305],"product_tag":[66,339],"class_list":{"0":"post-1138","1":"product","2":"type-product","3":"status-publish","4":"has-post-thumbnail","6":"product_cat-koerper","7":"product_cat-kosmetik","8":"product_cat-schaumbad","9":"product_tag-kosmetik-lindenbluete","10":"product_tag-lindenblueten","12":"first","13":"instock","14":"taxable","15":"shipping-taxable","16":"purchasable","17":"product-type-simple"},"_links":{"self":[{"href":"https:\/\/blidor.ch\/fr\/wp-json\/wp\/v2\/product\/1138","targetHints":{"allow":["GET"]}}],"collection":[{"href":"https:\/\/blidor.ch\/fr\/wp-json\/wp\/v2\/product"}],"about":[{"href":"https:\/\/blidor.ch\/fr\/wp-json\/wp\/v2\/types\/product"}],"replies":[{"embeddable":true,"href":"https:\/\/blidor.ch\/fr\/wp-json\/wp\/v2\/comments?post=1138"}],"version-history":[{"count":0,"href":"https:\/\/blidor.ch\/fr\/wp-json\/wp\/v2\/product\/1138\/revisions"}],"wp:featuredmedia":[{"embeddable":true,"href":"https:\/\/blidor.ch\/fr\/wp-json\/wp\/v2\/media\/11037"}],"wp:attachment":[{"href":"https:\/\/blidor.ch\/fr\/wp-json\/wp\/v2\/media?parent=1138"}],"wp:term":[{"taxonomy":"product_brand","embeddable":true,"href":"https:\/\/blidor.ch\/fr\/wp-json\/wp\/v2\/product_brand?post=1138"},{"taxonomy":"product_cat","embeddable":true,"href":"https:\/\/blidor.ch\/fr\/wp-json\/wp\/v2\/product_cat?post=1138"},{"taxonomy":"product_tag","embeddable":true,"href":"https:\/\/blidor.ch\/fr\/wp-json\/wp\/v2\/product_tag?post=1138"}],"curies":[{"name":"wp","href":"https:\/\/api.w.org\/{rel}","templated":true}]}}