{"id":1136,"date":"2020-10-19T14:10:57","date_gmt":"2020-10-19T12:10:57","guid":{"rendered":"http:\/\/blidor-webshop-staging.ch.merlin.ch-meta.net\/shop\/import-placeholder-for-1652\/"},"modified":"2023-11-21T23:31:45","modified_gmt":"2023-11-21T22:31:45","slug":"bain-moussant-a-la-camomille","status":"publish","type":"product","link":"https:\/\/blidor.ch\/fr\/webshop\/schaumbad-kamille\/","title":{"rendered":"Bain \u00e0 la camomille"},"content":{"rendered":"<h2>Apaisant et relaxant - le bain \u00e0 la camomille<\/h2>\n<p>Le bain \u00e0 la camomille assure un bain tout en douceur. Profitez d'un moment de calme et de d\u00e9tente gr\u00e2ce \u00e0 ses effets b\u00e9n\u00e9fiques. Les douces essences de <a href=\"\/fr\/camomille\/\">Camomille<\/a> apaisent la peau et lui procurent un soin optimal. Fabriqu\u00e9 sans huiles essentielles, cet additif de bain \u00e0 la camomille convient \u00e9galement aux peaux sensibles. L'additif de bain \u00e0 l'extrait de fleurs de camomille bio.<\/p>\n<div class=\"elementor-element elementor-element-30e0cf7 elementor-widget elementor-widget-heading\" data-id=\"30e0cf7\" data-element_type=\"widget\" data-widget_type=\"heading.default\">\n<div class=\"elementor-widget-container\">\n<h2 class=\"elementor-heading-title elementor-size-default\"><a href=\"\/fr\/camomille\/\">Camomille<\/a> dans les cosm\u00e9tiques<\/h2>\n<\/div>\n<\/div>\n<p>L'extrait de camomille est un principe actif \u00e9prouv\u00e9 en cosm\u00e9tique, en particulier pour l'usage externe. Il a un effet apaisant et est particuli\u00e8rement bien tol\u00e9r\u00e9 par la peau, ce qui aide les peaux stress\u00e9es et irrit\u00e9es \u00e0 retrouver un aspect plus r\u00e9gulier et plus velout\u00e9. Huiles pour le corps avec <a href=\"\/fr\/camomille\/\">Camomille<\/a> assurent une souplesse particuli\u00e8re de la peau, tandis que le th\u00e9 \u00e0 la camomille utilis\u00e9 dans les bains de vapeur a un effet anti-inflammatoire et anti-irritant.<\/p>","protected":false},"excerpt":{"rendered":"<p>Bain \u00e0 la camomille - l'exp\u00e9rience du bain moussant avec de l'extrait de camomille bio de culture suisse. L'additif pour le bain \u00e0 la camomille apaise ta peau et la soigne en la rendant douce et souple.<\/p>","protected":false},"featured_media":10463,"comment_status":"open","ping_status":"closed","template":"","meta":[],"product_brand":[],"product_cat":[35,30,305],"product_tag":[316,317,315,314,57],"class_list":{"0":"post-1136","1":"product","2":"type-product","3":"status-publish","4":"has-post-thumbnail","6":"product_cat-koerper","7":"product_cat-kosmetik","8":"product_cat-schaumbad","9":"product_tag-badezusatz-kamille","10":"product_tag-kamille","11":"product_tag-kamille-bad","12":"product_tag-kamillenbad","13":"product_tag-kosmetik-kamille","15":"first","16":"instock","17":"taxable","18":"shipping-taxable","19":"purchasable","20":"product-type-variable","21":"has-default-attributes"},"_links":{"self":[{"href":"https:\/\/blidor.ch\/fr\/wp-json\/wp\/v2\/product\/1136","targetHints":{"allow":["GET"]}}],"collection":[{"href":"https:\/\/blidor.ch\/fr\/wp-json\/wp\/v2\/product"}],"about":[{"href":"https:\/\/blidor.ch\/fr\/wp-json\/wp\/v2\/types\/product"}],"replies":[{"embeddable":true,"href":"https:\/\/blidor.ch\/fr\/wp-json\/wp\/v2\/comments?post=1136"}],"version-history":[{"count":0,"href":"https:\/\/blidor.ch\/fr\/wp-json\/wp\/v2\/product\/1136\/revisions"}],"wp:featuredmedia":[{"embeddable":true,"href":"https:\/\/blidor.ch\/fr\/wp-json\/wp\/v2\/media\/10463"}],"wp:attachment":[{"href":"https:\/\/blidor.ch\/fr\/wp-json\/wp\/v2\/media?parent=1136"}],"wp:term":[{"taxonomy":"product_brand","embeddable":true,"href":"https:\/\/blidor.ch\/fr\/wp-json\/wp\/v2\/product_brand?post=1136"},{"taxonomy":"product_cat","embeddable":true,"href":"https:\/\/blidor.ch\/fr\/wp-json\/wp\/v2\/product_cat?post=1136"},{"taxonomy":"product_tag","embeddable":true,"href":"https:\/\/blidor.ch\/fr\/wp-json\/wp\/v2\/product_tag?post=1136"}],"curies":[{"name":"wp","href":"https:\/\/api.w.org\/{rel}","templated":true}]}}