{"id":1135,"date":"2020-10-19T14:10:57","date_gmt":"2020-10-19T12:10:57","guid":{"rendered":"http:\/\/blidor-webshop-staging.ch.merlin.ch-meta.net\/shop\/import-placeholder-for-1703\/"},"modified":"2023-11-15T08:07:23","modified_gmt":"2023-11-15T07:07:23","slug":"shampooing-mauve","status":"publish","type":"product","link":"https:\/\/blidor.ch\/fr\/webshop\/shampoo-malve\/","title":{"rendered":"Shampooing Mauve"},"content":{"rendered":"<h2>R\u00e9g\u00e9n\u00e9rer les cheveux color\u00e9s ab\u00eem\u00e9s avec de la mauve<\/h2>\n<p>Les cheveux color\u00e9s n\u00e9cessitent des soins sp\u00e9cifiques. Pour cela, il est recommand\u00e9 d'utiliser le <a href=\"\/fr\/mauve\/\">Mauve<\/a> Shampooing, car il contient des substances nettoyantes et soignantes sp\u00e9ciales qui sont particuli\u00e8rement b\u00e9n\u00e9fiques pour les cheveux color\u00e9s et leur conf\u00e8rent brillance et tonicit\u00e9. Les substances actives de la mauve stimulent le processus naturel de r\u00e9g\u00e9n\u00e9ration, nourrissent et prot\u00e8gent la structure capillaire jusqu'aux pointes.<\/p>\n<div class=\"elementor-element elementor-element-c0c665e elementor-widget elementor-widget-heading\" data-id=\"c0c665e\" data-element_type=\"widget\" data-widget_type=\"heading.default\">\n<div class=\"elementor-widget-container\">\n<h2 class=\"elementor-heading-title elementor-size-default\"><a href=\"\/fr\/mauve\/\">Mauve<\/a> dans Cosm\u00e9tique<\/h2>\n<\/div>\n<\/div>\n<div class=\"elementor-element elementor-element-efc79ac elementor-widget elementor-widget-text-editor\" data-id=\"efc79ac\" data-element_type=\"widget\" data-widget_type=\"text-editor.default\">\n<div class=\"elementor-widget-container\">\n<p>L'extrait cosm\u00e9tique de fleurs sauvages <a href=\"\/fr\/mauve\/\">Mauve<\/a> utilise \u00e9galement ses mucilages, compos\u00e9s de sucres complexes. Ceux-ci enveloppent d\u00e9licatement la surface de la peau, la prot\u00e8gent des agressions de l'environnement et l'hydratent en formant des hydrocollo\u00efdes.<\/p>\n<p>En raison de ses ingr\u00e9dients apaisants et protecteurs, le <a href=\"\/fr\/mauve\/\">Extrait de mauve<\/a> excellent comme ingr\u00e9dient cosm\u00e9tique pour les peaux irrit\u00e9es, rougies, irritables, enflamm\u00e9es, matures, atopiques ou acn\u00e9iques. Il est tr\u00e8s bien tol\u00e9r\u00e9 et donne un teint d\u00e9tendu, frais et uniforme.<\/p>\n<\/div>\n<\/div>","protected":false},"excerpt":{"rendered":"<p>Le shampooing Mauve offre un soin nourrissant et une protection de la couleur pour les cheveux color\u00e9s. Ses substances de soin douces aident \u00e0 prot\u00e9ger les cheveux color\u00e9s contre la perte de couleur et l'affadissement. La structure du cheveu est prot\u00e9g\u00e9e et nourrie. Il convient \u00e0 tous les types de cheveux et peut \u00eatre utilis\u00e9 quotidiennement.<\/p>","protected":false},"featured_media":18796,"comment_status":"open","ping_status":"closed","template":"","meta":[],"product_brand":[],"product_cat":[32,30],"product_tag":[805,62,329,338,806],"class_list":{"0":"post-1135","1":"product","2":"type-product","3":"status-publish","4":"has-post-thumbnail","6":"product_cat-haar","7":"product_cat-kosmetik","8":"product_tag-coloriertes-haar","9":"product_tag-kosmetik-malve","10":"product_tag-malve","11":"product_tag-shampoo","12":"product_tag-strapaziertes-haar","14":"first","15":"instock","16":"taxable","17":"shipping-taxable","18":"purchasable","19":"product-type-variable","20":"has-default-attributes"},"_links":{"self":[{"href":"https:\/\/blidor.ch\/fr\/wp-json\/wp\/v2\/product\/1135","targetHints":{"allow":["GET"]}}],"collection":[{"href":"https:\/\/blidor.ch\/fr\/wp-json\/wp\/v2\/product"}],"about":[{"href":"https:\/\/blidor.ch\/fr\/wp-json\/wp\/v2\/types\/product"}],"replies":[{"embeddable":true,"href":"https:\/\/blidor.ch\/fr\/wp-json\/wp\/v2\/comments?post=1135"}],"version-history":[{"count":0,"href":"https:\/\/blidor.ch\/fr\/wp-json\/wp\/v2\/product\/1135\/revisions"}],"wp:featuredmedia":[{"embeddable":true,"href":"https:\/\/blidor.ch\/fr\/wp-json\/wp\/v2\/media\/18796"}],"wp:attachment":[{"href":"https:\/\/blidor.ch\/fr\/wp-json\/wp\/v2\/media?parent=1135"}],"wp:term":[{"taxonomy":"product_brand","embeddable":true,"href":"https:\/\/blidor.ch\/fr\/wp-json\/wp\/v2\/product_brand?post=1135"},{"taxonomy":"product_cat","embeddable":true,"href":"https:\/\/blidor.ch\/fr\/wp-json\/wp\/v2\/product_cat?post=1135"},{"taxonomy":"product_tag","embeddable":true,"href":"https:\/\/blidor.ch\/fr\/wp-json\/wp\/v2\/product_tag?post=1135"}],"curies":[{"name":"wp","href":"https:\/\/api.w.org\/{rel}","templated":true}]}}