{"id":1134,"date":"2020-10-19T14:10:57","date_gmt":"2020-10-19T12:10:57","guid":{"rendered":"http:\/\/blidor-webshop-staging.ch.merlin.ch-meta.net\/shop\/import-placeholder-for-1646\/"},"modified":"2023-10-18T16:27:50","modified_gmt":"2023-10-18T14:27:50","slug":"bain-dhuile-a-la-menthe-poivree","status":"publish","type":"product","link":"https:\/\/blidor.ch\/fr\/webshop\/oelbad-pfefferminze\/","title":{"rendered":"Bain d'huile \u00e0 la menthe"},"content":{"rendered":"<h2>Soin vivifiant avec le bain d'huile \u00e0 la menthe poivr\u00e9e<\/h2>\n<p>Le bain d'huile \u00e0 la menthe poivr\u00e9e est particuli\u00e8rement recommand\u00e9 apr\u00e8s un effort physique ou en cas de refroidissement. En tant qu'additif de bain, il d\u00e9veloppe <a href=\"\/fr\/menthe-poivree\/\">Menthe poivr\u00e9e<\/a> un spectre d'action bienfaisant. La formule huileuse est particuli\u00e8rement recommand\u00e9e pour les peaux s\u00e8ches et laisse une sensation agr\u00e9able.<\/p>\n<h2>Application<\/h2>\n<p>Les bains d'huile ne moussent pas et peuvent \u00eatre utilis\u00e9s pour des bains complets ou des bains bouillonnants. Dur\u00e9e de bain recommand\u00e9e : 10 \u00e0 20 minutes.<\/p>\n<div class=\"elementor-element elementor-element-30e0cf7 elementor-widget elementor-widget-heading\" data-id=\"30e0cf7\" data-element_type=\"widget\" data-widget_type=\"heading.default\">\n<div class=\"elementor-widget-container\">\n<h2 class=\"elementor-heading-title elementor-size-default\"><a href=\"\/fr\/menthe-poivree\/\">Menthe poivr\u00e9e<\/a> dans les cosm\u00e9tiques<\/h2>\n<\/div>\n<\/div>\n<div class=\"elementor-element elementor-element-5cf6750 elementor-widget elementor-widget-text-editor\" data-id=\"5cf6750\" data-element_type=\"widget\" data-widget_type=\"text-editor.default\">\n<div class=\"elementor-widget-container\">\n<p><a href=\"\/fr\/menthe-poivree\/\">Menthe poivr\u00e9e<\/a> est un ingr\u00e9dient rafra\u00eechissant et vivifiant dans les soins de la peau. Elle a un effet rafra\u00eechissant qui peut contribuer \u00e0 r\u00e9duire les gonflements et les inflammations et \u00e0 apaiser la peau. La menthe poivr\u00e9e peut \u00e9galement aider \u00e0 traiter l'acn\u00e9 en \u00e9liminant l'exc\u00e8s d'huile et de salet\u00e9 des pores et en nettoyant la peau en profondeur.<\/p>\n<\/div>\n<\/div>","protected":false},"excerpt":{"rendered":"<p>Pr\u00e9parez-vous un bain complet avec l'huile de bain \u00e0 la menthe poivr\u00e9e et vivez un moment de bain rafra\u00eechissant. Les huiles essentielles de menthe se dissolvent dans l'eau chaude du bain et transforment votre bain complet en un r\u00eave de menthe. La menthe n'enrichit pas seulement les aliments et les boissons, elle g\u00e2te \u00e9galement les sens en usage externe. Le bain d'huile \u00e0 la menthe poivr\u00e9e enveloppe votre peau d'un d\u00e9licieux parfum.<\/p>","protected":false},"featured_media":1591,"comment_status":"open","ping_status":"closed","template":"","meta":[],"product_brand":[],"product_cat":[35,30,917],"product_tag":[63,631,635,634],"class_list":{"0":"post-1134","1":"product","2":"type-product","3":"status-publish","4":"has-post-thumbnail","6":"product_cat-koerper","7":"product_cat-kosmetik","8":"product_cat-oelbad","9":"product_tag-kosmetik-pfefferminze","10":"product_tag-oelbad","11":"product_tag-pfefferminzbad","12":"product_tag-wohltuend","14":"first","15":"instock","16":"taxable","17":"shipping-taxable","18":"purchasable","19":"product-type-simple"},"_links":{"self":[{"href":"https:\/\/blidor.ch\/fr\/wp-json\/wp\/v2\/product\/1134","targetHints":{"allow":["GET"]}}],"collection":[{"href":"https:\/\/blidor.ch\/fr\/wp-json\/wp\/v2\/product"}],"about":[{"href":"https:\/\/blidor.ch\/fr\/wp-json\/wp\/v2\/types\/product"}],"replies":[{"embeddable":true,"href":"https:\/\/blidor.ch\/fr\/wp-json\/wp\/v2\/comments?post=1134"}],"version-history":[{"count":0,"href":"https:\/\/blidor.ch\/fr\/wp-json\/wp\/v2\/product\/1134\/revisions"}],"wp:featuredmedia":[{"embeddable":true,"href":"https:\/\/blidor.ch\/fr\/wp-json\/wp\/v2\/media\/1591"}],"wp:attachment":[{"href":"https:\/\/blidor.ch\/fr\/wp-json\/wp\/v2\/media?parent=1134"}],"wp:term":[{"taxonomy":"product_brand","embeddable":true,"href":"https:\/\/blidor.ch\/fr\/wp-json\/wp\/v2\/product_brand?post=1134"},{"taxonomy":"product_cat","embeddable":true,"href":"https:\/\/blidor.ch\/fr\/wp-json\/wp\/v2\/product_cat?post=1134"},{"taxonomy":"product_tag","embeddable":true,"href":"https:\/\/blidor.ch\/fr\/wp-json\/wp\/v2\/product_tag?post=1134"}],"curies":[{"name":"wp","href":"https:\/\/api.w.org\/{rel}","templated":true}]}}