{"id":1133,"date":"2020-10-19T14:10:56","date_gmt":"2020-10-19T12:10:56","guid":{"rendered":"http:\/\/blidor-webshop-staging.ch.merlin.ch-meta.net\/shop\/import-placeholder-for-1751\/"},"modified":"2026-03-09T17:42:51","modified_gmt":"2026-03-09T16:42:51","slug":"savon-olive","status":"publish","type":"product","link":"https:\/\/blidor.ch\/fr\/webshop\/seife-olive\/","title":{"rendered":"Savon \u00e0 l'huile d'olive"},"content":{"rendered":"<h2>Savon \u00e0 l'huile d'olive - Soin r\u00e9g\u00e9n\u00e9rant pour les peaux s\u00e8ches<\/h2>\n<p>Le savon \u00e0 l'huile d'olive est le choix id\u00e9al si vous vous lavez souvent les mains. Ce n'est un secret pour personne que l'huile d'olive est un excellent produit de soin pour une belle peau. Aujourd'hui, on m\u00e9lange <a href=\"\/fr\/olive\/\">Huile d'olive<\/a> de nombreux produits de soin de la peau. Le savon aux olives emp\u00eache le dess\u00e8chement de la peau et nettoie de mani\u00e8re hygi\u00e9nique. Huile pr\u00e9cieuse d'olives m\u00fbries au soleil <a href=\"\/fr\/olive\/\">Olives<\/a> et l'extrait de feuilles d'olivier favorisent le processus naturel de r\u00e9g\u00e9n\u00e9ration de la peau et la rendent plus r\u00e9sistante.<\/p>\n<h2>Savon aux olives - Fabriqu\u00e9 en Suisse<\/h2>\n<p>Pour le savon \u00e0 l'huile d'olive, nous utilisons de l'huile d'olive bio.<a href=\"\/fr\/olive\/\">Extraits de feuilles d'olivier<\/a>. Le savon \u00e0 l'olive se m\u00e9lange bien avec <a href=\"\/fr\/boutique-en-ligne\/creme-pour-les-mains-olive\/\">Cr\u00e8me pour les mains Olive<\/a> combiner avec d'autres produits. Nous proposons \u00e0 cet effet d'autres produits \u00e0 base d'huile d'olive : <a href=\"\/fr\/boutique-en-ligne\/creme-pour-les-pieds-olive\/\">Cr\u00e8me pour les pieds Olive<\/a>, <a href=\"\/fr\/boutique-en-ligne\/bodylotion-olive\/\">Lotion pour le corps Olive<\/a>, <a href=\"\/fr\/boutique-en-ligne\/huile-de-douche-a-lolive\/\">Huile de douche Olive<\/a>, <a href=\"\/fr\/boutique-en-ligne\/shampoo-olive\/\">Shampooing Olive<\/a>, <a href=\"\/fr\/boutique-en-ligne\/creme-de-jour-olive\/\">Cr\u00e8me de jour Olive<\/a> ou encore <a href=\"\/fr\/boutique-en-ligne\/creme-de-nuit-olive\/\">Cr\u00e8me de nuit Olive<\/a>.<\/p>","protected":false},"excerpt":{"rendered":"<p>Le savon \u00e0 l'huile d'olive a un effet r\u00e9g\u00e9n\u00e9rant sur les peaux s\u00e8ches. Il emp\u00eache le dess\u00e8chement de la peau et nettoie de mani\u00e8re hygi\u00e9nique. Gr\u00e2ce \u00e0 l'huile d'olive, la peau sensible des mains est soign\u00e9e.<\/p>","protected":false},"featured_media":10466,"comment_status":"open","ping_status":"closed","template":"","meta":[],"product_brand":[],"product_cat":[34,37],"product_tag":[58],"class_list":{"0":"post-1133","1":"product","2":"type-product","3":"status-publish","4":"has-post-thumbnail","6":"product_cat-hygiene","7":"product_cat-seife","8":"product_tag-kosmetik-olivenoel","10":"first","11":"outofstock","12":"taxable","13":"shipping-taxable","14":"product-type-variable","15":"has-default-attributes"},"_links":{"self":[{"href":"https:\/\/blidor.ch\/fr\/wp-json\/wp\/v2\/product\/1133","targetHints":{"allow":["GET"]}}],"collection":[{"href":"https:\/\/blidor.ch\/fr\/wp-json\/wp\/v2\/product"}],"about":[{"href":"https:\/\/blidor.ch\/fr\/wp-json\/wp\/v2\/types\/product"}],"replies":[{"embeddable":true,"href":"https:\/\/blidor.ch\/fr\/wp-json\/wp\/v2\/comments?post=1133"}],"version-history":[{"count":2,"href":"https:\/\/blidor.ch\/fr\/wp-json\/wp\/v2\/product\/1133\/revisions"}],"predecessor-version":[{"id":20280,"href":"https:\/\/blidor.ch\/fr\/wp-json\/wp\/v2\/product\/1133\/revisions\/20280"}],"wp:featuredmedia":[{"embeddable":true,"href":"https:\/\/blidor.ch\/fr\/wp-json\/wp\/v2\/media\/10466"}],"wp:attachment":[{"href":"https:\/\/blidor.ch\/fr\/wp-json\/wp\/v2\/media?parent=1133"}],"wp:term":[{"taxonomy":"product_brand","embeddable":true,"href":"https:\/\/blidor.ch\/fr\/wp-json\/wp\/v2\/product_brand?post=1133"},{"taxonomy":"product_cat","embeddable":true,"href":"https:\/\/blidor.ch\/fr\/wp-json\/wp\/v2\/product_cat?post=1133"},{"taxonomy":"product_tag","embeddable":true,"href":"https:\/\/blidor.ch\/fr\/wp-json\/wp\/v2\/product_tag?post=1133"}],"curies":[{"name":"wp","href":"https:\/\/api.w.org\/{rel}","templated":true}]}}