{"id":1132,"date":"2020-10-19T14:10:56","date_gmt":"2020-10-19T12:10:56","guid":{"rendered":"http:\/\/blidor-webshop-staging.ch.merlin.ch-meta.net\/shop\/import-placeholder-for-1643\/"},"modified":"2023-11-21T23:32:17","modified_gmt":"2023-11-21T22:32:17","slug":"bain-dhuile-a-la-melisse","status":"publish","type":"product","link":"https:\/\/blidor.ch\/fr\/webshop\/oelbad-melisse\/","title":{"rendered":"Bain d'huile \u00e0 la m\u00e9lisse"},"content":{"rendered":"<h2>Se d\u00e9tendre avec la force de la <a href=\"\/fr\/melisse\/\">M\u00e9lisse<\/a><\/h2>\n<p><a href=\"\/fr\/melisse\/\">M\u00e9lisse<\/a> est connue pour son effet apaisant. Le bain d'huile \u00e0 la m\u00e9lisse a un effet relaxant, apaisant et harmonisant. Il aide le corps \u00e0 se r\u00e9g\u00e9n\u00e9rer du stress quotidien. La teneur \u00e9lev\u00e9e en huile v\u00e9g\u00e9tale prot\u00e8ge la peau du dess\u00e8chement, la soigne et lui laisse une sensation de douceur et de souplesse. Le bain \u00e0 l'huile de m\u00e9lisse a l'avantage d'\u00eatre relipidant, notamment pour les peaux sensibles et s\u00e8ches.<\/p>\n<h2>Application<\/h2>\n<p>Les bains d'huile ne moussent pas et peuvent \u00eatre utilis\u00e9s pour des bains complets ou des bains bouillonnants. Dur\u00e9e de bain recommand\u00e9e : 10 \u00e0 20 minutes.<\/p>","protected":false},"excerpt":{"rendered":"<p>Soin apaisant aux huiles essentielles et \u00e0 l'extrait de m\u00e9lisse bio de culture suisse. En raison de son effet favorisant le sommeil, un bain \u00e0 la m\u00e9lisse est particuli\u00e8rement recommand\u00e9 le soir.<\/p>","protected":false},"featured_media":1592,"comment_status":"open","ping_status":"closed","template":"","meta":[],"product_brand":[],"product_cat":[35,30,917],"product_tag":[632,630,631,633],"class_list":{"0":"post-1132","1":"product","2":"type-product","3":"status-publish","4":"has-post-thumbnail","6":"product_cat-koerper","7":"product_cat-kosmetik","8":"product_cat-oelbad","9":"product_tag-melisse","10":"product_tag-melissenbad","11":"product_tag-oelbad","12":"product_tag-rueckfettend","14":"first","15":"instock","16":"taxable","17":"shipping-taxable","18":"purchasable","19":"product-type-variable","20":"has-default-attributes"},"_links":{"self":[{"href":"https:\/\/blidor.ch\/fr\/wp-json\/wp\/v2\/product\/1132","targetHints":{"allow":["GET"]}}],"collection":[{"href":"https:\/\/blidor.ch\/fr\/wp-json\/wp\/v2\/product"}],"about":[{"href":"https:\/\/blidor.ch\/fr\/wp-json\/wp\/v2\/types\/product"}],"replies":[{"embeddable":true,"href":"https:\/\/blidor.ch\/fr\/wp-json\/wp\/v2\/comments?post=1132"}],"version-history":[{"count":0,"href":"https:\/\/blidor.ch\/fr\/wp-json\/wp\/v2\/product\/1132\/revisions"}],"wp:featuredmedia":[{"embeddable":true,"href":"https:\/\/blidor.ch\/fr\/wp-json\/wp\/v2\/media\/1592"}],"wp:attachment":[{"href":"https:\/\/blidor.ch\/fr\/wp-json\/wp\/v2\/media?parent=1132"}],"wp:term":[{"taxonomy":"product_brand","embeddable":true,"href":"https:\/\/blidor.ch\/fr\/wp-json\/wp\/v2\/product_brand?post=1132"},{"taxonomy":"product_cat","embeddable":true,"href":"https:\/\/blidor.ch\/fr\/wp-json\/wp\/v2\/product_cat?post=1132"},{"taxonomy":"product_tag","embeddable":true,"href":"https:\/\/blidor.ch\/fr\/wp-json\/wp\/v2\/product_tag?post=1132"}],"curies":[{"name":"wp","href":"https:\/\/api.w.org\/{rel}","templated":true}]}}