{"id":1131,"date":"2020-10-19T14:10:56","date_gmt":"2020-10-19T12:10:56","guid":{"rendered":"http:\/\/blidor-webshop-staging.ch.merlin.ch-meta.net\/shop\/import-placeholder-for-1637\/"},"modified":"2024-08-08T03:42:41","modified_gmt":"2024-08-08T01:42:41","slug":"gel-douche-fleur-de-souci","status":"publish","type":"product","link":"https:\/\/blidor.ch\/fr\/webshop\/duschgel-ringelblume\/","title":{"rendered":"Gel douche Calendula"},"content":{"rendered":"<h2>Avec <a href=\"\/fr\/marguerite\/\">Souci des jardins<\/a> soigner la peau s\u00e8che<\/h2>\n<p>Le gel douche hydratant au calendula nettoie de mani\u00e8re particuli\u00e8rement douce et d\u00e9licate. Gr\u00e2ce \u00e0 sa teneur en extrait naturel de calendula, le gel douche est particuli\u00e8rement adapt\u00e9 aux peaux sensibles, s\u00e8ches et ab\u00eem\u00e9es. L'effet r\u00e9g\u00e9n\u00e9rant de la <a href=\"\/fr\/marguerite\/\">Souci des jardins<\/a> peut d\u00e9ployer toute sa force dans ce gel douche. L'extrait de calendula revitalise les fonctions protectrices naturelles et rend votre peau plus fra\u00eeche et plus jeune. Le gel douche au calendula a un parfum agr\u00e9able et assure une fra\u00eecheur durable.<\/p>\n<h2 class=\"elementor-heading-title elementor-size-default\">Le calendula en cosm\u00e9tique<\/h2>\n<p>Parmi les herbes et fleurs m\u00e9dicinales, la <a href=\"\/fr\/marguerite\/\">Souci des jardins<\/a> l'un des \"gu\u00e9risseurs de peau\" les plus efficaces en cosm\u00e9tique naturelle. Elle renforce les tissus et est donc utilis\u00e9e pour la cicatrisation des plaies et les maladies de la peau. <a href=\"\/fr\/marguerite\/\">Souci des jardins<\/a> est intens\u00e9ment nourrissante et peut r\u00e9parer les zones rugueuses et fissur\u00e9es. Il favorise et am\u00e9liore la cicatrisation des plaies et soutient la formation de nouveaux tissus cutan\u00e9s. En cas d'ecz\u00e9ma, de peau impure, de boutons ou de verrues, une pommade ou une cr\u00e8me \u00e0 base de calendula constitue une aide efficace.<\/p>","protected":false},"excerpt":{"rendered":"<p>Le gel douche Calendula nettoie particuli\u00e8rement en douceur et r\u00e9g\u00e9n\u00e8re la peau d\u00e8s la douche. Son parfum agr\u00e9able dure longtemps. Profitez chaque jour de l'effet revitalisant de ce gel douche doux pour la peau.<\/p>","protected":false},"featured_media":1580,"comment_status":"open","ping_status":"closed","template":"","meta":[],"product_brand":[],"product_cat":[918,35,30],"product_tag":[626,625,65,627,623],"class_list":{"0":"post-1131","1":"product","2":"type-product","3":"status-publish","4":"has-post-thumbnail","6":"product_cat-duschmittel","7":"product_cat-koerper","8":"product_cat-kosmetik","9":"product_tag-empfindliche-haut","10":"product_tag-feuchtigkeitsspendend","11":"product_tag-kosmetik-ringelblume","12":"product_tag-strapazierte-haut","13":"product_tag-trockene-haut","15":"first","16":"instock","17":"taxable","18":"shipping-taxable","19":"purchasable","20":"product-type-simple"},"_links":{"self":[{"href":"https:\/\/blidor.ch\/fr\/wp-json\/wp\/v2\/product\/1131","targetHints":{"allow":["GET"]}}],"collection":[{"href":"https:\/\/blidor.ch\/fr\/wp-json\/wp\/v2\/product"}],"about":[{"href":"https:\/\/blidor.ch\/fr\/wp-json\/wp\/v2\/types\/product"}],"replies":[{"embeddable":true,"href":"https:\/\/blidor.ch\/fr\/wp-json\/wp\/v2\/comments?post=1131"}],"version-history":[{"count":0,"href":"https:\/\/blidor.ch\/fr\/wp-json\/wp\/v2\/product\/1131\/revisions"}],"wp:featuredmedia":[{"embeddable":true,"href":"https:\/\/blidor.ch\/fr\/wp-json\/wp\/v2\/media\/1580"}],"wp:attachment":[{"href":"https:\/\/blidor.ch\/fr\/wp-json\/wp\/v2\/media?parent=1131"}],"wp:term":[{"taxonomy":"product_brand","embeddable":true,"href":"https:\/\/blidor.ch\/fr\/wp-json\/wp\/v2\/product_brand?post=1131"},{"taxonomy":"product_cat","embeddable":true,"href":"https:\/\/blidor.ch\/fr\/wp-json\/wp\/v2\/product_cat?post=1131"},{"taxonomy":"product_tag","embeddable":true,"href":"https:\/\/blidor.ch\/fr\/wp-json\/wp\/v2\/product_tag?post=1131"}],"curies":[{"name":"wp","href":"https:\/\/api.w.org\/{rel}","templated":true}]}}