{"id":1129,"date":"2020-10-19T14:10:56","date_gmt":"2020-10-19T12:10:56","guid":{"rendered":"http:\/\/blidor-webshop-staging.ch.merlin.ch-meta.net\/shop\/import-placeholder-for-1697\/"},"modified":"2023-10-18T20:49:53","modified_gmt":"2023-10-18T18:49:53","slug":"shampooing-bleuet","status":"publish","type":"product","link":"https:\/\/blidor.ch\/fr\/webshop\/shampoo-kornblume\/","title":{"rendered":"Shampooing au bleuet"},"content":{"rendered":"<h2>De beaux cheveux gris et blancs \u00e9clatants sans reflets jaunes<\/h2>\n<p>Le shampooing sp\u00e9cial doux avec <a href=\"\/fr\/bleuet\/\">Extrait de bleuet<\/a>Le m\u00e9lange d'huile d'olive, de guar et de prot\u00e9ines neutralise les reflets jaunes des cheveux gris. Il renforce la brillance des cheveux et donne des reflets l\u00e9g\u00e8rement argent\u00e9s et lumineux. Les cheveux semblent plus nourris. La formule douce pour la peau mousse facilement et laisse une sensation agr\u00e9able et des cheveux doux comme du velours.<\/p>\n<h2>L'extrait de bleuet, force et po\u00e9sie<\/h2>\n<p>Soin harmonisant avec <a href=\"\/fr\/bleuet\/\">Extrait de bleuet<\/a>. Le site <a href=\"\/fr\/bleuet\/\">Bleuet<\/a> (Centaurea cyanus) appartient au genre des flocons de fleurs. Elle est \u00e9galement appel\u00e9e cyane en raison de ses remarquables fleurs bleu clair. En anglais, on parle de <a href=\"\/fr\/bleuet\/\">Bleuets<\/a> \u00e9galement appel\u00e9s \"bachelor's buttons\", car une fois cueillis, ils restent beaux pendant longtemps, m\u00eame sans eau ni lumi\u00e8re du soleil. Le bleuet est synonyme de romantisme et d'\u00e9l\u00e9gance - c'est aussi un motif appr\u00e9ci\u00e9 des po\u00e8tes et des peintres. En raison de la richesse de son nectar, la fleur du bleuet est \u00e9galement souvent visit\u00e9e par les insectes. On attribue au bleuet des propri\u00e9t\u00e9s anti-inflammatoires.<\/p>\n<h2>Voici comment agit le shampooing au bleuet<\/h2>\n<ul>\n<li>nettoie en douceur et pr\u00e9vient la formation de pellicules<\/li>\n<li>Le bleuet neutralise les reflets jaunes des cheveux gris<\/li>\n<li>laisse une sensation agr\u00e9able et des cheveux doux comme du velours<\/li>\n<\/ul>","protected":false},"excerpt":{"rendered":"<p>Le shampooing bleuet neutralise les reflets jaunes des cheveux blancs et gris. Apr\u00e8s quelques applications, la diff\u00e9rence est visible.<\/p>","protected":false},"featured_media":11045,"comment_status":"open","ping_status":"closed","template":"","meta":[],"product_brand":[],"product_cat":[32,30],"product_tag":[342,67],"class_list":{"0":"post-1129","1":"product","2":"type-product","3":"status-publish","4":"has-post-thumbnail","6":"product_cat-haar","7":"product_cat-kosmetik","8":"product_tag-kornblume-gelb","9":"product_tag-shampoo-ohne-mikroplastik","11":"first","12":"instock","13":"taxable","14":"shipping-taxable","15":"purchasable","16":"product-type-simple"},"_links":{"self":[{"href":"https:\/\/blidor.ch\/fr\/wp-json\/wp\/v2\/product\/1129","targetHints":{"allow":["GET"]}}],"collection":[{"href":"https:\/\/blidor.ch\/fr\/wp-json\/wp\/v2\/product"}],"about":[{"href":"https:\/\/blidor.ch\/fr\/wp-json\/wp\/v2\/types\/product"}],"replies":[{"embeddable":true,"href":"https:\/\/blidor.ch\/fr\/wp-json\/wp\/v2\/comments?post=1129"}],"version-history":[{"count":0,"href":"https:\/\/blidor.ch\/fr\/wp-json\/wp\/v2\/product\/1129\/revisions"}],"wp:featuredmedia":[{"embeddable":true,"href":"https:\/\/blidor.ch\/fr\/wp-json\/wp\/v2\/media\/11045"}],"wp:attachment":[{"href":"https:\/\/blidor.ch\/fr\/wp-json\/wp\/v2\/media?parent=1129"}],"wp:term":[{"taxonomy":"product_brand","embeddable":true,"href":"https:\/\/blidor.ch\/fr\/wp-json\/wp\/v2\/product_brand?post=1129"},{"taxonomy":"product_cat","embeddable":true,"href":"https:\/\/blidor.ch\/fr\/wp-json\/wp\/v2\/product_cat?post=1129"},{"taxonomy":"product_tag","embeddable":true,"href":"https:\/\/blidor.ch\/fr\/wp-json\/wp\/v2\/product_tag?post=1129"}],"curies":[{"name":"wp","href":"https:\/\/api.w.org\/{rel}","templated":true}]}}