{"id":1128,"date":"2020-10-19T14:10:56","date_gmt":"2020-10-19T12:10:56","guid":{"rendered":"http:\/\/blidor-webshop-staging.ch.merlin.ch-meta.net\/shop\/import-placeholder-for-1655\/"},"modified":"2023-11-21T23:30:35","modified_gmt":"2023-11-21T22:30:35","slug":"bain-moussant-chataigne","status":"publish","type":"product","link":"https:\/\/blidor.ch\/fr\/webshop\/schaumbad-kastanie\/","title":{"rendered":"Bain moussant Marron d'Inde"},"content":{"rendered":"<h2>Acheter Bain Moussant Marron d'Inde pour un repos vivifiant<\/h2>\n<p>Lorsque nos membres se sentent fatigu\u00e9s, l\u00e9g\u00e8rement fourbus ou gonfl\u00e9s, tu peux acheter un bain moussant \u00e0 l'extrait de marron d'Inde bio. Le complexe de substances actives du <a href=\"\/fr\/chataignier\/\">Marron d'Inde<\/a> est utilis\u00e9 pour son effet vitalisant. La substance douce du bain est exempte d'huiles essentielles et convient \u00e0 tous les types de peau. Elle offre un repos vivifiant et un plaisir de bain rafra\u00eechissant.<\/p>\n<h2>Acheter des cosm\u00e9tiques naturels \u00e0 l'extrait de marron d'Inde<\/h2>\n<p>Dans notre bain moussant \u00e0 la ch\u00e2taigne, nous avons utilis\u00e9 des extraits de marron d'Inde bio.<\/p>\n<h2><a href=\"\/fr\/chataignier\/\">Marron d'Inde<\/a> dans les cosm\u00e9tiques<\/h2>\n<p>Le site <a href=\"\/fr\/chataignier\/\">Marron d'Inde<\/a> (Aesculus hippocastanum L.) fait partie de la famille des savonniers. On voit souvent des ch\u00e2taigniers dans les all\u00e9es et les parcs, o\u00f9 ils servent d'ombrage. Pendant la p\u00e9riode de floraison, d'avril \u00e0 mai, de nombreuses inflorescences dress\u00e9es se forment et brillent comme des bougies. En automne, les fruits de la capsule h\u00e9riss\u00e9s de piquants tombent au sol avec leurs grosses graines (ch\u00e2taignes) d'un brun rouge\u00e2tre brillant.<\/p>\n<p>Le complexe de substances actives du marron d'Inde renforce les vaisseaux sanguins, att\u00e9nue les gonflements et a un effet positif sur la circulation.<\/p>","protected":false},"excerpt":{"rendered":"<p>Le bain moussant Ch\u00e2taigne est un bain de bien-\u00eatre vitalisant et harmonisant. Sa formule \u00e0 l'extrait de marron d'Inde offre un repos vivifiant et un bain rafra\u00eechissant apr\u00e8s une journ\u00e9e fatigante.<\/p>\n<p>&nbsp;<\/p>","protected":false},"featured_media":10837,"comment_status":"open","ping_status":"closed","template":"","meta":[],"product_brand":[],"product_cat":[35,30,305],"product_tag":[328],"class_list":{"0":"post-1128","1":"product","2":"type-product","3":"status-publish","4":"has-post-thumbnail","6":"product_cat-koerper","7":"product_cat-kosmetik","8":"product_cat-schaumbad","9":"product_tag-rosskastanie","11":"first","12":"instock","13":"taxable","14":"shipping-taxable","15":"purchasable","16":"product-type-variable","17":"has-default-attributes"},"_links":{"self":[{"href":"https:\/\/blidor.ch\/fr\/wp-json\/wp\/v2\/product\/1128","targetHints":{"allow":["GET"]}}],"collection":[{"href":"https:\/\/blidor.ch\/fr\/wp-json\/wp\/v2\/product"}],"about":[{"href":"https:\/\/blidor.ch\/fr\/wp-json\/wp\/v2\/types\/product"}],"replies":[{"embeddable":true,"href":"https:\/\/blidor.ch\/fr\/wp-json\/wp\/v2\/comments?post=1128"}],"version-history":[{"count":0,"href":"https:\/\/blidor.ch\/fr\/wp-json\/wp\/v2\/product\/1128\/revisions"}],"wp:featuredmedia":[{"embeddable":true,"href":"https:\/\/blidor.ch\/fr\/wp-json\/wp\/v2\/media\/10837"}],"wp:attachment":[{"href":"https:\/\/blidor.ch\/fr\/wp-json\/wp\/v2\/media?parent=1128"}],"wp:term":[{"taxonomy":"product_brand","embeddable":true,"href":"https:\/\/blidor.ch\/fr\/wp-json\/wp\/v2\/product_brand?post=1128"},{"taxonomy":"product_cat","embeddable":true,"href":"https:\/\/blidor.ch\/fr\/wp-json\/wp\/v2\/product_cat?post=1128"},{"taxonomy":"product_tag","embeddable":true,"href":"https:\/\/blidor.ch\/fr\/wp-json\/wp\/v2\/product_tag?post=1128"}],"curies":[{"name":"wp","href":"https:\/\/api.w.org\/{rel}","templated":true}]}}