{"id":1127,"date":"2020-10-19T14:10:56","date_gmt":"2020-10-19T12:10:56","guid":{"rendered":"http:\/\/blidor-webshop-staging.ch.merlin.ch-meta.net\/shop\/import-placeholder-for-1677\/"},"modified":"2026-02-07T15:33:00","modified_gmt":"2026-02-07T14:33:00","slug":"spray-menthe-poivree","status":"publish","type":"product","link":"https:\/\/blidor.ch\/fr\/webshop\/spray-pfefferminze\/","title":{"rendered":"Spray \u00e0 la menthe"},"content":{"rendered":"<h2>Spray \u00e0 la menthe<\/h2>\n<p>Le site <a href=\"\/fr\/menthe-poivree\/\">Huile de menthe poivr\u00e9e<\/a> Spray cr\u00e9e un environnement vivifiant gr\u00e2ce \u00e0 la combinaison de substances actives d'huiles essentielles purement v\u00e9g\u00e9tales comme l'eucalyptus, le pin, le romarin, l'\u00e9pic\u00e9a, <a href=\"\/fr\/sauge\/\">Sauge<\/a> et de la menthe poivr\u00e9e. Le site <a href=\"\/fr\/menthe-poivree\/\">Huile de menthe poivr\u00e9e<\/a> dans le spray est donc en excellente compagnie et la combinaison d'herbes conf\u00e8re aux pi\u00e8ces un parfum agr\u00e9able.<\/p>\n<h3>Conseil en cas de rhume<\/h3>\n<p>Vaporisez le spray d'huile de menthe poivr\u00e9e sur un mouchoir et respirez son parfum lib\u00e9rateur.<\/p>\n<h3>Application<\/h3>\n<p>Ne pas vaporiser directement sur la peau, les yeux ou les muqueuses, car cela peut provoquer des irritations.<\/p>\n<h2>Propri\u00e9t\u00e9s et effets<\/h2>\n<ul>\n<li><a href=\"\/fr\/menthe-poivree\/\">Extrait de menthe poivr\u00e9e<\/a> a un effet vivifiant<\/li>\n<li>Compl\u00e9t\u00e9 par de l'eucalyptus pour une respiration lib\u00e9r\u00e9e (en cas de rhume)<\/li>\n<li>L'huile d'aiguilles de pin bienfaisante soulage les voies respiratoires (en cas de rhume)<\/li>\n<li>L'huile de romarin pure apaise et arrondit les angles<\/li>\n<li>Composition de haute qualit\u00e9 d'huiles essentielles v\u00e9g\u00e9tales pour vos voies respiratoires<\/li>\n<\/ul>\n<h2>Le pouvoir de la menthe poivr\u00e9e<\/h2>\n<p>Le site <a href=\"\/fr\/menthe-poivree\/\">Menthe poivr\u00e9e<\/a> (Mentha piperita L.), nomm\u00e9e ainsi en raison de son go\u00fbt poivr\u00e9 et rafra\u00eechissant, appartient au genre de la menthe et \u00e0 la famille des labiac\u00e9es. Les feuilles sont utilis\u00e9es pour les tisanes et la cuisine. L'huile essentielle <a href=\"\/fr\/menthe-poivree\/\">Huile de menthe poivr\u00e9e<\/a> contient du menthol, connu pour son effet stimulant et rafra\u00eechissant.<\/p>","protected":false},"excerpt":{"rendered":"<p>Le spray \u00e0 la menthe poivr\u00e9e tonifie et rafra\u00eechit. Il se compose d'une combinaison de bois parfum\u00e9s et d'\u00e9pices comme la sauge, l'eucalyptus, le pin et la menthe poivr\u00e9e.<\/p>","protected":false},"featured_media":10841,"comment_status":"open","ping_status":"closed","template":"","meta":[],"product_brand":[],"product_cat":[38,26,35,30],"product_tag":[63],"class_list":{"0":"post-1127","1":"product","2":"type-product","3":"status-publish","4":"has-post-thumbnail","6":"product_cat-duft","7":"product_cat-haushalt","8":"product_cat-koerper","9":"product_cat-kosmetik","10":"product_tag-kosmetik-pfefferminze","12":"first","13":"instock","14":"taxable","15":"shipping-taxable","16":"purchasable","17":"product-type-simple"},"_links":{"self":[{"href":"https:\/\/blidor.ch\/fr\/wp-json\/wp\/v2\/product\/1127","targetHints":{"allow":["GET"]}}],"collection":[{"href":"https:\/\/blidor.ch\/fr\/wp-json\/wp\/v2\/product"}],"about":[{"href":"https:\/\/blidor.ch\/fr\/wp-json\/wp\/v2\/types\/product"}],"replies":[{"embeddable":true,"href":"https:\/\/blidor.ch\/fr\/wp-json\/wp\/v2\/comments?post=1127"}],"version-history":[{"count":0,"href":"https:\/\/blidor.ch\/fr\/wp-json\/wp\/v2\/product\/1127\/revisions"}],"wp:featuredmedia":[{"embeddable":true,"href":"https:\/\/blidor.ch\/fr\/wp-json\/wp\/v2\/media\/10841"}],"wp:attachment":[{"href":"https:\/\/blidor.ch\/fr\/wp-json\/wp\/v2\/media?parent=1127"}],"wp:term":[{"taxonomy":"product_brand","embeddable":true,"href":"https:\/\/blidor.ch\/fr\/wp-json\/wp\/v2\/product_brand?post=1127"},{"taxonomy":"product_cat","embeddable":true,"href":"https:\/\/blidor.ch\/fr\/wp-json\/wp\/v2\/product_cat?post=1127"},{"taxonomy":"product_tag","embeddable":true,"href":"https:\/\/blidor.ch\/fr\/wp-json\/wp\/v2\/product_tag?post=1127"}],"curies":[{"name":"wp","href":"https:\/\/api.w.org\/{rel}","templated":true}]}}