{"id":1126,"date":"2020-10-19T14:10:56","date_gmt":"2020-10-19T12:10:56","guid":{"rendered":"http:\/\/blidor-webshop-staging.ch.merlin.ch-meta.net\/shop\/import-placeholder-for-1667\/"},"modified":"2024-06-29T09:50:07","modified_gmt":"2024-06-29T07:50:07","slug":"huile-pour-la-peau-tea-tree-10-ml","status":"publish","type":"product","link":"https:\/\/blidor.ch\/fr\/webshop\/hautoel-teebaum-10-ml\/","title":{"rendered":"Huile d'arbre \u00e0 th\u00e9 (10 ml)"},"content":{"rendered":"<h2>L'huile d'arbre \u00e0 th\u00e9 soulage de nombreux maux<\/h2>\n<p>\u00c9thique <a href=\"\/fr\/arbre-a-the\/\">Huile d'arbre \u00e0 th\u00e9<\/a>\u00a0qualit\u00e9 la plus pure. Elle dispose d'un tr\u00e8s large spectre d'action et peut donc \u00eatre utilis\u00e9e de mani\u00e8re extr\u00eamement polyvalente. L'huile d'arbre \u00e0 th\u00e9 redonne de la souplesse aux peaux s\u00e8ches, ab\u00eem\u00e9es et gerc\u00e9es. <a href=\"\/fr\/arbre-a-the\/\">Huile d'arbre \u00e0 th\u00e9<\/a> est une substance liquide lipophile extraite des feuilles et des branches de l'arbre \u00e0 th\u00e9 australien. Ses huiles essentielles ont un effet b\u00e9n\u00e9fique sur de nombreux troubles. Elle est particuli\u00e8rement utilis\u00e9e dans les soins de la peau. <a href=\"\/fr\/arbre-a-the\/\">Huile d'arbre \u00e0 th\u00e9<\/a> volontiers utilis\u00e9.<br \/>\nConseil pour la peau impure et grasse du visage : Verser quelques gouttes dans un bol d'eau agr\u00e9ablement fumante et s'offrir un sauna facial purifiant pendant 5 \u00e0 10 minutes. Ne l'utiliser que dilu\u00e9, sinon il peut provoquer des irritations de la peau, des yeux ou des muqueuses.<\/p>\n<div class=\"elementor-element elementor-element-db932d9 elementor-widget elementor-widget-heading\" data-id=\"db932d9\" data-element_type=\"widget\" data-widget_type=\"heading.default\">\n<div class=\"elementor-widget-container\">\n<h2 class=\"elementor-heading-title elementor-size-default\">Utilisation et effets<\/h2>\n<\/div>\n<\/div>\n<div class=\"elementor-element elementor-element-c9fa855 elementor-widget elementor-widget-text-editor\" data-id=\"c9fa855\" data-element_type=\"widget\" data-widget_type=\"text-editor.default\">\n<div class=\"elementor-widget-container\">\n<p>L'huile essentielle de l'arbre australien <a href=\"\/fr\/arbre-a-the\/\">Arbre \u00e0 th\u00e9<\/a> a de nombreuses applications en raison de ses propri\u00e9t\u00e9s antibact\u00e9riennes, anti-inflammatoires et antiseptiques. Elle peut \u00eatre utilis\u00e9e pour traiter l'acn\u00e9, les pellicules, les infections fongiques, les plaies, les coupures et les piq\u00fbres d'insectes. En outre, elle peut servir de nettoyant naturel pour la peau et les cheveux et est utilis\u00e9e dans les produits cosm\u00e9tiques et les nettoyants m\u00e9nagers. Il est toutefois important de diluer l'huile et d'effectuer un test d'allergie afin d'\u00e9viter d'\u00e9ventuelles r\u00e9actions.<\/p>\n<\/div>\n<\/div>","protected":false},"excerpt":{"rendered":"<p>L'huile pour la peau Tea Tree est une huile essentielle de la plus haute qualit\u00e9 et peut \u00eatre utilis\u00e9e aussi bien pour les peaux s\u00e8ches que pour les peaux grasses.<\/p>","protected":false},"featured_media":15123,"comment_status":"open","ping_status":"closed","template":"","meta":[],"product_brand":[],"product_cat":[35,30],"product_tag":[793,792,674,64,621],"class_list":{"0":"post-1126","1":"product","2":"type-product","3":"status-publish","4":"has-post-thumbnail","6":"product_cat-koerper","7":"product_cat-kosmetik","8":"product_tag-aetherisches-oel","9":"product_tag-hautoel","10":"product_tag-hautpflege","11":"product_tag-kosmetik-teebaumoel","12":"product_tag-teebaum","14":"first","15":"instock","16":"taxable","17":"shipping-taxable","18":"purchasable","19":"product-type-simple"},"_links":{"self":[{"href":"https:\/\/blidor.ch\/fr\/wp-json\/wp\/v2\/product\/1126","targetHints":{"allow":["GET"]}}],"collection":[{"href":"https:\/\/blidor.ch\/fr\/wp-json\/wp\/v2\/product"}],"about":[{"href":"https:\/\/blidor.ch\/fr\/wp-json\/wp\/v2\/types\/product"}],"replies":[{"embeddable":true,"href":"https:\/\/blidor.ch\/fr\/wp-json\/wp\/v2\/comments?post=1126"}],"version-history":[{"count":0,"href":"https:\/\/blidor.ch\/fr\/wp-json\/wp\/v2\/product\/1126\/revisions"}],"wp:featuredmedia":[{"embeddable":true,"href":"https:\/\/blidor.ch\/fr\/wp-json\/wp\/v2\/media\/15123"}],"wp:attachment":[{"href":"https:\/\/blidor.ch\/fr\/wp-json\/wp\/v2\/media?parent=1126"}],"wp:term":[{"taxonomy":"product_brand","embeddable":true,"href":"https:\/\/blidor.ch\/fr\/wp-json\/wp\/v2\/product_brand?post=1126"},{"taxonomy":"product_cat","embeddable":true,"href":"https:\/\/blidor.ch\/fr\/wp-json\/wp\/v2\/product_cat?post=1126"},{"taxonomy":"product_tag","embeddable":true,"href":"https:\/\/blidor.ch\/fr\/wp-json\/wp\/v2\/product_tag?post=1126"}],"curies":[{"name":"wp","href":"https:\/\/api.w.org\/{rel}","templated":true}]}}