{"id":1125,"date":"2020-10-19T14:10:56","date_gmt":"2020-10-19T12:10:56","guid":{"rendered":"http:\/\/blidor-webshop-staging.ch.merlin.ch-meta.net\/shop\/import-placeholder-for-1670\/"},"modified":"2026-03-28T23:40:58","modified_gmt":"2026-03-28T22:40:58","slug":"huile-pour-la-peau-a-la-menthe-poivree-50-ml","status":"publish","type":"product","link":"https:\/\/blidor.ch\/fr\/webshop\/33-kraeuteroel-50-ml\/","title":{"rendered":"33 Huile aux herbes (50 ml)"},"content":{"rendered":"<h2>Revigorante et r\u00e9chauffante - l'huile aux 33 herbes<\/h2>\n<p>Cette huile bienfaisante aux 33 herbes est compos\u00e9e d'huiles v\u00e9g\u00e9tales de haute qualit\u00e9 comme l'eucalyptus, la lavande, le piment, le romarin, la camomille et le citron vert. Nous pouvons particuli\u00e8rement bien ressentir et sentir la principale substance active <a href=\"\/fr\/menthe-poivree\/\">Menthe poivr\u00e9e<\/a>. Sa force vivifiante et chauffante a un effet bienfaisant et peut soulager les tensions.<\/p>\n<p>Usage externe, en friction ou comme additif de bain.<\/p>\n<h2>33 herbes d'un flacon<\/h2>\n<p class=\"p1\">L'huile 33 herbes contient de l'huile de menthe des champs, de l'huile d'eucalyptus, de l'huile d'orange (extraite de l'\u00e9corce), de l'huile d'anis \u00e9toil\u00e9, de l'huile d'aiguilles de sapin de Sib\u00e9rie, <a href=\"\/fr\/citron\/\">Huile essentielle de citron<\/a> (obtenue \u00e0 partir de l'\u00e9corce), huile de citronnelle, huile de fenouil doux, <a href=\"\/fr\/lavande\/\">Huile de lavande<\/a>Huile essentielle de citronnelle, huile essentielle de romarin, huile essentielle de thym, huile essentielle de geni\u00e8vre, huile essentielle de pin nain, huile essentielle de cajeput, huile essentielle d'aneth, huile essentielle de vert-de-gris. <a href=\"\/fr\/menthe-poivree\/\">Huile de menthe<\/a>huile essentielle de citron vert (extraite de l'\u00e9corce), huile de feuilles de girofle, huile de niaouli, huile de sauge sclar\u00e9e, huile de gaulth\u00e9rie, huile de cannelle, huile de sapin blanc, huile de racine de gingembre, huile d'aiguilles de pin, huile de marjolaine, huile de noix de muscade, huile de poivre noir, huile de piment, huile de myrrhe, huile d'ang\u00e9lique et huile de camomille,<\/p>","protected":false},"excerpt":{"rendered":"<p>Un petit assistant polyvalent, compos\u00e9 d'huiles v\u00e9g\u00e9tales de qualit\u00e9 comme l'eucalyptus, le piment, le romarin, la camomille, le citron vert, \u00e0 utiliser dans le bain ou \u00e0 frictionner.<\/p>","protected":false},"featured_media":14875,"comment_status":"open","ping_status":"closed","template":"","meta":[],"product_brand":[],"product_cat":[35,30],"product_tag":[794,792,63,618,634],"class_list":{"0":"post-1125","1":"product","2":"type-product","3":"status-publish","4":"has-post-thumbnail","6":"product_cat-koerper","7":"product_cat-kosmetik","8":"product_tag-belebend","9":"product_tag-hautoel","10":"product_tag-kosmetik-pfefferminze","11":"product_tag-pfefferminze","12":"product_tag-wohltuend","14":"first","15":"instock","16":"taxable","17":"shipping-taxable","18":"purchasable","19":"product-type-simple"},"_links":{"self":[{"href":"https:\/\/blidor.ch\/fr\/wp-json\/wp\/v2\/product\/1125","targetHints":{"allow":["GET"]}}],"collection":[{"href":"https:\/\/blidor.ch\/fr\/wp-json\/wp\/v2\/product"}],"about":[{"href":"https:\/\/blidor.ch\/fr\/wp-json\/wp\/v2\/types\/product"}],"replies":[{"embeddable":true,"href":"https:\/\/blidor.ch\/fr\/wp-json\/wp\/v2\/comments?post=1125"}],"version-history":[{"count":0,"href":"https:\/\/blidor.ch\/fr\/wp-json\/wp\/v2\/product\/1125\/revisions"}],"wp:featuredmedia":[{"embeddable":true,"href":"https:\/\/blidor.ch\/fr\/wp-json\/wp\/v2\/media\/14875"}],"wp:attachment":[{"href":"https:\/\/blidor.ch\/fr\/wp-json\/wp\/v2\/media?parent=1125"}],"wp:term":[{"taxonomy":"product_brand","embeddable":true,"href":"https:\/\/blidor.ch\/fr\/wp-json\/wp\/v2\/product_brand?post=1125"},{"taxonomy":"product_cat","embeddable":true,"href":"https:\/\/blidor.ch\/fr\/wp-json\/wp\/v2\/product_cat?post=1125"},{"taxonomy":"product_tag","embeddable":true,"href":"https:\/\/blidor.ch\/fr\/wp-json\/wp\/v2\/product_tag?post=1125"}],"curies":[{"name":"wp","href":"https:\/\/api.w.org\/{rel}","templated":true}]}}