{"id":1124,"date":"2020-10-19T14:10:56","date_gmt":"2020-10-19T12:10:56","guid":{"rendered":"http:\/\/blidor-webshop-staging.ch.merlin.ch-meta.net\/shop\/import-placeholder-for-1628\/"},"modified":"2023-10-18T15:29:24","modified_gmt":"2023-10-18T13:29:24","slug":"gel-douche-menthe-poivree","status":"publish","type":"product","link":"https:\/\/blidor.ch\/fr\/webshop\/duschgel-pfefferminze\/","title":{"rendered":"Gel douche menthe poivr\u00e9e"},"content":{"rendered":"<h2>Avec de la menthe poivr\u00e9e, une sensation de fra\u00eecheur imm\u00e9diate<\/h2>\n<p>Avec le gel douche Menthe&gt;, commencer une nouvelle journ\u00e9e est un jeu d'enfant. Sa fra\u00eecheur p\u00e9tillante lib\u00e8re de la l\u00e9thargie et de la somnolence matinales.<\/p>\n<p>La pr\u00e9cieuse formulation de soin v\u00e9g\u00e9talienne rafra\u00eechit la peau et lui procure une merveilleuse sensation de douceur. Ce gel douche revitalise le corps et les sens. Sa formule l\u00e9g\u00e8re nettoie en douceur la peau et r\u00e9gule l'humidit\u00e9. Elle est parfaite pour tous les jours.<\/p>\n<h2>Produits avec de la menthe poivr\u00e9e de Suisse<\/h2>\n<p>La boisson rafra\u00eechissante et vivifiante <a href=\"\/fr\/menthe-poivree\/\">Menthe poivr\u00e9e<\/a> \u00e0 l'effet rafra\u00eechissant, nous l'avons \u00e9galement int\u00e9gr\u00e9 dans d'autres produits tels que la <a href=\"\/fr\/clarte-2\/\">Clart\u00e9<\/a> nettoyage du visage ou le <a href=\"http:\/\/webshop\/33-kraeuteroel-50-ml\/\">33 Huile aux herbes<\/a> est utilis\u00e9e. Pour en savoir plus, consulte notre page sur les <a href=\"\/fr\/menthe-poivree\/\">Menthe poivr\u00e9e<\/a>.<\/p>","protected":false},"excerpt":{"rendered":"<p>Le gel douche \u00e0 la menthe poivr\u00e9e est id\u00e9al pour un coup de fra\u00eecheur en douceur le matin ou pour se revigorer apr\u00e8s une journ\u00e9e bien remplie.<\/p>","protected":false},"featured_media":1576,"comment_status":"open","ping_status":"closed","template":"","meta":[],"product_brand":[],"product_cat":[918,35,30],"product_tag":[619,620,63,618],"class_list":{"0":"post-1124","1":"product","2":"type-product","3":"status-publish","4":"has-post-thumbnail","6":"product_cat-duschmittel","7":"product_cat-koerper","8":"product_cat-kosmetik","9":"product_tag-duschgel","10":"product_tag-frische-kosmetik","11":"product_tag-kosmetik-pfefferminze","12":"product_tag-pfefferminze","14":"first","15":"instock","16":"taxable","17":"shipping-taxable","18":"purchasable","19":"product-type-simple"},"_links":{"self":[{"href":"https:\/\/blidor.ch\/fr\/wp-json\/wp\/v2\/product\/1124","targetHints":{"allow":["GET"]}}],"collection":[{"href":"https:\/\/blidor.ch\/fr\/wp-json\/wp\/v2\/product"}],"about":[{"href":"https:\/\/blidor.ch\/fr\/wp-json\/wp\/v2\/types\/product"}],"replies":[{"embeddable":true,"href":"https:\/\/blidor.ch\/fr\/wp-json\/wp\/v2\/comments?post=1124"}],"version-history":[{"count":0,"href":"https:\/\/blidor.ch\/fr\/wp-json\/wp\/v2\/product\/1124\/revisions"}],"wp:featuredmedia":[{"embeddable":true,"href":"https:\/\/blidor.ch\/fr\/wp-json\/wp\/v2\/media\/1576"}],"wp:attachment":[{"href":"https:\/\/blidor.ch\/fr\/wp-json\/wp\/v2\/media?parent=1124"}],"wp:term":[{"taxonomy":"product_brand","embeddable":true,"href":"https:\/\/blidor.ch\/fr\/wp-json\/wp\/v2\/product_brand?post=1124"},{"taxonomy":"product_cat","embeddable":true,"href":"https:\/\/blidor.ch\/fr\/wp-json\/wp\/v2\/product_cat?post=1124"},{"taxonomy":"product_tag","embeddable":true,"href":"https:\/\/blidor.ch\/fr\/wp-json\/wp\/v2\/product_tag?post=1124"}],"curies":[{"name":"wp","href":"https:\/\/api.w.org\/{rel}","templated":true}]}}