{"id":1123,"date":"2020-10-19T14:10:56","date_gmt":"2020-10-19T12:10:56","guid":{"rendered":"http:\/\/blidor-webshop-staging.ch.merlin.ch-meta.net\/shop\/import-placeholder-for-1687\/"},"modified":"2024-08-12T20:22:35","modified_gmt":"2024-08-12T18:22:35","slug":"shampooing-cierge-royal","status":"publish","type":"product","link":"https:\/\/blidor.ch\/fr\/webshop\/shampoo-koenigskerze\/","title":{"rendered":"Shampooing \u00e0 la mol\u00e8ne"},"content":{"rendered":"<h2>Des ingr\u00e9dients de mol\u00e8ne pour un cuir chevelu sain<\/h2>\n<p>Si le cuir chevelu est irrit\u00e9, s'il d\u00e9mange ou s'il mord, ce shampooing permet de le soulager. <a href=\"\/fr\/koenigskerze\/\">Millepertuis<\/a> de mani\u00e8re cibl\u00e9e. Les ingr\u00e9dients de la mol\u00e8ne favorisent la disparition des petites plaies cutan\u00e9es et stimulent le processus naturel de r\u00e9g\u00e9n\u00e9ration du cuir chevelu. Le shampooing \u00e0 la mol\u00e8ne convient \u00e0 tous les types de cheveux. Masser avec pr\u00e9caution et en douceur.<\/p>\n<h2>Millepertuis apaisant<\/h2>\n<p>La plante \u00e0 petites fleurs <a href=\"\/fr\/koenigskerze\/\">Millepertuis<\/a> (Verbascum thapsus L.), \u00e9galement appel\u00e9e herbe aux torches ou cierge m\u00e9t\u00e9orologique, est une plante vivace bisannuelle aux p\u00e9tales jaune clair. Les principaux composants de la plante sont des mucilages et des antioxydants. La phytoth\u00e9rapie utilise la mol\u00e8ne pour apaiser les voies respiratoires et cicatriser les plaies cutan\u00e9es.<\/p>","protected":false},"excerpt":{"rendered":"<p>Lorsque le cuir chevelu est irrit\u00e9, qu'il d\u00e9mange et qu'il mord, nous pouvons agir de mani\u00e8re cibl\u00e9e avec ce shampooing \u00e0 la mol\u00e8ne.<\/p>","protected":false},"featured_media":20323,"comment_status":"open","ping_status":"closed","template":"","meta":[],"product_brand":[],"product_cat":[32,30],"product_tag":[344,343,67],"class_list":{"0":"post-1123","1":"product","2":"type-product","3":"status-publish","4":"has-post-thumbnail","6":"product_cat-haar","7":"product_cat-kosmetik","8":"product_tag-koenigskerze","9":"product_tag-koenigskerze-inhaltsstoffe","10":"product_tag-shampoo-ohne-mikroplastik","12":"first","13":"instock","14":"taxable","15":"shipping-taxable","16":"purchasable","17":"product-type-variable","18":"has-default-attributes"},"_links":{"self":[{"href":"https:\/\/blidor.ch\/fr\/wp-json\/wp\/v2\/product\/1123","targetHints":{"allow":["GET"]}}],"collection":[{"href":"https:\/\/blidor.ch\/fr\/wp-json\/wp\/v2\/product"}],"about":[{"href":"https:\/\/blidor.ch\/fr\/wp-json\/wp\/v2\/types\/product"}],"replies":[{"embeddable":true,"href":"https:\/\/blidor.ch\/fr\/wp-json\/wp\/v2\/comments?post=1123"}],"version-history":[{"count":1,"href":"https:\/\/blidor.ch\/fr\/wp-json\/wp\/v2\/product\/1123\/revisions"}],"predecessor-version":[{"id":20324,"href":"https:\/\/blidor.ch\/fr\/wp-json\/wp\/v2\/product\/1123\/revisions\/20324"}],"wp:featuredmedia":[{"embeddable":true,"href":"https:\/\/blidor.ch\/fr\/wp-json\/wp\/v2\/media\/20323"}],"wp:attachment":[{"href":"https:\/\/blidor.ch\/fr\/wp-json\/wp\/v2\/media?parent=1123"}],"wp:term":[{"taxonomy":"product_brand","embeddable":true,"href":"https:\/\/blidor.ch\/fr\/wp-json\/wp\/v2\/product_brand?post=1123"},{"taxonomy":"product_cat","embeddable":true,"href":"https:\/\/blidor.ch\/fr\/wp-json\/wp\/v2\/product_cat?post=1123"},{"taxonomy":"product_tag","embeddable":true,"href":"https:\/\/blidor.ch\/fr\/wp-json\/wp\/v2\/product_tag?post=1123"}],"curies":[{"name":"wp","href":"https:\/\/api.w.org\/{rel}","templated":true}]}}