{"id":1122,"date":"2020-10-19T14:10:56","date_gmt":"2020-10-19T12:10:56","guid":{"rendered":"http:\/\/blidor-webshop-staging.ch.merlin.ch-meta.net\/shop\/import-placeholder-for-3587\/"},"modified":"2026-03-29T17:53:09","modified_gmt":"2026-03-29T15:53:09","slug":"deodorant-mauve","status":"publish","type":"product","link":"https:\/\/blidor.ch\/fr\/webshop\/deo-malve\/","title":{"rendered":"D\u00e9odorant mauve"},"content":{"rendered":"<h2>Soin doux avec le d\u00e9odorant <a href=\"\/fr\/mauve\/\">Mauve<\/a><\/h2>\n<p>Le d\u00e9odorant doux Mauve \u00e0 l'extrait de mauve bio est extr\u00eamement bien tol\u00e9r\u00e9 par la peau et prot\u00e8ge n\u00e9anmoins de mani\u00e8re fiable contre les odeurs corporelles d\u00e9sagr\u00e9ables. Profitez chaque jour de la fra\u00eecheur et de la s\u00e9curit\u00e9 du d\u00e9odorant et de son parfum agr\u00e9able et discret.<\/p>\n<h2>D\u00e9odorant sans aluminium et extrait de mauve bio<\/h2>\n<p>Le d\u00e9odorant ne contient pas d'aluminium ou de sels d'aluminium mais de l'extrait bio de <a href=\"\/fr\/mauve\/\">Mauve<\/a>.<\/p>","protected":false},"excerpt":{"rendered":"<p>Le d\u00e9odorant Mauve, bien tol\u00e9r\u00e9 par la peau, \u00e0 l'extrait de mauve bio et sans sels d'aluminium, assure une protection longue dur\u00e9e contre les odeurs corporelles.<\/p>","protected":false},"featured_media":1572,"comment_status":"open","ping_status":"closed","template":"","meta":[],"product_brand":[],"product_cat":[871,35,30],"product_tag":[796,795,797,686,62,329,798],"class_list":{"0":"post-1122","1":"product","2":"type-product","3":"status-publish","4":"has-post-thumbnail","6":"product_cat-antitranspirant-deo","7":"product_cat-koerper","8":"product_cat-kosmetik","9":"product_tag-deo","10":"product_tag-deodorant","11":"product_tag-diskreter-duft","12":"product_tag-hautvertraeglich","13":"product_tag-kosmetik-malve","14":"product_tag-malve","15":"product_tag-mild","17":"first","18":"instock","19":"taxable","20":"shipping-taxable","21":"purchasable","22":"product-type-simple"},"_links":{"self":[{"href":"https:\/\/blidor.ch\/fr\/wp-json\/wp\/v2\/product\/1122","targetHints":{"allow":["GET"]}}],"collection":[{"href":"https:\/\/blidor.ch\/fr\/wp-json\/wp\/v2\/product"}],"about":[{"href":"https:\/\/blidor.ch\/fr\/wp-json\/wp\/v2\/types\/product"}],"replies":[{"embeddable":true,"href":"https:\/\/blidor.ch\/fr\/wp-json\/wp\/v2\/comments?post=1122"}],"version-history":[{"count":0,"href":"https:\/\/blidor.ch\/fr\/wp-json\/wp\/v2\/product\/1122\/revisions"}],"wp:featuredmedia":[{"embeddable":true,"href":"https:\/\/blidor.ch\/fr\/wp-json\/wp\/v2\/media\/1572"}],"wp:attachment":[{"href":"https:\/\/blidor.ch\/fr\/wp-json\/wp\/v2\/media?parent=1122"}],"wp:term":[{"taxonomy":"product_brand","embeddable":true,"href":"https:\/\/blidor.ch\/fr\/wp-json\/wp\/v2\/product_brand?post=1122"},{"taxonomy":"product_cat","embeddable":true,"href":"https:\/\/blidor.ch\/fr\/wp-json\/wp\/v2\/product_cat?post=1122"},{"taxonomy":"product_tag","embeddable":true,"href":"https:\/\/blidor.ch\/fr\/wp-json\/wp\/v2\/product_tag?post=1122"}],"curies":[{"name":"wp","href":"https:\/\/api.w.org\/{rel}","templated":true}]}}