{"id":1121,"date":"2020-10-19T14:10:56","date_gmt":"2020-10-19T12:10:56","guid":{"rendered":"http:\/\/blidor-webshop-staging.ch.merlin.ch-meta.net\/shop\/import-placeholder-for-1622\/"},"modified":"2026-03-29T00:52:09","modified_gmt":"2026-03-28T23:52:09","slug":"lotion-corporelle-mauve","status":"publish","type":"product","link":"https:\/\/blidor.ch\/fr\/webshop\/bodylotion-malve\/","title":{"rendered":"Lotion corporelle \u00e0 la mauve"},"content":{"rendered":"<h2>Soin nourrissant avec la lotion corporelle \u00e0 la mauve<\/h2>\n<p>La lotion pour le corps <a href=\"\/fr\/mauve\/\">Mauve<\/a> est un v\u00e9ritable bienfait pour les peaux sensibles, s\u00e8ches ou l\u00e9g\u00e8rement irrit\u00e9es. Pure <a href=\"\/fr\/amande\/\">Huile d'amande<\/a> et <a href=\"\/fr\/beurre-de-karite\/\">Beurre de karit\u00e9<\/a> soignent intens\u00e9ment et favorisent la r\u00e9g\u00e9n\u00e9ration naturelle. Avec la lotion corporelle \u00e0 la mauve, vous compensez la perte d'hydratation de votre peau. Vous augmentez ainsi l'\u00e9lasticit\u00e9 et la r\u00e9sistance de votre peau et la prot\u00e9gez du dess\u00e8chement.<em>. <\/em><\/p>\n<p>Le site <a href=\"\/fr\/mauve\/\">Mauve<\/a> La lotion corporelle redonne \u00e0 la peau, m\u00eame tr\u00e8s s\u00e8che, son \u00e9lasticit\u00e9, sa douceur et sa souplesse. Profitez chaque jour de l'effet bienfaisant de cette lotion douce et de son agr\u00e9able parfum.<\/p>\n<h2>Lotion corporelle \u00e0 la mauve fabriqu\u00e9e en Suisse<\/h2>\n<p>Pour la lotion corporelle Mauve, nous utilisons de pr\u00e9cieuses huiles essentielles bio.<a href=\"\/fr\/mauve\/\">Extraits de mauve<\/a>.<\/p>\n<div class=\"elementor-element elementor-element-c0c665e elementor-widget elementor-widget-heading\" data-id=\"c0c665e\" data-element_type=\"widget\" data-widget_type=\"heading.default\">\n<div class=\"elementor-widget-container\">\n<h2 class=\"elementor-heading-title elementor-size-default\">La mauve dans les cosm\u00e9tiques et les soins de la peau<\/h2>\n<\/div>\n<\/div>\n<div class=\"elementor-element elementor-element-efc79ac elementor-widget elementor-widget-text-editor\" data-id=\"efc79ac\" data-element_type=\"widget\" data-widget_type=\"text-editor.default\">\n<div class=\"elementor-widget-container\">\n<p>L'extrait cosm\u00e9tique de fleurs de <a href=\"\/fr\/mauve\/\">Mauve sauvage<\/a> utilise \u00e9galement ses mucilages, compos\u00e9s de sucres complexes. Ceux-ci enveloppent d\u00e9licatement la surface de la peau, la prot\u00e8gent des agressions de l'environnement et l'hydratent en formant des hydrocollo\u00efdes.<\/p>\n<\/div>\n<\/div>","protected":false},"excerpt":{"rendered":"<p>La lotion corporelle nourrissante \u00e0 la mauve est particuli\u00e8rement adapt\u00e9e aux peaux tr\u00e8s sensibles. Ses ingr\u00e9dients, l'huile d'amande et le beurre de karit\u00e9, hydratent en profondeur et aident \u00e0 r\u00e9g\u00e9n\u00e9rer la peau. Elle a un effet bienfaisant et rafra\u00eechit agr\u00e9ablement la peau. Elle est donc \u00e9galement recommand\u00e9e apr\u00e8s un bain de soleil.<\/p>","protected":false},"featured_media":19666,"comment_status":"open","ping_status":"closed","template":"","meta":[],"product_brand":[],"product_cat":[920,35,30],"product_tag":[667,668,62,669,638,623],"class_list":{"0":"post-1121","1":"product","2":"type-product","3":"status-publish","4":"has-post-thumbnail","6":"product_cat-bodylotion","7":"product_cat-koerper","8":"product_cat-kosmetik","9":"product_tag-bodylotion","10":"product_tag-gereizte-haut","11":"product_tag-kosmetik-malve","12":"product_tag-pflege","13":"product_tag-regeneration","14":"product_tag-trockene-haut","16":"first","17":"instock","18":"taxable","19":"shipping-taxable","20":"purchasable","21":"product-type-variable","22":"has-default-attributes"},"_links":{"self":[{"href":"https:\/\/blidor.ch\/fr\/wp-json\/wp\/v2\/product\/1121","targetHints":{"allow":["GET"]}}],"collection":[{"href":"https:\/\/blidor.ch\/fr\/wp-json\/wp\/v2\/product"}],"about":[{"href":"https:\/\/blidor.ch\/fr\/wp-json\/wp\/v2\/types\/product"}],"replies":[{"embeddable":true,"href":"https:\/\/blidor.ch\/fr\/wp-json\/wp\/v2\/comments?post=1121"}],"version-history":[{"count":0,"href":"https:\/\/blidor.ch\/fr\/wp-json\/wp\/v2\/product\/1121\/revisions"}],"wp:featuredmedia":[{"embeddable":true,"href":"https:\/\/blidor.ch\/fr\/wp-json\/wp\/v2\/media\/19666"}],"wp:attachment":[{"href":"https:\/\/blidor.ch\/fr\/wp-json\/wp\/v2\/media?parent=1121"}],"wp:term":[{"taxonomy":"product_brand","embeddable":true,"href":"https:\/\/blidor.ch\/fr\/wp-json\/wp\/v2\/product_brand?post=1121"},{"taxonomy":"product_cat","embeddable":true,"href":"https:\/\/blidor.ch\/fr\/wp-json\/wp\/v2\/product_cat?post=1121"},{"taxonomy":"product_tag","embeddable":true,"href":"https:\/\/blidor.ch\/fr\/wp-json\/wp\/v2\/product_tag?post=1121"}],"curies":[{"name":"wp","href":"https:\/\/api.w.org\/{rel}","templated":true}]}}