{"id":1120,"date":"2020-10-19T14:10:56","date_gmt":"2020-10-19T12:10:56","guid":{"rendered":"http:\/\/blidor-webshop-staging.ch.merlin.ch-meta.net\/shop\/import-placeholder-for-1640\/"},"modified":"2026-03-29T00:30:10","modified_gmt":"2026-03-28T23:30:10","slug":"huile-de-douche-a-lolive","status":"publish","type":"product","link":"https:\/\/blidor.ch\/fr\/webshop\/duschoel-olive\/","title":{"rendered":"Huile de douche Olive"},"content":{"rendered":"<h2>Se d\u00e9tendre comme sous l'olivier - l'huile de douche pour les soins quotidiens<\/h2>\n<p>L'huile de douche <a href=\"\/fr\/olive\/\">Olive<\/a>\u00a0convient particuli\u00e8rement pour la douche quotidienne et pour le soin en douceur des peaux s\u00e8ches et sensibles. Un soin bienfaisant gr\u00e2ce \u00e0 la mousse douce et onctueuse de l'huile de douche. Pur <a href=\"\/fr\/olive\/\">Huile d'olive<\/a> et l'extrait de feuilles d'olivier favorisent le processus naturel de r\u00e9g\u00e9n\u00e9ration. Le film protecteur naturel de la peau est prot\u00e9g\u00e9 et n'est pas inutilement d\u00e9graiss\u00e9. Apr\u00e8s la douche, la peau est douce comme du velours, lisse et souple.<\/p>\n<h2>Huile de douche \u00e0 l'extrait d'olive bio<\/h2>\n<p>L'huile de douche est exempte d'eau et fabriqu\u00e9e sans colorants. Pour un soin encore plus riche, nous vous recommandons, apr\u00e8s la douche, notre <a href=\"\/fr\/boutique-en-ligne\/bodylotion-olive\/\">Lotion pour le corps Olive<\/a>.<\/p>","protected":false},"excerpt":{"rendered":"<p>L'huile de douche Olive a un effet r\u00e9g\u00e9n\u00e9rant et reconstituant sur les peaux s\u00e8ches. Elle renforce la couche protectrice naturelle et la fonction protectrice de la peau et l'hydrate durablement. Elle a un effet relipidant et est un bienfait pour tout le corps.<\/p>","protected":false},"featured_media":1584,"comment_status":"open","ping_status":"closed","template":"","meta":[],"product_brand":[],"product_cat":[918,35,30],"product_tag":[626,58,628,629,623],"class_list":{"0":"post-1120","1":"product","2":"type-product","3":"status-publish","4":"has-post-thumbnail","6":"product_cat-duschmittel","7":"product_cat-koerper","8":"product_cat-kosmetik","9":"product_tag-empfindliche-haut","10":"product_tag-kosmetik-olivenoel","11":"product_tag-oliven-duschoel","12":"product_tag-sanfte-pflege","13":"product_tag-trockene-haut","15":"first","16":"instock","17":"taxable","18":"shipping-taxable","19":"purchasable","20":"product-type-simple"},"_links":{"self":[{"href":"https:\/\/blidor.ch\/fr\/wp-json\/wp\/v2\/product\/1120","targetHints":{"allow":["GET"]}}],"collection":[{"href":"https:\/\/blidor.ch\/fr\/wp-json\/wp\/v2\/product"}],"about":[{"href":"https:\/\/blidor.ch\/fr\/wp-json\/wp\/v2\/types\/product"}],"replies":[{"embeddable":true,"href":"https:\/\/blidor.ch\/fr\/wp-json\/wp\/v2\/comments?post=1120"}],"version-history":[{"count":0,"href":"https:\/\/blidor.ch\/fr\/wp-json\/wp\/v2\/product\/1120\/revisions"}],"wp:featuredmedia":[{"embeddable":true,"href":"https:\/\/blidor.ch\/fr\/wp-json\/wp\/v2\/media\/1584"}],"wp:attachment":[{"href":"https:\/\/blidor.ch\/fr\/wp-json\/wp\/v2\/media?parent=1120"}],"wp:term":[{"taxonomy":"product_brand","embeddable":true,"href":"https:\/\/blidor.ch\/fr\/wp-json\/wp\/v2\/product_brand?post=1120"},{"taxonomy":"product_cat","embeddable":true,"href":"https:\/\/blidor.ch\/fr\/wp-json\/wp\/v2\/product_cat?post=1120"},{"taxonomy":"product_tag","embeddable":true,"href":"https:\/\/blidor.ch\/fr\/wp-json\/wp\/v2\/product_tag?post=1120"}],"curies":[{"name":"wp","href":"https:\/\/api.w.org\/{rel}","templated":true}]}}