{"id":1119,"date":"2020-10-19T14:10:56","date_gmt":"2020-10-19T12:10:56","guid":{"rendered":"http:\/\/blidor-webshop-staging.ch.merlin.ch-meta.net\/shop\/import-placeholder-for-1696\/"},"modified":"2023-10-19T09:20:24","modified_gmt":"2023-10-19T07:20:24","slug":"shampoo-rose","status":"publish","type":"product","link":"https:\/\/blidor.ch\/fr\/webshop\/shampoo-rose\/","title":{"rendered":"Shampooing \u00e0 la rose"},"content":{"rendered":"<h2>Soigner les cheveux avec la force de l'extrait de rose<\/h2>\n<p>Les cuirs chevelus d\u00e9licats et sensibles exigent des soins sp\u00e9cifiques. C'est pourquoi le shampooing \u00e0 la rose, qui contient de l'extrait de rose et des substances nettoyantes douces, convient aussi particuli\u00e8rement bien aux soins des b\u00e9b\u00e9s. Sa formule douce pour la peau mousse l\u00e9g\u00e8rement et laisse une sensation agr\u00e9able, sans br\u00fblures ni d\u00e9mangeaisons. Le <a href=\"\/fr\/rose\/\">Roses<\/a> est particuli\u00e8rement adapt\u00e9 aux cheveux normaux, plut\u00f4t secs et fins. Le shampooing bio nourrissant<a href=\"\/fr\/rose\/\">Extrait de rose<\/a> assure un brillant soyeux.<\/p>\n<div class=\"elementor-element elementor-element-30e0cf7 elementor-widget elementor-widget-heading\" data-id=\"30e0cf7\" data-element_type=\"widget\" data-widget_type=\"heading.default\">\n<div class=\"elementor-widget-container\">\n<h2 class=\"elementor-heading-title elementor-size-default\">Les roses dans les cosm\u00e9tiques<\/h2>\n<\/div>\n<\/div>\n<div class=\"elementor-element elementor-element-5cf6750 elementor-widget elementor-widget-text-editor\" data-id=\"5cf6750\" data-element_type=\"widget\" data-widget_type=\"text-editor.default\">\n<div class=\"elementor-widget-container\">\n<p>Le site <a href=\"\/fr\/rose\/\">Rose<\/a> n'est pas seulement un symbole de romantisme et de sensualit\u00e9, c'est aussi une fleur de beaut\u00e9 incomparable. Avec son effet rafra\u00eechissant et vivifiant sur la peau, elle est un ingr\u00e9dient important de nombreux produits de beaut\u00e9 et de soins pour le visage et le corps : des toniques et lotions pour le visage aux parfums et eaux de toilette en passant par les sprays pour le corps, la rose est pr\u00e9sente dans de nombreux produits cosm\u00e9tiques.<\/p>\n<p>&nbsp;<\/p>\n<\/div>\n<\/div>","protected":false},"excerpt":{"rendered":"<p>Soin apaisant pour le cuir chevelu sensible (de b\u00e9b\u00e9). Les extraits de plantes doux pour la peau sont id\u00e9aux pour le cuir chevelu sensible. \u00c0 la formule douce s'ajoute un agr\u00e9able parfum frais. Choyez vos cheveux avec la force de la rose. Id\u00e9al pour le lavage quotidien des cheveux.<\/p>","protected":false},"featured_media":10843,"comment_status":"open","ping_status":"closed","template":"","meta":[],"product_brand":[],"product_cat":[32,30],"product_tag":[331,332,67,68],"class_list":{"0":"post-1119","1":"product","2":"type-product","3":"status-publish","4":"has-post-thumbnail","6":"product_cat-haar","7":"product_cat-kosmetik","8":"product_tag-rosen-shampoo","9":"product_tag-rosenextrakt","10":"product_tag-shampoo-ohne-mikroplastik","11":"product_tag-shampoo-ohne-silikon","13":"first","14":"instock","15":"taxable","16":"shipping-taxable","17":"purchasable","18":"product-type-simple"},"_links":{"self":[{"href":"https:\/\/blidor.ch\/fr\/wp-json\/wp\/v2\/product\/1119","targetHints":{"allow":["GET"]}}],"collection":[{"href":"https:\/\/blidor.ch\/fr\/wp-json\/wp\/v2\/product"}],"about":[{"href":"https:\/\/blidor.ch\/fr\/wp-json\/wp\/v2\/types\/product"}],"replies":[{"embeddable":true,"href":"https:\/\/blidor.ch\/fr\/wp-json\/wp\/v2\/comments?post=1119"}],"version-history":[{"count":0,"href":"https:\/\/blidor.ch\/fr\/wp-json\/wp\/v2\/product\/1119\/revisions"}],"wp:featuredmedia":[{"embeddable":true,"href":"https:\/\/blidor.ch\/fr\/wp-json\/wp\/v2\/media\/10843"}],"wp:attachment":[{"href":"https:\/\/blidor.ch\/fr\/wp-json\/wp\/v2\/media?parent=1119"}],"wp:term":[{"taxonomy":"product_brand","embeddable":true,"href":"https:\/\/blidor.ch\/fr\/wp-json\/wp\/v2\/product_brand?post=1119"},{"taxonomy":"product_cat","embeddable":true,"href":"https:\/\/blidor.ch\/fr\/wp-json\/wp\/v2\/product_cat?post=1119"},{"taxonomy":"product_tag","embeddable":true,"href":"https:\/\/blidor.ch\/fr\/wp-json\/wp\/v2\/product_tag?post=1119"}],"curies":[{"name":"wp","href":"https:\/\/api.w.org\/{rel}","templated":true}]}}