{"id":1117,"date":"2020-10-19T14:10:56","date_gmt":"2020-10-19T12:10:56","guid":{"rendered":"http:\/\/blidor-webshop-staging.ch.merlin.ch-meta.net\/shop\/import-placeholder-for-1715\/"},"modified":"2023-11-21T23:48:46","modified_gmt":"2023-11-21T22:48:46","slug":"creme-pour-les-mains-olive","status":"publish","type":"product","link":"https:\/\/blidor.ch\/fr\/webshop\/handcreme-olive\/","title":{"rendered":"Cr\u00e8me pour les mains Olive"},"content":{"rendered":"<h2>Des mains soign\u00e9es - gr\u00e2ce \u00e0 la cr\u00e8me pour les mains \u00e0 l'huile d'olive<\/h2>\n<p>Les mains rugueuses et s\u00e8ches ont besoin d'un soin sp\u00e9cial. Depuis des si\u00e8cles, l'huile soignante de la <a href=\"\/fr\/olive\/\">Olive<\/a> comme produit de beaut\u00e9 unique. Sa composition est similaire \u00e0 celle des lipides de la peau et elle est riche en acides gras insatur\u00e9s, qui sont importants pour la construction de la barri\u00e8re cutan\u00e9e. La cr\u00e8me pour les mains Olive contient la pr\u00e9cieuse huile d'olives m\u00fbries au soleil et l'extrait de feuilles d'olivier. Cette combinaison de substances actives soutient la fonction naturelle de la peau. La formule riche a un effet relipidant et procure une sensation de d\u00e9tente \u00e0 la peau. Elle offre \u00e0 votre peau une protection particuli\u00e8re tout en emp\u00eachant la perte de sa pr\u00e9cieuse hydratation.<\/p>\n<h2>Fabriqu\u00e9 en Suisse<\/h2>\n<p>Blidor est une entreprise familiale avec une longue tradition. Nous d\u00e9veloppons et fabriquons la plupart de nos produits - comme notre cr\u00e8me pour les mains <a href=\"\/fr\/olive\/\">Olive<\/a> - m\u00eame \u00e0 Baar. Nous veillons \u00e0 une qualit\u00e9 maximale, \u00e0 des ingr\u00e9dients naturels et si possible r\u00e9gionaux et \u00e0 un excellent service client\u00e8le.<\/p>\n<h2>Cr\u00e8me pour les mains naturelle \u00e0 l'huile d'olive<\/h2>\n<p>Les extraits de feuilles d'olivier utilis\u00e9s sont bio. Le <a href=\"\/fr\/olive\/\">Olivier<\/a> (Olea europaea L.) ou olivier fait partie de la famille des ol\u00e9ac\u00e9es. Il pousse g\u00e9n\u00e9ralement tordu, noueux et marqu\u00e9 par l'\u00e2ge. Les oliviers comptent parmi les plus anciennes plantes cultiv\u00e9es de la r\u00e9gion m\u00e9diterran\u00e9enne et n\u00e9cessitent beaucoup de soins. Ils poussent lentement et tranquillement et ne donnent des r\u00e9coltes abondantes qu'\u00e0 partir d'un certain \u00e2ge. Les fruits sont press\u00e9s pour obtenir l'huile d'olive tant convoit\u00e9e, \"l'or vert\" - le bois dur sert \u00e0 la fabrication de meubles, d'instruments \u00e0 vent et d'objets d'usage courant tels que <a href=\"https:\/\/blidor.ch\/fr\/?s=b%C3%BCrste&amp;post_type=product&amp;dgwt_wcas=1\">Brosses<\/a>. La th\u00e9rapie des fleurs de Bach associe les essences de fleurs de l'arbre au principe de <strong>de la r\u00e9g\u00e9n\u00e9ration et de l'\u00e9quilibre<\/strong>. L'olivier pla\u00eet \u00e9galement sur le plan symbolique : un rameau d'olivier frais est consid\u00e9r\u00e9 depuis l'Antiquit\u00e9 comme un signe de paix.<\/p>\n<p>&nbsp;<\/p>","protected":false},"excerpt":{"rendered":"<p>La cr\u00e8me pour les mains Olive r\u00e9g\u00e9n\u00e8re les peaux s\u00e8ches et sollicit\u00e9es et leur redonne de la souplesse. L'huile d'olive prot\u00e8ge la peau du dess\u00e8chement et la soigne en la rendant douce et souple. Elle est riche en acides gras insatur\u00e9s et peut \u00eatre absorb\u00e9e de mani\u00e8re optimale par la peau.<\/p>","protected":false},"featured_media":1520,"comment_status":"open","ping_status":"closed","template":"","meta":[],"product_brand":[],"product_cat":[33,30],"product_tag":[676,58,677,678],"class_list":{"0":"post-1117","1":"product","2":"type-product","3":"status-publish","4":"has-post-thumbnail","6":"product_cat-hand-und-fuss","7":"product_cat-kosmetik","8":"product_tag-handcreme","9":"product_tag-kosmetik-olivenoel","10":"product_tag-olivenoel","11":"product_tag-trockene-haende","13":"first","14":"instock","15":"taxable","16":"shipping-taxable","17":"purchasable","18":"product-type-simple"},"_links":{"self":[{"href":"https:\/\/blidor.ch\/fr\/wp-json\/wp\/v2\/product\/1117","targetHints":{"allow":["GET"]}}],"collection":[{"href":"https:\/\/blidor.ch\/fr\/wp-json\/wp\/v2\/product"}],"about":[{"href":"https:\/\/blidor.ch\/fr\/wp-json\/wp\/v2\/types\/product"}],"replies":[{"embeddable":true,"href":"https:\/\/blidor.ch\/fr\/wp-json\/wp\/v2\/comments?post=1117"}],"version-history":[{"count":0,"href":"https:\/\/blidor.ch\/fr\/wp-json\/wp\/v2\/product\/1117\/revisions"}],"wp:featuredmedia":[{"embeddable":true,"href":"https:\/\/blidor.ch\/fr\/wp-json\/wp\/v2\/media\/1520"}],"wp:attachment":[{"href":"https:\/\/blidor.ch\/fr\/wp-json\/wp\/v2\/media?parent=1117"}],"wp:term":[{"taxonomy":"product_brand","embeddable":true,"href":"https:\/\/blidor.ch\/fr\/wp-json\/wp\/v2\/product_brand?post=1117"},{"taxonomy":"product_cat","embeddable":true,"href":"https:\/\/blidor.ch\/fr\/wp-json\/wp\/v2\/product_cat?post=1117"},{"taxonomy":"product_tag","embeddable":true,"href":"https:\/\/blidor.ch\/fr\/wp-json\/wp\/v2\/product_tag?post=1117"}],"curies":[{"name":"wp","href":"https:\/\/api.w.org\/{rel}","templated":true}]}}