{"id":1099,"date":"2020-10-19T14:10:35","date_gmt":"2020-10-19T12:10:35","guid":{"rendered":"http:\/\/blidor-webshop-staging.ch.merlin.ch-meta.net\/shop\/import-placeholder-for-1613\/"},"modified":"2024-10-05T09:03:32","modified_gmt":"2024-10-05T07:03:32","slug":"creme-de-nuit-olive","status":"publish","type":"product","link":"https:\/\/blidor.ch\/fr\/webshop\/nachtcreme-olive\/","title":{"rendered":"Cr\u00e8me de nuit Olive"},"content":{"rendered":"<h2>Soin visage r\u00e9g\u00e9n\u00e9rant pour peaux s\u00e8ches<\/h2>\n<p>La cr\u00e8me de nuit <a href=\"\/fr\/olive\/\">Olive<\/a> est \u00e0 base d'huile pr\u00e9cieuse d'olives m\u00fbries au soleil. <a href=\"\/fr\/olive\/\">Olives<\/a> et contient en outre de l'extrait bio de feuilles d'olivier. Depuis des si\u00e8cles, l'huile d'olive est consid\u00e9r\u00e9e comme un produit de beaut\u00e9 unique. Sa composition est similaire \u00e0 celle des lipides de la peau et elle est riche en acides gras insatur\u00e9s, qui sont importants pour la formation de la barri\u00e8re cutan\u00e9e. Les cr\u00e8mes \u00e0 l'huile d'olive peuvent \u00eatre absorb\u00e9es de mani\u00e8re optimale par la peau. C'est une cr\u00e8me qui convient \u00e0 tous les types de peau et qui agit pr\u00e9ventivement contre le dess\u00e8chement de la peau. Elle hydrate durablement notre peau, qui est douce et \u00e9lastique au toucher le matin.<\/p>\n<h2>Fabriqu\u00e9 en Suisse avec de l'extrait d'olive bio<\/h2>\n<p>Blidor est une entreprise familiale avec une longue tradition. Nous d\u00e9veloppons et fabriquons nos produits nous-m\u00eames \u00e0 Baar.<\/p>\n<h2>Acheter des soins du visage naturels<\/h2>\n<p><strong>Remarque :<\/strong> Commandez les <a href=\"\/fr\/boutique-en-ligne\/creme-de-jour-olive\/\">Cr\u00e8me de jour Olive<\/a> et cr\u00e8me de nuit <a href=\"\/fr\/olive\/\">Olive<\/a> dans un set avantageux.<\/p>","protected":false},"excerpt":{"rendered":"<p>La cr\u00e8me de nuit Olive favorise la r\u00e9g\u00e9n\u00e9ration de la peau pendant la nuit. Elle hydrate intens\u00e9ment et durablement la peau et soutient le m\u00e9tabolisme naturel de la peau. Pour une peau hydrat\u00e9e, souple et \u00e9clatante de beaut\u00e9. Convient \u00e9galement comme soin intensif de jour.<\/p>","protected":false},"featured_media":1514,"comment_status":"open","ping_status":"closed","template":"","meta":[],"product_brand":[],"product_cat":[31,30],"product_tag":[721,58,720,677,669,623],"class_list":{"0":"post-1099","1":"product","2":"type-product","3":"status-publish","4":"has-post-thumbnail","6":"product_cat-gesicht","7":"product_cat-kosmetik","8":"product_tag-alle-hauttypen","9":"product_tag-kosmetik-olivenoel","10":"product_tag-nachtcreme","11":"product_tag-olivenoel","12":"product_tag-pflege","13":"product_tag-trockene-haut","15":"first","16":"instock","17":"taxable","18":"shipping-taxable","19":"purchasable","20":"product-type-simple"},"_links":{"self":[{"href":"https:\/\/blidor.ch\/fr\/wp-json\/wp\/v2\/product\/1099","targetHints":{"allow":["GET"]}}],"collection":[{"href":"https:\/\/blidor.ch\/fr\/wp-json\/wp\/v2\/product"}],"about":[{"href":"https:\/\/blidor.ch\/fr\/wp-json\/wp\/v2\/types\/product"}],"replies":[{"embeddable":true,"href":"https:\/\/blidor.ch\/fr\/wp-json\/wp\/v2\/comments?post=1099"}],"version-history":[{"count":0,"href":"https:\/\/blidor.ch\/fr\/wp-json\/wp\/v2\/product\/1099\/revisions"}],"wp:featuredmedia":[{"embeddable":true,"href":"https:\/\/blidor.ch\/fr\/wp-json\/wp\/v2\/media\/1514"}],"wp:attachment":[{"href":"https:\/\/blidor.ch\/fr\/wp-json\/wp\/v2\/media?parent=1099"}],"wp:term":[{"taxonomy":"product_brand","embeddable":true,"href":"https:\/\/blidor.ch\/fr\/wp-json\/wp\/v2\/product_brand?post=1099"},{"taxonomy":"product_cat","embeddable":true,"href":"https:\/\/blidor.ch\/fr\/wp-json\/wp\/v2\/product_cat?post=1099"},{"taxonomy":"product_tag","embeddable":true,"href":"https:\/\/blidor.ch\/fr\/wp-json\/wp\/v2\/product_tag?post=1099"}],"curies":[{"name":"wp","href":"https:\/\/api.w.org\/{rel}","templated":true}]}}