{"id":1098,"date":"2020-10-19T14:10:35","date_gmt":"2020-10-19T12:10:35","guid":{"rendered":"http:\/\/blidor-webshop-staging.ch.merlin.ch-meta.net\/shop\/import-placeholder-for-1610\/"},"modified":"2023-10-18T14:16:38","modified_gmt":"2023-10-18T12:16:38","slug":"creme-de-jour-olive","status":"publish","type":"product","link":"https:\/\/blidor.ch\/fr\/webshop\/tagescreme-olive\/","title":{"rendered":"Cr\u00e8me de jour Olive"},"content":{"rendered":"<h2>La solution pour les peaux s\u00e8ches - Cr\u00e8me de jour Olive<\/h2>\n<p>L'huile d'olive est utilis\u00e9e depuis toujours pour les soins de la peau. Cette cr\u00e8me pour le visage contient de l'huile pr\u00e9cieuse d'olives m\u00fbries au soleil et de l'extrait bio de feuilles d'olivier. La formule sp\u00e9ciale de cette cr\u00e8me permet de garder la peau, m\u00eame s\u00e8che, souple et naturellement fra\u00eeche tout au long de la journ\u00e9e. Elle contient une protection UVA\/UVB. Gr\u00e2ce \u00e0 ce soin de jour frais et l\u00e9g\u00e8rement parfum\u00e9, profitez chaque jour de la sensation d'une peau de visage \u00e9lastique.<\/p>\n<h2>Acheter des soins du visage naturels<\/h2>\n<p><strong>Remarque :<\/strong> Commandez les journaux du jour et <a href=\"\/fr\/boutique-en-ligne\/creme-de-nuit-olive\/\">Cr\u00e8me de nuit Olive<\/a> \u00e0 l'extrait de feuilles d'olivier bio dans un kit avantageux.<\/p>","protected":false},"excerpt":{"rendered":"<p>La cr\u00e8me de jour Olive a un effet r\u00e9g\u00e9n\u00e9rant. Elle redonne de la fra\u00eecheur aux peaux s\u00e8ches et sensibles et leur procure un teint lisse et velout\u00e9. La pr\u00e9cieuse huile d'olive m\u00fbrie au soleil et l'extrait bio de feuilles d'olivier assurent une souplesse durable. La cr\u00e8me est id\u00e9ale pour les soins quotidiens de la peau et convient \u00e0 tous les types de peau. M\u00eame les peaux s\u00e8ches et sensibles sont parfaitement soign\u00e9es.<\/p>","protected":false},"featured_media":1511,"comment_status":"open","ping_status":"closed","template":"","meta":[],"product_brand":[],"product_cat":[31,30],"product_tag":[58,677,707,623],"class_list":{"0":"post-1098","1":"product","2":"type-product","3":"status-publish","4":"has-post-thumbnail","6":"product_cat-gesicht","7":"product_cat-kosmetik","8":"product_tag-kosmetik-olivenoel","9":"product_tag-olivenoel","10":"product_tag-tagespflege","11":"product_tag-trockene-haut","13":"first","14":"instock","15":"taxable","16":"shipping-taxable","17":"purchasable","18":"product-type-simple"},"_links":{"self":[{"href":"https:\/\/blidor.ch\/fr\/wp-json\/wp\/v2\/product\/1098","targetHints":{"allow":["GET"]}}],"collection":[{"href":"https:\/\/blidor.ch\/fr\/wp-json\/wp\/v2\/product"}],"about":[{"href":"https:\/\/blidor.ch\/fr\/wp-json\/wp\/v2\/types\/product"}],"replies":[{"embeddable":true,"href":"https:\/\/blidor.ch\/fr\/wp-json\/wp\/v2\/comments?post=1098"}],"version-history":[{"count":0,"href":"https:\/\/blidor.ch\/fr\/wp-json\/wp\/v2\/product\/1098\/revisions"}],"wp:featuredmedia":[{"embeddable":true,"href":"https:\/\/blidor.ch\/fr\/wp-json\/wp\/v2\/media\/1511"}],"wp:attachment":[{"href":"https:\/\/blidor.ch\/fr\/wp-json\/wp\/v2\/media?parent=1098"}],"wp:term":[{"taxonomy":"product_brand","embeddable":true,"href":"https:\/\/blidor.ch\/fr\/wp-json\/wp\/v2\/product_brand?post=1098"},{"taxonomy":"product_cat","embeddable":true,"href":"https:\/\/blidor.ch\/fr\/wp-json\/wp\/v2\/product_cat?post=1098"},{"taxonomy":"product_tag","embeddable":true,"href":"https:\/\/blidor.ch\/fr\/wp-json\/wp\/v2\/product_tag?post=1098"}],"curies":[{"name":"wp","href":"https:\/\/api.w.org\/{rel}","templated":true}]}}