{"id":1097,"date":"2020-10-19T14:10:35","date_gmt":"2020-10-19T12:10:35","guid":{"rendered":"http:\/\/blidor-webshop-staging.ch.merlin.ch-meta.net\/shop\/import-placeholder-for-1607\/"},"modified":"2023-10-18T14:04:30","modified_gmt":"2023-10-18T12:04:30","slug":"baume-apres-rasage-a-la-camomille","status":"publish","type":"product","link":"https:\/\/blidor.ch\/fr\/webshop\/after-shave-balsam-kamille\/","title":{"rendered":"Baume apr\u00e8s-rasage Camomille"},"content":{"rendered":"<h2>Extraits de plantes bio pour des soins naturels de la peau<\/h2>\n<p>Apr\u00e8s le rasage, la peau est souvent irrit\u00e9e et tiraille d\u00e9sagr\u00e9ablement. Le baume apr\u00e8s-rasage \u00e0 l'extrait de camomille bio apporte un soulagement imm\u00e9diat. Il apaise la peau et d\u00e9gage un agr\u00e9able parfum frais. Il suffit de l'appliquer uniform\u00e9ment sur la peau apr\u00e8s le rasage. La peau est hydrat\u00e9e - pour une apparence d\u00e9tendue et soign\u00e9e.<\/p>\n<p>Doux pour la peau et polyvalent dans son utilisation : Le baume apr\u00e8s-rasage est en outre le rafra\u00eechissement appropri\u00e9 en voyage ou avant un rendez-vous d'affaires important.<\/p>","protected":false},"excerpt":{"rendered":"<p>Le baume apr\u00e8s-rasage \u00e0 l'extrait de camomille bio pour la peau masculine sensible apaise imm\u00e9diatement.<\/p>","protected":false},"featured_media":1509,"comment_status":"open","ping_status":"closed","template":"","meta":[],"product_brand":[],"product_cat":[31,30],"product_tag":[799,685,668,317,57],"class_list":{"0":"post-1097","1":"product","2":"type-product","3":"status-publish","4":"has-post-thumbnail","6":"product_cat-gesicht","7":"product_cat-kosmetik","8":"product_tag-after-shave","9":"product_tag-beruhigend","10":"product_tag-gereizte-haut","11":"product_tag-kamille","12":"product_tag-kosmetik-kamille","14":"first","15":"instock","16":"taxable","17":"shipping-taxable","18":"purchasable","19":"product-type-simple"},"_links":{"self":[{"href":"https:\/\/blidor.ch\/fr\/wp-json\/wp\/v2\/product\/1097","targetHints":{"allow":["GET"]}}],"collection":[{"href":"https:\/\/blidor.ch\/fr\/wp-json\/wp\/v2\/product"}],"about":[{"href":"https:\/\/blidor.ch\/fr\/wp-json\/wp\/v2\/types\/product"}],"replies":[{"embeddable":true,"href":"https:\/\/blidor.ch\/fr\/wp-json\/wp\/v2\/comments?post=1097"}],"version-history":[{"count":0,"href":"https:\/\/blidor.ch\/fr\/wp-json\/wp\/v2\/product\/1097\/revisions"}],"wp:featuredmedia":[{"embeddable":true,"href":"https:\/\/blidor.ch\/fr\/wp-json\/wp\/v2\/media\/1509"}],"wp:attachment":[{"href":"https:\/\/blidor.ch\/fr\/wp-json\/wp\/v2\/media?parent=1097"}],"wp:term":[{"taxonomy":"product_brand","embeddable":true,"href":"https:\/\/blidor.ch\/fr\/wp-json\/wp\/v2\/product_brand?post=1097"},{"taxonomy":"product_cat","embeddable":true,"href":"https:\/\/blidor.ch\/fr\/wp-json\/wp\/v2\/product_cat?post=1097"},{"taxonomy":"product_tag","embeddable":true,"href":"https:\/\/blidor.ch\/fr\/wp-json\/wp\/v2\/product_tag?post=1097"}],"curies":[{"name":"wp","href":"https:\/\/api.w.org\/{rel}","templated":true}]}}