{"id":1095,"date":"2020-10-19T14:10:35","date_gmt":"2020-10-19T12:10:35","guid":{"rendered":"http:\/\/blidor-webshop-staging.ch.merlin.ch-meta.net\/shop\/import-placeholder-for-1603\/"},"modified":"2025-05-27T12:22:52","modified_gmt":"2025-05-27T10:22:52","slug":"creme-de-nuit-trefle-des-pres","status":"publish","type":"product","link":"https:\/\/blidor.ch\/fr\/webshop\/nachtcreme-gluecksklee\/","title":{"rendered":"Cr\u00e8me de nuit Tr\u00e8fle \u00e0 quatre feuilles"},"content":{"rendered":"<h2>Une cr\u00e8me de soin riche pour la nuit<\/h2>\n<p>La substance riche de cette cr\u00e8me est bas\u00e9e sur une huile v\u00e9g\u00e9tale pr\u00e9cieuse, elle nourrit et lisse notre peau pendant notre sommeil. La vitamine A pure et les essences riches du tr\u00e8fle rouge acc\u00e9l\u00e8rent le processus naturel de r\u00e9g\u00e9n\u00e9ration. La peau est sensiblement plus \u00e9lastique et plus fra\u00eeche. Un soin harmonisant aux vitamines et \u00e0 l'extrait de tr\u00e8fle rouge bio. Pour un sourire \u00e9clatant et frais le matin. Convient \u00e9galement comme soin intensif en journ\u00e9e.<\/p>\n<h2>Acheter des cosm\u00e9tiques naturels<\/h2>\n<p>Les extraits de plantes bio utilis\u00e9s sont certifi\u00e9s EcoControl.<\/p>\n<p class=\"bodytext\">.<\/p>","protected":false},"excerpt":{"rendered":"<p>Enrichie en ingr\u00e9dients pr\u00e9cieux, la cr\u00e8me de nuit au tr\u00e8fle porte-bonheur favorise la r\u00e9g\u00e9n\u00e9ration naturelle de la peau pendant la nuit. Elle hydrate intens\u00e9ment la peau. Le lendemain matin, la peau est sensiblement plus \u00e9lastique et plus fra\u00eeche. Elle convient \u00e9galement comme soin intensif pour la journ\u00e9e.<\/p>","protected":false},"featured_media":1513,"comment_status":"open","ping_status":"closed","template":"","meta":[],"product_brand":[],"product_cat":[31,30],"product_tag":[788,56,720],"class_list":{"0":"post-1095","1":"product","2":"type-product","3":"status-publish","4":"has-post-thumbnail","6":"product_cat-gesicht","7":"product_cat-kosmetik","8":"product_tag-harmonisierende-pflege","9":"product_tag-kosmetik-gluecksklee","10":"product_tag-nachtcreme","12":"first","13":"outofstock","14":"taxable","15":"shipping-taxable","16":"purchasable","17":"product-type-variable","18":"has-default-attributes"},"_links":{"self":[{"href":"https:\/\/blidor.ch\/fr\/wp-json\/wp\/v2\/product\/1095","targetHints":{"allow":["GET"]}}],"collection":[{"href":"https:\/\/blidor.ch\/fr\/wp-json\/wp\/v2\/product"}],"about":[{"href":"https:\/\/blidor.ch\/fr\/wp-json\/wp\/v2\/types\/product"}],"replies":[{"embeddable":true,"href":"https:\/\/blidor.ch\/fr\/wp-json\/wp\/v2\/comments?post=1095"}],"version-history":[{"count":1,"href":"https:\/\/blidor.ch\/fr\/wp-json\/wp\/v2\/product\/1095\/revisions"}],"predecessor-version":[{"id":21117,"href":"https:\/\/blidor.ch\/fr\/wp-json\/wp\/v2\/product\/1095\/revisions\/21117"}],"wp:featuredmedia":[{"embeddable":true,"href":"https:\/\/blidor.ch\/fr\/wp-json\/wp\/v2\/media\/1513"}],"wp:attachment":[{"href":"https:\/\/blidor.ch\/fr\/wp-json\/wp\/v2\/media?parent=1095"}],"wp:term":[{"taxonomy":"product_brand","embeddable":true,"href":"https:\/\/blidor.ch\/fr\/wp-json\/wp\/v2\/product_brand?post=1095"},{"taxonomy":"product_cat","embeddable":true,"href":"https:\/\/blidor.ch\/fr\/wp-json\/wp\/v2\/product_cat?post=1095"},{"taxonomy":"product_tag","embeddable":true,"href":"https:\/\/blidor.ch\/fr\/wp-json\/wp\/v2\/product_tag?post=1095"}],"curies":[{"name":"wp","href":"https:\/\/api.w.org\/{rel}","templated":true}]}}