{"id":1091,"date":"2020-10-19T14:10:35","date_gmt":"2020-10-19T12:10:35","guid":{"rendered":"http:\/\/blidor-webshop-staging.ch.merlin.ch-meta.net\/shop\/import-placeholder-for-1631\/"},"modified":"2026-03-28T21:37:39","modified_gmt":"2026-03-28T20:37:39","slug":"creme-de-douche-algue","status":"publish","type":"product","link":"https:\/\/blidor.ch\/fr\/webshop\/duschcreme-alge\/","title":{"rendered":"Cr\u00e8me de douche aux algues"},"content":{"rendered":"<h2>Cr\u00e8me aux algues : comme une journ\u00e9e \u00e0 la mer<\/h2>\n<p><a href=\"\/fr\/algue\/\">Algues<\/a> sont aujourd'hui ajout\u00e9s \u00e0 de nombreux produits cosm\u00e9tiques. Elles contiennent des prot\u00e9ines, des vitamines et des b\u00eata-carot\u00e8nes, ainsi que de nombreux min\u00e9raux et oligo-\u00e9l\u00e9ments. Les algues ont une structure cellulaire similaire \u00e0 celle des cellules du corps humain. C'est pourquoi les produits de soins corporels contenant des extraits d'algues marines sont si agr\u00e9ables et naturels.<\/p>\n<p>La cr\u00e8me de douche <a href=\"\/fr\/algue\/\">Algue<\/a> \u00e0 l'extrait d'algues marines soigne et tonifie avec un parfum subtil. Elle hydrate votre peau et la rend merveilleusement douce. Votre peau est nettoy\u00e9e et rafra\u00eechie et vous vous sentez revigor\u00e9 ! La cr\u00e8me de douche Algue est comme un bain de mer.<\/p>\n<h2>Anti-\u00e2ge gr\u00e2ce \u00e0 la cosm\u00e9tique aux algues<\/h2>\n<p>Les pr\u00e9cieux ingr\u00e9dients de l'extrait d'algues marines prot\u00e8gent la peau contre les influences environnementales telles que la pollution, la revitalisent et disposent d'un effet anti-\u00e2ge.<\/p>\n<h2>L'algue dans les cosm\u00e9tiques<\/h2>\n<p>Le site <a href=\"\/fr\/algue\/\">Algue<\/a> (Fucus vesiculosus) est une algue de la classe des algues brunes, tr\u00e8s r\u00e9pandue dans l'Atlantique Nord, la mer du Nord et la mer Baltique. Dans le langage populaire, le fucus est \u00e9galement appel\u00e9 \"ch\u00eane de mer\", \"ch\u00eane marin\", \"fucus\", \"fucus de bosse\" ou \"fucus de cochon\". Il pousse dans la zone de surf et dans la zone de mar\u00e9e sup\u00e9rieure, sur des supports solides tels que les rochers, les pierres et le bois.<\/p>\n<p>Les algues marines font partie des organismes vivants les plus anciens et disposent d'un grand potentiel de pr\u00e9cieux principes actifs cosm\u00e9tiques. Le principe actif du fucus soigne, raffermit, fournit de l'\u00e9nergie \u00e0 notre peau et la prot\u00e8ge en outre des influences environnementales.<\/p>","protected":false},"excerpt":{"rendered":"<p>La cr\u00e8me de douche Alge \u00e0 l'extrait d'algues marines tonifie et rafra\u00eechit. Ses pr\u00e9cieux ingr\u00e9dients prot\u00e8gent la peau contre les agressions de l'environnement et ont un effet anti-\u00e2ge. Profitez de la force de la mer sous forme de cr\u00e8me de douche aux algues revitalisante.<\/p>","protected":false},"featured_media":1575,"comment_status":"open","ping_status":"closed","template":"","meta":[],"product_brand":[],"product_cat":[918,35,30],"product_tag":[613,615,614],"class_list":{"0":"post-1091","1":"product","2":"type-product","3":"status-publish","4":"has-post-thumbnail","6":"product_cat-duschmittel","7":"product_cat-koerper","8":"product_cat-kosmetik","9":"product_tag-duschcreme","10":"product_tag-erfrischend","11":"product_tag-meeresalgenextrakt","13":"first","14":"instock","15":"taxable","16":"shipping-taxable","17":"purchasable","18":"product-type-simple"},"_links":{"self":[{"href":"https:\/\/blidor.ch\/fr\/wp-json\/wp\/v2\/product\/1091","targetHints":{"allow":["GET"]}}],"collection":[{"href":"https:\/\/blidor.ch\/fr\/wp-json\/wp\/v2\/product"}],"about":[{"href":"https:\/\/blidor.ch\/fr\/wp-json\/wp\/v2\/types\/product"}],"replies":[{"embeddable":true,"href":"https:\/\/blidor.ch\/fr\/wp-json\/wp\/v2\/comments?post=1091"}],"version-history":[{"count":0,"href":"https:\/\/blidor.ch\/fr\/wp-json\/wp\/v2\/product\/1091\/revisions"}],"wp:featuredmedia":[{"embeddable":true,"href":"https:\/\/blidor.ch\/fr\/wp-json\/wp\/v2\/media\/1575"}],"wp:attachment":[{"href":"https:\/\/blidor.ch\/fr\/wp-json\/wp\/v2\/media?parent=1091"}],"wp:term":[{"taxonomy":"product_brand","embeddable":true,"href":"https:\/\/blidor.ch\/fr\/wp-json\/wp\/v2\/product_brand?post=1091"},{"taxonomy":"product_cat","embeddable":true,"href":"https:\/\/blidor.ch\/fr\/wp-json\/wp\/v2\/product_cat?post=1091"},{"taxonomy":"product_tag","embeddable":true,"href":"https:\/\/blidor.ch\/fr\/wp-json\/wp\/v2\/product_tag?post=1091"}],"curies":[{"name":"wp","href":"https:\/\/api.w.org\/{rel}","templated":true}]}}