{"id":1090,"date":"2020-10-19T14:10:35","date_gmt":"2020-10-19T12:10:35","guid":{"rendered":"http:\/\/blidor-webshop-staging.ch.merlin.ch-meta.net\/shop\/import-placeholder-for-1619\/"},"modified":"2026-03-30T10:26:05","modified_gmt":"2026-03-30T08:26:05","slug":"bodylotion-olive","status":"publish","type":"product","link":"https:\/\/blidor.ch\/fr\/webshop\/bodylotion-olive\/","title":{"rendered":"Lotion pour le corps Olive"},"content":{"rendered":"<h2>Lotion corporelle Olive - une cure de douceur pour la peau<\/h2>\n<p>Cette luxueuse lotion pour le corps contient de l'huile pr\u00e9cieuse de fruits m\u00fbris au soleil. <a href=\"\/fr\/olive\/\">Olives<\/a> et l'extrait de feuilles d'olivier \u00e0 l'effet antiseptique. Cette combinaison de substances actives soutient le processus naturel de r\u00e9g\u00e9n\u00e9ration de la peau. La lotion corporelle Olive convient particuli\u00e8rement aux peaux s\u00e8ches et sensibles. Elle p\u00e9n\u00e8tre rapidement et soigne la peau de mani\u00e8re intensive et durable. Elle prot\u00e8ge la peau sollicit\u00e9e, l'apaise et l'hydrate. L'\u00e9lasticit\u00e9 de la peau est ainsi am\u00e9lior\u00e9e en douceur. La lotion corporelle Olive est un excellent soin corporel pour revitaliser et restaurer les peaux sensibles et s\u00e8ches. Apr\u00e8s chaque application, la peau est prot\u00e9g\u00e9e de mani\u00e8re fiable contre le dess\u00e8chement et est merveilleusement douce et \u00e9lastique au toucher. Une v\u00e9ritable cure de bien-\u00eatre pour une sensation de peau douce et souple.<\/p>\n<h2>Lotion corporelle \u00e0 l'huile d'olive<\/h2>\n<p>Pour la lotion corporelle Olive, nous utilisons un pr\u00e9cieux extrait de feuilles d'olivier bio et de l'huile d'olive suisse. <a href=\"\/fr\/sauge\/\">Sauge<\/a>-extrait.<\/p>\n<div class=\"elementor-element elementor-element-30e0cf7 elementor-widget elementor-widget-heading\" data-id=\"30e0cf7\" data-element_type=\"widget\" data-widget_type=\"heading.default\">\n<div class=\"elementor-widget-container\">\n<h2 class=\"elementor-heading-title elementor-size-default\">L'olive dans les cosm\u00e9tiques<\/h2>\n<\/div>\n<\/div>\n<div class=\"elementor-element elementor-element-5cf6750 elementor-widget elementor-widget-text-editor\" data-id=\"5cf6750\" data-element_type=\"widget\" data-widget_type=\"text-editor.default\">\n<div class=\"elementor-widget-container\">\n<p>L'huile d'olive est un ingr\u00e9dient polyvalent en cosm\u00e9tique qui offre de nombreux avantages pour la peau. Elle est riche en antioxydants et en vitamine E, qui peuvent aider \u00e0 prot\u00e9ger la peau des dommages caus\u00e9s par les radicaux libres et \u00e0 ralentir le processus de vieillissement. <a href=\"\/fr\/olive\/\">Huile d'olive<\/a> peut \u00e9galement contribuer \u00e0 hydrater la peau et \u00e0 la garder souple et douce.<\/p>\n<p>Tu veux en savoir plus sur les <a href=\"\/fr\/olive\/\">Olive<\/a> et conna\u00eetre vos utilisations, <a href=\"\/fr\/olive\/\">tu trouveras ici encore plus d'informations<\/a>.<\/p>\n<\/div>\n<\/div>","protected":false},"excerpt":{"rendered":"<p>La lotion corporelle Olive r\u00e9g\u00e9n\u00e8re les peaux ab\u00eem\u00e9es et s\u00e8ches. Elle contient de l'huile pr\u00e9cieuse d'olives m\u00fbries au soleil et de l'extrait antiseptique de feuilles d'olivier. Elle s'applique facilement et est agr\u00e9ablement parfum\u00e9e.<\/p>","protected":false},"featured_media":20325,"comment_status":"open","ping_status":"closed","template":"","meta":[],"product_brand":[],"product_cat":[920,35,30],"product_tag":[667,58,638,623],"class_list":{"0":"post-1090","1":"product","2":"type-product","3":"status-publish","4":"has-post-thumbnail","6":"product_cat-bodylotion","7":"product_cat-koerper","8":"product_cat-kosmetik","9":"product_tag-bodylotion","10":"product_tag-kosmetik-olivenoel","11":"product_tag-regeneration","12":"product_tag-trockene-haut","14":"first","15":"instock","16":"taxable","17":"shipping-taxable","18":"purchasable","19":"product-type-simple"},"_links":{"self":[{"href":"https:\/\/blidor.ch\/fr\/wp-json\/wp\/v2\/product\/1090","targetHints":{"allow":["GET"]}}],"collection":[{"href":"https:\/\/blidor.ch\/fr\/wp-json\/wp\/v2\/product"}],"about":[{"href":"https:\/\/blidor.ch\/fr\/wp-json\/wp\/v2\/types\/product"}],"replies":[{"embeddable":true,"href":"https:\/\/blidor.ch\/fr\/wp-json\/wp\/v2\/comments?post=1090"}],"version-history":[{"count":1,"href":"https:\/\/blidor.ch\/fr\/wp-json\/wp\/v2\/product\/1090\/revisions"}],"predecessor-version":[{"id":20326,"href":"https:\/\/blidor.ch\/fr\/wp-json\/wp\/v2\/product\/1090\/revisions\/20326"}],"wp:featuredmedia":[{"embeddable":true,"href":"https:\/\/blidor.ch\/fr\/wp-json\/wp\/v2\/media\/20325"}],"wp:attachment":[{"href":"https:\/\/blidor.ch\/fr\/wp-json\/wp\/v2\/media?parent=1090"}],"wp:term":[{"taxonomy":"product_brand","embeddable":true,"href":"https:\/\/blidor.ch\/fr\/wp-json\/wp\/v2\/product_brand?post=1090"},{"taxonomy":"product_cat","embeddable":true,"href":"https:\/\/blidor.ch\/fr\/wp-json\/wp\/v2\/product_cat?post=1090"},{"taxonomy":"product_tag","embeddable":true,"href":"https:\/\/blidor.ch\/fr\/wp-json\/wp\/v2\/product_tag?post=1090"}],"curies":[{"name":"wp","href":"https:\/\/api.w.org\/{rel}","templated":true}]}}