{"id":1088,"date":"2020-10-19T14:10:35","date_gmt":"2020-10-19T12:10:35","guid":{"rendered":"http:\/\/blidor-webshop-staging.ch.merlin.ch-meta.net\/shop\/import-placeholder-for-1597\/"},"modified":"2025-02-25T16:05:06","modified_gmt":"2025-02-25T15:05:06","slug":"creme-solaire-aloe-vera","status":"publish","type":"product","link":"https:\/\/blidor.ch\/fr\/webshop\/sonnenschutz-creme-aloe-vera\/","title":{"rendered":"Cr\u00e8me \u00e0 l'aloe vera"},"content":{"rendered":"<h2>Protection solaire \u00e0 l'aloe vera - Apaisant et protecteur<\/h2>\n<p class=\"bodytext\">La protection solaire \u00e0 l'aloe vera prot\u00e8ge la peau de mani\u00e8re fiable - m\u00eame dans des conditions extr\u00eames, comme celles que l'on rencontre en montagne ou sur l'eau. Gr\u00e2ce \u00e0 sa r\u00e9sistance \u00e0 l'eau, elle prot\u00e8ge \u00e9galement pendant et apr\u00e8s la baignade. La cr\u00e8me \u00e0 l'aloe vera s'\u00e9tale facilement sur la peau, p\u00e9n\u00e8tre rapidement et ne laisse pas de film gras. Le dess\u00e8chement est emp\u00each\u00e9 par des substances actives sp\u00e9cialement s\u00e9lectionn\u00e9es, comme l'aloe vera, l'extrait de betterave \u00e0 sucre et de levure ainsi que l'huile de jojoba. La peau reste lisse, douce et conserve sa souplesse. Appliquez la cr\u00e8me Aloe Vera 30 minutes avant l'exposition au soleil et r\u00e9p\u00e9tez l'op\u00e9ration apr\u00e8s un s\u00e9jour prolong\u00e9 dans l'eau ou apr\u00e8s une forte transpiration.<\/p>\n<h2>Cr\u00e8me solaire sans produits chimiques<\/h2>\n<ul>\n<li>Cr\u00e8me solaire sans nanoparticules<\/li>\n<li>Cr\u00e8me solaire sans conservateur chimique<\/li>\n<li>Cr\u00e8me solaire sans parfum allerg\u00e8ne<\/li>\n<li>Ne contient pas d'hormones<\/li>\n<li>Fabriqu\u00e9 en Suisse<\/li>\n<\/ul>\n<p>Les filtres UVB et UVA contenus dans la Cr\u00e8me solaire Aloe Vera FPS30 sont particuli\u00e8rement importants pour les peaux non bronz\u00e9es et sensibles.<\/p>\n<h3>R\u00e9sistant \u00e0 l'eau, application facile et teint dor\u00e9<\/h3>\n<p>Gr\u00e2ce \u00e0 sa r\u00e9sistance \u00e0 l'eau, la cr\u00e8me prot\u00e8ge \u00e9galement pendant et apr\u00e8s la natation ou la baignade. La cr\u00e8me s'\u00e9tale tr\u00e8s agr\u00e9ablement sur la peau, p\u00e9n\u00e8tre rapidement et ne laisse pas de film gras. Apr\u00e8s une courte p\u00e9riode \u00e0 l'ext\u00e9rieur, vous obtenez d\u00e9j\u00e0 un teint sain et une teinte dor\u00e9e sur votre peau.<\/p>\n<h3>Large champ d'application<\/h3>\n<p>Le pr\u00e9cieux extrait d'aloe vera prot\u00e8ge la peau de mani\u00e8re fiable contre les coups de soleil et les dommages cutan\u00e9s dus \u00e0 une exposition intensive au soleil, comme par exemple en montagne, dans les hautes Alpes et sur l'eau.<\/p>\n<h2>L'aloe vera comme protection solaire et soin en m\u00eame temps<\/h2>\n<p>Outre une protection de qualit\u00e9, la cr\u00e8me \u00e0 l'aloe vera offre un soin pr\u00e9cieux et naturel \u00e0 votre peau. Le dess\u00e8chement est \u00e9vit\u00e9 gr\u00e2ce \u00e0 des substances actives sp\u00e9cialement s\u00e9lectionn\u00e9es :<\/p>\n<ul>\n<li>Aloe vera : hydratant et r\u00e9g\u00e9n\u00e9rant<\/li>\n<li>La betterave sucri\u00e8re : nourrissante et protectrice pour la peau<\/li>\n<li>Extrait de levure : nourrissant et protecteur de la peau<\/li>\n<li>Huile de jojoba : anti-inflammatoire, nourrissante et riche en vitamine E et en min\u00e9raux<\/li>\n<\/ul>\n<p>Ainsi, votre peau reste lisse, douce et conserve sa souplesse.<\/p>\n<h2>Cr\u00e8me solaire pour peaux sensibles<\/h2>\n<p>Gr\u00e2ce \u00e0 son excellente combinaison de principes actifs, la cr\u00e8me \u00e0 l'aloe vera peut \u00eatre utilis\u00e9e aussi bien pour le visage et le corps que comme cr\u00e8me solaire pour les peaux sensibles.<\/p>","protected":false},"excerpt":{"rendered":"<p>La cr\u00e8me solaire \u00e0 l'aloe vera avec FPS 30 prot\u00e8ge la peau de mani\u00e8re fiable contre les rayons du soleil. La cr\u00e8me solaire \u00e0 l'aloe vera garantit un bronzage sain et beau.<\/p>","protected":false},"featured_media":10664,"comment_status":"open","ping_status":"closed","template":"","meta":[],"product_brand":[],"product_cat":[31,35,30,903],"product_tag":[327,325,326],"class_list":{"0":"post-1088","1":"product","2":"type-product","3":"status-publish","4":"has-post-thumbnail","6":"product_cat-gesicht","7":"product_cat-koerper","8":"product_cat-kosmetik","9":"product_cat-sonnenschutz","10":"product_tag-aloe-vera-sonnenschutz","11":"product_tag-creme-aloe-vera","12":"product_tag-sonnencreme-aloe-vera","14":"first","15":"instock","16":"taxable","17":"shipping-taxable","18":"purchasable","19":"product-type-simple"},"_links":{"self":[{"href":"https:\/\/blidor.ch\/fr\/wp-json\/wp\/v2\/product\/1088","targetHints":{"allow":["GET"]}}],"collection":[{"href":"https:\/\/blidor.ch\/fr\/wp-json\/wp\/v2\/product"}],"about":[{"href":"https:\/\/blidor.ch\/fr\/wp-json\/wp\/v2\/types\/product"}],"replies":[{"embeddable":true,"href":"https:\/\/blidor.ch\/fr\/wp-json\/wp\/v2\/comments?post=1088"}],"version-history":[{"count":2,"href":"https:\/\/blidor.ch\/fr\/wp-json\/wp\/v2\/product\/1088\/revisions"}],"predecessor-version":[{"id":20883,"href":"https:\/\/blidor.ch\/fr\/wp-json\/wp\/v2\/product\/1088\/revisions\/20883"}],"wp:featuredmedia":[{"embeddable":true,"href":"https:\/\/blidor.ch\/fr\/wp-json\/wp\/v2\/media\/10664"}],"wp:attachment":[{"href":"https:\/\/blidor.ch\/fr\/wp-json\/wp\/v2\/media?parent=1088"}],"wp:term":[{"taxonomy":"product_brand","embeddable":true,"href":"https:\/\/blidor.ch\/fr\/wp-json\/wp\/v2\/product_brand?post=1088"},{"taxonomy":"product_cat","embeddable":true,"href":"https:\/\/blidor.ch\/fr\/wp-json\/wp\/v2\/product_cat?post=1088"},{"taxonomy":"product_tag","embeddable":true,"href":"https:\/\/blidor.ch\/fr\/wp-json\/wp\/v2\/product_tag?post=1088"}],"curies":[{"name":"wp","href":"https:\/\/api.w.org\/{rel}","templated":true}]}}