{"id":1087,"date":"2020-10-19T14:10:35","date_gmt":"2020-10-19T12:10:35","guid":{"rendered":"http:\/\/blidor-webshop-staging.ch.merlin.ch-meta.net\/shop\/import-placeholder-for-1594\/"},"modified":"2024-05-20T19:34:56","modified_gmt":"2024-05-20T17:34:56","slug":"bli-des-mousse-de-savon","status":"publish","type":"product","link":"https:\/\/blidor.ch\/fr\/webshop\/bli-des-seifenschaum\/","title":{"rendered":"BLI-DES\u00ae Mousse de savon"},"content":{"rendered":"<h2>Mousse de savon douce pour un nettoyage hygi\u00e9nique et en douceur des mains<\/h2>\n<p>Les personnes qui travaillent dans des domaines o\u00f9 l'hygi\u00e8ne est importante, comme la gastronomie, les cr\u00e8ches, les maisons de retraite, les piscines couvertes, mais aussi dans le domaine des soins ou de la m\u00e9decine, et qui doivent utiliser quotidiennement des nettoyants pour la peau traditionnels, souffrent souvent du fait que leurs composants dess\u00e8chent leur peau, la fatiguent et l'endommagent \u00e0 long terme.<\/p>\n<h2>Savon moussant nettoyant sans alcool<\/h2>\n<p><a href=\"\/fr\/blidor-ag\/\">Blidor SA<\/a> a d\u00e9sormais, avec le <a href=\"\/fr\/bli-des-formule\/\">BLI-DES\u00ae<\/a> Mousse de savon a d\u00e9velopp\u00e9 pour la premi\u00e8re fois un nettoyage de la peau parfait et hygi\u00e9nique qui ne contient absolument PAS d'alcools. \u00c0 la place des alcools et des compos\u00e9s d'ammonium quaternaire qui endommagent les lipides de la peau, on utilise une combinaison d'huiles essentielles et de tensioactifs doux qui n'agressent pas la peau. Le <a href=\"\/fr\/bli-des-formule\/\">BLI-DES\u00ae<\/a> La Mousse de Savon contient exclusivement des ingr\u00e9dients naturels ou identiques \u00e0 la nature et convient donc parfaitement aux personnes allergiques et aux enfants.<\/p>\n<p>La Mousse de Savon BLI-DES\u00ae est aussi parfaitement adapt\u00e9e \u00e0 la vie quotidienne - pour tous ceux qui ont besoin ou souhaitent avoir r\u00e9guli\u00e8rement des mains propres et hygi\u00e9niques.<\/p>\n<p>Application : <a href=\"\/fr\/bli-des-formule\/\">BLI-DES\u00ae<\/a> R\u00e9partir la mousse de savon dans les mains et frotter pendant environ 30 secondes, puis rincer \u00e0 l'eau courante.<\/p>\n<p>&nbsp;<\/p>","protected":false},"excerpt":{"rendered":"<p>Mousse de savon BLI-DES\u00ae pour un nettoyage des mains doux et hygi\u00e9nique \u00e0 la maison et en d\u00e9placement, sans charge suppl\u00e9mentaire pour vous et l'environnement. Test\u00e9 dermatologiquement avec la mention 'tr\u00e8s bien'.<\/p>\n<p>&nbsp;<\/p>","protected":false},"featured_media":17606,"comment_status":"open","ping_status":"closed","template":"","meta":[],"product_brand":[],"product_cat":[81,34,37],"product_tag":[608,893,758,607],"class_list":{"0":"post-1087","1":"product","2":"type-product","3":"status-publish","4":"has-post-thumbnail","6":"product_cat-blides","7":"product_cat-hygiene","8":"product_cat-seife","9":"product_tag-haendereinigung","10":"product_tag-problemloeser","11":"product_tag-schaumseife","12":"product_tag-seifenschaum","14":"first","15":"instock","16":"taxable","17":"shipping-taxable","18":"purchasable","19":"product-type-variable","20":"has-default-attributes"},"_links":{"self":[{"href":"https:\/\/blidor.ch\/fr\/wp-json\/wp\/v2\/product\/1087","targetHints":{"allow":["GET"]}}],"collection":[{"href":"https:\/\/blidor.ch\/fr\/wp-json\/wp\/v2\/product"}],"about":[{"href":"https:\/\/blidor.ch\/fr\/wp-json\/wp\/v2\/types\/product"}],"replies":[{"embeddable":true,"href":"https:\/\/blidor.ch\/fr\/wp-json\/wp\/v2\/comments?post=1087"}],"version-history":[{"count":0,"href":"https:\/\/blidor.ch\/fr\/wp-json\/wp\/v2\/product\/1087\/revisions"}],"wp:featuredmedia":[{"embeddable":true,"href":"https:\/\/blidor.ch\/fr\/wp-json\/wp\/v2\/media\/17606"}],"wp:attachment":[{"href":"https:\/\/blidor.ch\/fr\/wp-json\/wp\/v2\/media?parent=1087"}],"wp:term":[{"taxonomy":"product_brand","embeddable":true,"href":"https:\/\/blidor.ch\/fr\/wp-json\/wp\/v2\/product_brand?post=1087"},{"taxonomy":"product_cat","embeddable":true,"href":"https:\/\/blidor.ch\/fr\/wp-json\/wp\/v2\/product_cat?post=1087"},{"taxonomy":"product_tag","embeddable":true,"href":"https:\/\/blidor.ch\/fr\/wp-json\/wp\/v2\/product_tag?post=1087"}],"curies":[{"name":"wp","href":"https:\/\/api.w.org\/{rel}","templated":true}]}}