{"id":1086,"date":"2020-10-19T14:10:35","date_gmt":"2020-10-19T12:10:35","guid":{"rendered":"http:\/\/blidor-webshop-staging.ch.merlin.ch-meta.net\/shop\/import-placeholder-for-3326\/"},"modified":"2023-10-18T15:40:27","modified_gmt":"2023-10-18T13:40:27","slug":"douche-moussante-mauve","status":"publish","type":"product","link":"https:\/\/blidor.ch\/fr\/webshop\/schaumdusch-malve\/","title":{"rendered":"Mousse de douche \u00e0 la mauve"},"content":{"rendered":"<h2><a href=\"\/fr\/mauve\/\">Mauve<\/a> - Soin nourrissant<\/h2>\n<p>La Mousse Douche \u00e0 la Mauve, l\u00e9g\u00e8re et a\u00e9rienne, nettoie la peau avec une extr\u00eame douceur gr\u00e2ce \u00e0 sa formule de mousse d\u00e9licate et lui procure une sensation de souplesse. Gr\u00e2ce \u00e0 la mousse de douche, votre peau est enti\u00e8rement soign\u00e9e. Profitez chaque jour de l'effet bienfaisant de la mousse de douche et de son agr\u00e9able parfum frais et fleuri.<\/p>\n<h2>Mauve douce et bienfaisante<\/h2>\n<p>La vraie <a href=\"\/fr\/mauve\/\">Mauve<\/a>L'orpin, \u00e9galement appel\u00e9 \"herbe \u00e0 fromage\", fait partie de la famille des mauves. La <a href=\"\/fr\/mauve\/\">Mauve<\/a> compte parmi les plus anciennes plantes utiles et m\u00e9dicinales connues. On utilise g\u00e9n\u00e9ralement les feuilles et les fleurs. Ses composants actifs sont en premier lieu des mucilages qui ont un effet cicatrisant, reconstituant et apaisant. Dans la symbolique des plantes, la mauve est synonyme de \"douceur, d'indulgence et de bienfaisance\".<\/p>\n<div class=\"elementor-element elementor-element-c0c665e elementor-widget elementor-widget-heading\" data-id=\"c0c665e\" data-element_type=\"widget\" data-widget_type=\"heading.default\">\n<div class=\"elementor-widget-container\">\n<h2 class=\"elementor-heading-title elementor-size-default\"><a href=\"\/fr\/mauve\/\">Mauve<\/a> dans Cosm\u00e9tique et soins de la peau<\/h2>\n<p>L'extrait cosm\u00e9tique de fleurs sauvages <a href=\"\/fr\/mauve\/\">Mauve<\/a> utilise \u00e9galement ses mucilages, compos\u00e9s de sucres complexes. Ceux-ci enveloppent d\u00e9licatement la surface de la peau, la prot\u00e8gent des agressions de l'environnement et l'hydratent en formant des hydrocollo\u00efdes.<\/p>\n<\/div>\n<\/div>","protected":false},"excerpt":{"rendered":"<p>La douche moussante nourrissante \u00e0 la mauve est particuli\u00e8rement adapt\u00e9e aux peaux sensibles. Elle nettoie en douceur et est extr\u00eamement \u00e9conomique \u00e0 l'usage.<\/p>","protected":false},"featured_media":10839,"comment_status":"open","ping_status":"closed","template":"","meta":[],"product_brand":[],"product_cat":[918,35,30],"product_tag":[62,329,330],"class_list":{"0":"post-1086","1":"product","2":"type-product","3":"status-publish","4":"has-post-thumbnail","6":"product_cat-duschmittel","7":"product_cat-koerper","8":"product_cat-kosmetik","9":"product_tag-kosmetik-malve","10":"product_tag-malve","11":"product_tag-schaumdusch","13":"first","14":"instock","15":"taxable","16":"shipping-taxable","17":"purchasable","18":"product-type-simple"},"_links":{"self":[{"href":"https:\/\/blidor.ch\/fr\/wp-json\/wp\/v2\/product\/1086","targetHints":{"allow":["GET"]}}],"collection":[{"href":"https:\/\/blidor.ch\/fr\/wp-json\/wp\/v2\/product"}],"about":[{"href":"https:\/\/blidor.ch\/fr\/wp-json\/wp\/v2\/types\/product"}],"replies":[{"embeddable":true,"href":"https:\/\/blidor.ch\/fr\/wp-json\/wp\/v2\/comments?post=1086"}],"version-history":[{"count":0,"href":"https:\/\/blidor.ch\/fr\/wp-json\/wp\/v2\/product\/1086\/revisions"}],"wp:featuredmedia":[{"embeddable":true,"href":"https:\/\/blidor.ch\/fr\/wp-json\/wp\/v2\/media\/10839"}],"wp:attachment":[{"href":"https:\/\/blidor.ch\/fr\/wp-json\/wp\/v2\/media?parent=1086"}],"wp:term":[{"taxonomy":"product_brand","embeddable":true,"href":"https:\/\/blidor.ch\/fr\/wp-json\/wp\/v2\/product_brand?post=1086"},{"taxonomy":"product_cat","embeddable":true,"href":"https:\/\/blidor.ch\/fr\/wp-json\/wp\/v2\/product_cat?post=1086"},{"taxonomy":"product_tag","embeddable":true,"href":"https:\/\/blidor.ch\/fr\/wp-json\/wp\/v2\/product_tag?post=1086"}],"curies":[{"name":"wp","href":"https:\/\/api.w.org\/{rel}","templated":true}]}}