{"id":1084,"date":"2020-10-19T14:10:35","date_gmt":"2020-10-19T12:10:35","guid":{"rendered":"http:\/\/blidor-webshop-staging.ch.merlin.ch-meta.net\/shop\/import-placeholder-for-1661\/"},"modified":"2023-10-18T20:30:28","modified_gmt":"2023-10-18T18:30:28","slug":"baume-tea-tree","status":"publish","type":"product","link":"https:\/\/blidor.ch\/fr\/webshop\/balsam-teebaum\/","title":{"rendered":"Baume \u00e0 l'arbre \u00e0 th\u00e9"},"content":{"rendered":"<h2>Une belle peau gr\u00e2ce au pouvoir de l'huile d'arbre \u00e0 th\u00e9<\/h2>\n<p>Baume de soin \u00e0 l'huile pure d'arbre \u00e0 th\u00e9 australien. <a href=\"\/fr\/arbre-a-the\/\">Huile d'arbre \u00e0 th\u00e9<\/a> est une substance liquide lipophile obtenue \u00e0 partir de feuilles et de rameaux de l'australopith\u00e8que. <a href=\"\/fr\/arbre-a-the\/\">Arbre \u00e0 th\u00e9<\/a> est extrait. Ses huiles essentielles ont un effet b\u00e9n\u00e9fique sur de nombreux troubles. L'huile d'arbre \u00e0 th\u00e9 est particuli\u00e8rement appr\u00e9ci\u00e9e pour les soins du visage et de la peau. Le baume tr\u00e8s doux \u00e0 l'arbre \u00e0 th\u00e9 est le soin id\u00e9al pour les peaux s\u00e8ches, ab\u00eem\u00e9es et tr\u00e8s ab\u00eem\u00e9es.<\/p>\n<p>Optimal pour les coudes cassants, les mains rugueuses et les impuret\u00e9s de la peau. Massez d\u00e9licatement le baume sur la zone \u00e0 soigner.<\/p>\n<p>Notre baume avec <a href=\"\/fr\/arbre-a-the\/\">Huile d'arbre \u00e0 th\u00e9<\/a> est v\u00e9g\u00e9talien et ne contient que des mati\u00e8res premi\u00e8res naturelles et identiques \u00e0 la nature, dont <a href=\"\/fr\/olive\/\">Huile d'olive<\/a>, huile de soja, <a href=\"\/fr\/beurre-de-karite\/\">Beurre de karit\u00e9<\/a> et de la vitamine E.<\/p>\n<div class=\"elementor-element elementor-element-db932d9 elementor-widget elementor-widget-heading\" data-id=\"db932d9\" data-element_type=\"widget\" data-widget_type=\"heading.default\">\n<div class=\"elementor-widget-container\">\n<h2 class=\"elementor-heading-title elementor-size-default\">Utilisation et effets<\/h2>\n<\/div>\n<\/div>\n<div class=\"elementor-element elementor-element-c9fa855 elementor-widget elementor-widget-text-editor\" data-id=\"c9fa855\" data-element_type=\"widget\" data-widget_type=\"text-editor.default\">\n<div class=\"elementor-widget-container\">\n<p>L'huile essentielle de l'arbre australien <a href=\"\/fr\/arbre-a-the\/\">Arbre \u00e0 th\u00e9<\/a> a de nombreuses applications en raison de ses propri\u00e9t\u00e9s antibact\u00e9riennes, anti-inflammatoires et antiseptiques. Elle peut \u00eatre utilis\u00e9e pour traiter l'acn\u00e9, les pellicules, les infections fongiques, les plaies, les coupures et les piq\u00fbres d'insectes. En outre, elle peut servir de nettoyant naturel pour la peau et les cheveux et est utilis\u00e9e dans les produits cosm\u00e9tiques et les nettoyants m\u00e9nagers. Il est toutefois important de diluer l'huile et d'effectuer un test d'allergie afin d'\u00e9viter d'\u00e9ventuelles r\u00e9actions.<\/p>\n<\/div>\n<\/div>","protected":false},"excerpt":{"rendered":"<p>Le baume \u00e0 l'arbre \u00e0 th\u00e9 est un soin r\u00e9g\u00e9n\u00e9rant pour la peau des enfants et des adultes. Ce baume tr\u00e8s doux redonne de la souplesse aux peaux s\u00e8ches, ab\u00eem\u00e9es et gerc\u00e9es.<\/p>","protected":false},"featured_media":14860,"comment_status":"closed","ping_status":"closed","template":"","meta":[],"product_brand":[],"product_cat":[31,33,35,30],"product_tag":[800,802,64,798,801,621],"class_list":{"0":"post-1084","1":"product","2":"type-product","3":"status-publish","4":"has-post-thumbnail","6":"product_cat-gesicht","7":"product_cat-hand-und-fuss","8":"product_cat-koerper","9":"product_cat-kosmetik","10":"product_tag-balsam","11":"product_tag-fuer-kinder","12":"product_tag-kosmetik-teebaumoel","13":"product_tag-mild","14":"product_tag-regenerierend","15":"product_tag-teebaum","17":"first","18":"instock","19":"taxable","20":"shipping-taxable","21":"purchasable","22":"product-type-simple"},"_links":{"self":[{"href":"https:\/\/blidor.ch\/fr\/wp-json\/wp\/v2\/product\/1084","targetHints":{"allow":["GET"]}}],"collection":[{"href":"https:\/\/blidor.ch\/fr\/wp-json\/wp\/v2\/product"}],"about":[{"href":"https:\/\/blidor.ch\/fr\/wp-json\/wp\/v2\/types\/product"}],"replies":[{"embeddable":true,"href":"https:\/\/blidor.ch\/fr\/wp-json\/wp\/v2\/comments?post=1084"}],"version-history":[{"count":0,"href":"https:\/\/blidor.ch\/fr\/wp-json\/wp\/v2\/product\/1084\/revisions"}],"wp:featuredmedia":[{"embeddable":true,"href":"https:\/\/blidor.ch\/fr\/wp-json\/wp\/v2\/media\/14860"}],"wp:attachment":[{"href":"https:\/\/blidor.ch\/fr\/wp-json\/wp\/v2\/media?parent=1084"}],"wp:term":[{"taxonomy":"product_brand","embeddable":true,"href":"https:\/\/blidor.ch\/fr\/wp-json\/wp\/v2\/product_brand?post=1084"},{"taxonomy":"product_cat","embeddable":true,"href":"https:\/\/blidor.ch\/fr\/wp-json\/wp\/v2\/product_cat?post=1084"},{"taxonomy":"product_tag","embeddable":true,"href":"https:\/\/blidor.ch\/fr\/wp-json\/wp\/v2\/product_tag?post=1084"}],"curies":[{"name":"wp","href":"https:\/\/api.w.org\/{rel}","templated":true}]}}