{"id":1083,"date":"2020-10-19T14:10:34","date_gmt":"2020-10-19T12:10:34","guid":{"rendered":"http:\/\/blidor-webshop-staging.ch.merlin.ch-meta.net\/shop\/import-placeholder-for-1585\/"},"modified":"2026-03-02T08:55:32","modified_gmt":"2026-03-02T07:55:32","slug":"bli-des-gynoschaum","status":"publish","type":"product","link":"https:\/\/blidor.ch\/fr\/webshop\/bli-des-gynoschaum\/","title":{"rendered":"BLI-DES\u00ae Mousse gyn\u00e9cologique"},"content":{"rendered":"<h2>La mousse gyn\u00e9cologique BLI-DES\u00ae pour des soins intimes doux et hygi\u00e9niques<\/h2>\n<p>La zone intime f\u00e9minine n\u00e9cessite des soins sensibles et respectueux des muqueuses. Des lavages trop fr\u00e9quents ou l'utilisation de produits de soins inadapt\u00e9s peuvent modifier le pH vaginal et ainsi influencer la fonction protectrice de la flore vaginale. Si cette protection n'est plus assur\u00e9e, des infections, des inflammations et des irritations peuvent survenir dans la zone intime. Gr\u00e2ce \u00e0 la mousse lavante antimicrobienne douce <a href=\"\/fr\/bli-des-formule\/\">BLI-DES\u00ae<\/a> GynoSaum permet de les att\u00e9nuer rapidement et de les r\u00e9duire \u00e0 long terme.<\/p>\n<h2>Soin intime doux sans alcool<\/h2>\n<p>La mousse gyn\u00e9cologique BLI-DES\u00ae est un produit d'hygi\u00e8ne particuli\u00e8rement doux pour les parties intimes. Contrairement \u00e0 de nombreuses autres lotions de toilette intime, elle contient <strong>pas d'alcool, pas de ph\u00e9nols, pas de formald\u00e9hydes, pas de chlorhexidine et pas de compos\u00e9s d'ammonium<\/strong>. La muqueuse n'est donc pas irrit\u00e9e et peut conserver son manteau protecteur acide naturel.<br \/>\nLa mousse BLI-DES\u00ae GynoSchaum avec sa <strong>combinaison d'ingr\u00e9dients naturels et identiques \u00e0 la nature tr\u00e8s douce pour la peau<\/strong> (huiles essentielles et tensioactifs doux) convient parfaitement \u00e0 la toilette intime hygi\u00e9nique quotidienne - \u00e0 la maison et en d\u00e9placement pour une sensation de fra\u00eecheur naturelle chaque jour.<\/p>\n<h2>Soin intime pour la femme - r\u00e9sultat du test : \"tr\u00e8s bien<\/h2>\n<p>Le site <a href=\"\/fr\/bli-des-formule\/\">BLI-DES\u00ae<\/a> Gynoschaum a \u00e9t\u00e9 test\u00e9 dermatologiquement sous la surveillance d'un m\u00e9decin sp\u00e9cialis\u00e9 pour l'utilisation dans la zone intime et a \u00e9t\u00e9 jug\u00e9 'tr\u00e8s bon'.<\/p>\n<h2>Causes possibles d'irritation dans la zone intime<\/h2>\n<ul>\n<li>Visite de piscines<\/li>\n<li>Traitements avec des antibiotiques<\/li>\n<li>Prise de la pilule contraceptive<\/li>\n<li>Stress<\/li>\n<li>Vuln\u00e9rabilit\u00e9 g\u00e9n\u00e9rale<\/li>\n<li>Grossesse<\/li>\n<li>Mauvaise alimentation<\/li>\n<li>Utilisation de tampons<\/li>\n<\/ul>\n<p><strong>Remarque :<\/strong> BLI-DES\u00ae GynoSchaum n'est pas un m\u00e9dicament. En cas de probl\u00e8mes persistants, elle remplace <a href=\"\/fr\/bli-des-formule\/\">BLI-DES\u00ae<\/a> GynoSaum n'\u00e9vite pas la visite chez le m\u00e9decin.<\/p>\n<p><strong>Application :<\/strong> BLI-DES\u00ae GynoSchaum est doux et peut \u00eatre utilis\u00e9 quotidiennement. Pomper 1 \u00e0 2 fois, appliquer la mousse dans la zone intime avec la main ou avec un gant de toilette, laisser agir bri\u00e8vement et rincer.<\/p>\n<p><img decoding=\"async\" class=\"alignnone size-full wp-image-4485\" src=\"\/wp-content\/uploads\/Dermatest_D-150x150-1.gif\" alt=\"\" width=\"150\" height=\"150\" \/><\/p>","protected":false},"excerpt":{"rendered":"<p>La mousse gyn\u00e9cologique BLI-DES\u00ae est parfaitement adapt\u00e9e \u00e0 la toilette intime quotidienne \u00e0 la maison et en d\u00e9placement - pour une sensation de fra\u00eecheur naturelle chaque jour.<\/p>\n<p>&nbsp;<\/p>","protected":false},"featured_media":17600,"comment_status":"open","ping_status":"closed","template":"","meta":[],"product_brand":[],"product_cat":[81,34,35],"product_tag":[745,744,747,893,746],"class_list":{"0":"post-1083","1":"product","2":"type-product","3":"status-publish","4":"has-post-thumbnail","6":"product_cat-blides","7":"product_cat-hygiene","8":"product_cat-koerper","9":"product_tag-gynoschaum","10":"product_tag-intimhygiene","11":"product_tag-intimpflege","12":"product_tag-problemloeser","13":"product_tag-schleimhautschonend","15":"first","16":"instock","17":"taxable","18":"shipping-taxable","19":"purchasable","20":"product-type-variable","21":"has-default-attributes"},"_links":{"self":[{"href":"https:\/\/blidor.ch\/fr\/wp-json\/wp\/v2\/product\/1083","targetHints":{"allow":["GET"]}}],"collection":[{"href":"https:\/\/blidor.ch\/fr\/wp-json\/wp\/v2\/product"}],"about":[{"href":"https:\/\/blidor.ch\/fr\/wp-json\/wp\/v2\/types\/product"}],"replies":[{"embeddable":true,"href":"https:\/\/blidor.ch\/fr\/wp-json\/wp\/v2\/comments?post=1083"}],"version-history":[{"count":0,"href":"https:\/\/blidor.ch\/fr\/wp-json\/wp\/v2\/product\/1083\/revisions"}],"wp:featuredmedia":[{"embeddable":true,"href":"https:\/\/blidor.ch\/fr\/wp-json\/wp\/v2\/media\/17600"}],"wp:attachment":[{"href":"https:\/\/blidor.ch\/fr\/wp-json\/wp\/v2\/media?parent=1083"}],"wp:term":[{"taxonomy":"product_brand","embeddable":true,"href":"https:\/\/blidor.ch\/fr\/wp-json\/wp\/v2\/product_brand?post=1083"},{"taxonomy":"product_cat","embeddable":true,"href":"https:\/\/blidor.ch\/fr\/wp-json\/wp\/v2\/product_cat?post=1083"},{"taxonomy":"product_tag","embeddable":true,"href":"https:\/\/blidor.ch\/fr\/wp-json\/wp\/v2\/product_tag?post=1083"}],"curies":[{"name":"wp","href":"https:\/\/api.w.org\/{rel}","templated":true}]}}