{"id":1082,"date":"2020-10-19T14:10:34","date_gmt":"2020-10-19T12:10:34","guid":{"rendered":"http:\/\/blidor-webshop-staging.ch.merlin.ch-meta.net\/shop\/import-placeholder-for-1574\/"},"modified":"2026-01-19T03:23:06","modified_gmt":"2026-01-19T02:23:06","slug":"savon-de-marseille","status":"publish","type":"product","link":"https:\/\/blidor.ch\/fr\/webshop\/kernseife\/","title":{"rendered":"Savon de Marseille (250 grammes)"},"content":{"rendered":"<h2>En cas de taches importantes, le savon de Marseille est toujours un bon choix<\/h2>\n<p>Le savon de Marseille jouit d'une longue tradition. Indispensable depuis des g\u00e9n\u00e9rations dans le m\u00e9nage et la buanderie : le bon savon de Marseille, polyvalent et nettoyant, avec des substances actives utiles.<\/p>\n<h2>Conseils<\/h2>\n<ul>\n<li>Si elle est bien conserv\u00e9e, elle se conserve tr\u00e8s longtemps<\/li>\n<li>Utilisez le savon de Marseille pour le pr\u00e9traitement du linge tr\u00e8s sale ou pour le lavage \u00e0 la main.<\/li>\n<\/ul>\n<h2>Id\u00e9al pour les personnes allergiques et polyvalent au quotidien<\/h2>\n<p>Le savon de Marseille convient tr\u00e8s bien aux personnes allergiques. Le savon a un effet \u00e9conomique et est compl\u00e9t\u00e9 ponctuellement par des substances utiles comme l'huile de coco.<\/p>\n<p>Notre savon de Marseille est <strong>vegan<\/strong> et a un pH de 8 \u00e0 11.<\/p>","protected":false},"excerpt":{"rendered":"<p><span style=\"font-family: Tahoma; font-size: medium;\">Le savon de Marseille est un rem\u00e8de de grand-m\u00e8re. Il peut \u00eatre utilis\u00e9 de mani\u00e8re polyvalente aussi bien comme lessive que comme produit de nettoyage. Le savon de Marseille est peu odorant, mais il nettoie extr\u00eamement bien. <\/span><\/p>","protected":false},"featured_media":1501,"comment_status":"open","ping_status":"closed","template":"","meta":[],"product_brand":[],"product_cat":[26,34,28,37,29],"product_tag":[761,759,760],"class_list":{"0":"post-1082","1":"product","2":"type-product","3":"status-publish","4":"has-post-thumbnail","6":"product_cat-haushalt","7":"product_cat-hygiene","8":"product_cat-reinigung","9":"product_cat-seife","10":"product_cat-waesche","11":"product_tag-handwaesche","12":"product_tag-kernseife","13":"product_tag-stark-verschmutzte-waesche","15":"first","16":"instock","17":"taxable","18":"shipping-taxable","19":"purchasable","20":"product-type-variable","21":"has-default-attributes"},"_links":{"self":[{"href":"https:\/\/blidor.ch\/fr\/wp-json\/wp\/v2\/product\/1082","targetHints":{"allow":["GET"]}}],"collection":[{"href":"https:\/\/blidor.ch\/fr\/wp-json\/wp\/v2\/product"}],"about":[{"href":"https:\/\/blidor.ch\/fr\/wp-json\/wp\/v2\/types\/product"}],"replies":[{"embeddable":true,"href":"https:\/\/blidor.ch\/fr\/wp-json\/wp\/v2\/comments?post=1082"}],"version-history":[{"count":1,"href":"https:\/\/blidor.ch\/fr\/wp-json\/wp\/v2\/product\/1082\/revisions"}],"predecessor-version":[{"id":20650,"href":"https:\/\/blidor.ch\/fr\/wp-json\/wp\/v2\/product\/1082\/revisions\/20650"}],"wp:featuredmedia":[{"embeddable":true,"href":"https:\/\/blidor.ch\/fr\/wp-json\/wp\/v2\/media\/1501"}],"wp:attachment":[{"href":"https:\/\/blidor.ch\/fr\/wp-json\/wp\/v2\/media?parent=1082"}],"wp:term":[{"taxonomy":"product_brand","embeddable":true,"href":"https:\/\/blidor.ch\/fr\/wp-json\/wp\/v2\/product_brand?post=1082"},{"taxonomy":"product_cat","embeddable":true,"href":"https:\/\/blidor.ch\/fr\/wp-json\/wp\/v2\/product_cat?post=1082"},{"taxonomy":"product_tag","embeddable":true,"href":"https:\/\/blidor.ch\/fr\/wp-json\/wp\/v2\/product_tag?post=1082"}],"curies":[{"name":"wp","href":"https:\/\/api.w.org\/{rel}","templated":true}]}}