{"id":1081,"date":"2020-10-19T14:10:34","date_gmt":"2020-10-19T12:10:34","guid":{"rendered":"http:\/\/blidor-webshop-staging.ch.merlin.ch-meta.net\/shop\/import-placeholder-for-1578\/"},"modified":"2024-01-12T17:43:08","modified_gmt":"2024-01-12T16:43:08","slug":"deshydrateur-deau-uno-liquide","status":"publish","type":"product","link":"https:\/\/blidor.ch\/fr\/webshop\/uno-liquid-wasserenthaerter\/","title":{"rendered":"UNO liquid, Adoucisseur d'eau"},"content":{"rendered":"<h2>Moins de d\u00e9tergents et des machines \u00e0 laver qui durent plus longtemps<\/h2>\n<p>L'adoucisseur d'eau UNO liquid est le compl\u00e9ment id\u00e9al de la lessive liquide. Il se dissout rapidement et ne forme pas de grumeaux. Il prolonge la dur\u00e9e de vie de votre machine \u00e0 laver et la prot\u00e8ge contre les d\u00e9p\u00f4ts de calcaire d\u00e9sagr\u00e9ables. Il renforce ainsi l'effet du <a href=\"\/fr\/cat\/budget\/linge-de-maison\/\">D\u00e9tergent<\/a> am\u00e9lior\u00e9, vos textiles gardent plus longtemps leur aspect neuf. La bouteille pratique de 2 litres est tr\u00e8s \u00e9conomique. Si vous achetez une bouteille, cela suffit pour jusqu'\u00e0 133 cycles de lavage. Utilisez UNO liquid en combinaison avec notre <a href=\"\/fr\/boutique-en-ligne\/lessive-ideal-liquide\/\">Lessive liquide IDEAL<\/a>.<\/p>\n<h2>Efficace contre le calcaire<\/h2>\n<p>Le calcaire pr\u00e9cipite d\u00e9j\u00e0 \u00e0 des temp\u00e9ratures plus basses, mais pas en aussi grande quantit\u00e9 qu'\u00e0 des temp\u00e9ratures sup\u00e9rieures \u00e0 50\u00b0C. Il faut en tenir compte lors du dosage d'UNO liquid. (Vous trouverez les indications de dosage sur l'\u00e9tiquette de la bouteille). L'adoucisseur d'eau UNO liquid lie le calcaire (carbonate de magn\u00e9sium\/calcium) dans l'eau de lavage et augmente ainsi l'efficacit\u00e9 du produit de lavage. L'adoucisseur d'eau UNO liquid pr\u00e9serve la machine \u00e0 laver et les <a href=\"\/fr\/cat\/budget\/linge-de-maison\/\">Linge<\/a> et emp\u00eache les r\u00e9sidus de calcaire.<\/p>","protected":false},"excerpt":{"rendered":"<p>L'adoucisseur d'eau UNO liquid prot\u00e8ge votre machine contre les d\u00e9p\u00f4ts de calcaire ind\u00e9sirables et constitue le compl\u00e9ment id\u00e9al des lessives liquides.<\/p>","protected":false},"featured_media":1498,"comment_status":"open","ping_status":"closed","template":"","meta":[],"product_brand":[],"product_cat":[26,29],"product_tag":[838,837,836,839],"class_list":{"0":"post-1081","1":"product","2":"type-product","3":"status-publish","4":"has-post-thumbnail","6":"product_cat-haushalt","7":"product_cat-waesche","8":"product_tag-gegen-kalk","9":"product_tag-gegen-kalkablagerungen","10":"product_tag-wasserenthaerter","11":"product_tag-weniger-waschmittel","13":"first","14":"instock","15":"taxable","16":"shipping-taxable","17":"purchasable","18":"product-type-variable","19":"has-default-attributes"},"_links":{"self":[{"href":"https:\/\/blidor.ch\/fr\/wp-json\/wp\/v2\/product\/1081","targetHints":{"allow":["GET"]}}],"collection":[{"href":"https:\/\/blidor.ch\/fr\/wp-json\/wp\/v2\/product"}],"about":[{"href":"https:\/\/blidor.ch\/fr\/wp-json\/wp\/v2\/types\/product"}],"replies":[{"embeddable":true,"href":"https:\/\/blidor.ch\/fr\/wp-json\/wp\/v2\/comments?post=1081"}],"version-history":[{"count":0,"href":"https:\/\/blidor.ch\/fr\/wp-json\/wp\/v2\/product\/1081\/revisions"}],"wp:featuredmedia":[{"embeddable":true,"href":"https:\/\/blidor.ch\/fr\/wp-json\/wp\/v2\/media\/1498"}],"wp:attachment":[{"href":"https:\/\/blidor.ch\/fr\/wp-json\/wp\/v2\/media?parent=1081"}],"wp:term":[{"taxonomy":"product_brand","embeddable":true,"href":"https:\/\/blidor.ch\/fr\/wp-json\/wp\/v2\/product_brand?post=1081"},{"taxonomy":"product_cat","embeddable":true,"href":"https:\/\/blidor.ch\/fr\/wp-json\/wp\/v2\/product_cat?post=1081"},{"taxonomy":"product_tag","embeddable":true,"href":"https:\/\/blidor.ch\/fr\/wp-json\/wp\/v2\/product_tag?post=1081"}],"curies":[{"name":"wp","href":"https:\/\/api.w.org\/{rel}","templated":true}]}}