{"id":1080,"date":"2020-10-19T14:10:34","date_gmt":"2020-10-19T12:10:34","guid":{"rendered":"http:\/\/blidor-webshop-staging.ch.merlin.ch-meta.net\/shop\/import-placeholder-for-1558\/"},"modified":"2023-11-21T23:58:04","modified_gmt":"2023-11-21T22:58:04","slug":"ennoblisseur-de-tissus-mo","status":"publish","type":"product","link":"https:\/\/blidor.ch\/fr\/webshop\/mo-gewebeveredler\/","title":{"rendered":"MO, ennoblisseur de tissus"},"content":{"rendered":"<h2>Doux <a href=\"\/fr\/cat\/budget\/linge-de-maison\/\">Linge<\/a> gr\u00e2ce \u00e0 l'ennoblisseur de tissus MO<\/h2>\n<p>La formulation de haute qualit\u00e9 de notre am\u00e9liorateur de tissu MO conf\u00e8re au linge une sensation agr\u00e9able \u00e0 porter. Il vous facilite le repassage et son parfum durable est incomparable et extraordinairement attrayant. Un dosage \u00e9conomique vous permet plus de 200 utilisations.<\/p>\n<p>Utilisez MO en compl\u00e9ment de nos lessives <a href=\"\/fr\/boutique-en-ligne\/lessive-rex\/\">REX<\/a> ou <a href=\"\/fr\/boutique-en-ligne\/lessive-ideal-liquide\/\">IDEAL<\/a>.<\/p>\n<p>Qu'y a-t-il de plus beau qu'un lait doux et merveilleusement parfum\u00e9 ? <a href=\"\/fr\/cat\/budget\/linge-de-maison\/\">Linge<\/a>. Vous obtiendrez cette agr\u00e9able sensation de linge doux sur la peau avec l'ennoblisseur de tissu concentr\u00e9 MO.<\/p>","protected":false},"excerpt":{"rendered":"<p>Du linge doux et fra\u00eechement parfum\u00e9 gr\u00e2ce \u00e0 l'ennoblisseur de tissu MO. Il facilite le repassage et procure une sensation agr\u00e9able. Extr\u00eamement \u00e9conomique \u00e0 l'usage, un flacon suffit pour environ 200 lavages.<\/p>","protected":false},"featured_media":1499,"comment_status":"open","ping_status":"closed","template":"","meta":[],"product_brand":[],"product_cat":[26,29],"product_tag":[840,841,842],"class_list":{"0":"post-1080","1":"product","2":"type-product","3":"status-publish","4":"has-post-thumbnail","6":"product_cat-haushalt","7":"product_cat-waesche","8":"product_tag-gewebeveredler","9":"product_tag-mo","10":"product_tag-weiche-waesche","12":"first","13":"instock","14":"taxable","15":"shipping-taxable","16":"purchasable","17":"product-type-variable","18":"has-default-attributes"},"_links":{"self":[{"href":"https:\/\/blidor.ch\/fr\/wp-json\/wp\/v2\/product\/1080","targetHints":{"allow":["GET"]}}],"collection":[{"href":"https:\/\/blidor.ch\/fr\/wp-json\/wp\/v2\/product"}],"about":[{"href":"https:\/\/blidor.ch\/fr\/wp-json\/wp\/v2\/types\/product"}],"replies":[{"embeddable":true,"href":"https:\/\/blidor.ch\/fr\/wp-json\/wp\/v2\/comments?post=1080"}],"version-history":[{"count":0,"href":"https:\/\/blidor.ch\/fr\/wp-json\/wp\/v2\/product\/1080\/revisions"}],"wp:featuredmedia":[{"embeddable":true,"href":"https:\/\/blidor.ch\/fr\/wp-json\/wp\/v2\/media\/1499"}],"wp:attachment":[{"href":"https:\/\/blidor.ch\/fr\/wp-json\/wp\/v2\/media?parent=1080"}],"wp:term":[{"taxonomy":"product_brand","embeddable":true,"href":"https:\/\/blidor.ch\/fr\/wp-json\/wp\/v2\/product_brand?post=1080"},{"taxonomy":"product_cat","embeddable":true,"href":"https:\/\/blidor.ch\/fr\/wp-json\/wp\/v2\/product_cat?post=1080"},{"taxonomy":"product_tag","embeddable":true,"href":"https:\/\/blidor.ch\/fr\/wp-json\/wp\/v2\/product_tag?post=1080"}],"curies":[{"name":"wp","href":"https:\/\/api.w.org\/{rel}","templated":true}]}}