{"id":1079,"date":"2020-10-19T14:10:34","date_gmt":"2020-10-19T12:10:34","guid":{"rendered":"http:\/\/blidor-webshop-staging.ch.merlin.ch-meta.net\/shop\/import-placeholder-for-1552\/"},"modified":"2024-02-10T20:40:33","modified_gmt":"2024-02-10T19:40:33","slug":"lessive-pour-linge-delicat-lanasol","status":"publish","type":"product","link":"https:\/\/blidor.ch\/fr\/webshop\/lanasol-feinwaschmittel\/","title":{"rendered":"LANASOL, lessive pour linge d\u00e9licat"},"content":{"rendered":"<h2>LANASOL - pour le linge d\u00e9licat<\/h2>\n<p>La lessive pour linge d\u00e9licat LANASOL est une lessive liquide concentr\u00e9e sp\u00e9ciale pour les textiles fins et d\u00e9licats en laine, soie, synth\u00e9tiques, microfibres, etc. Ces textiles n\u00e9cessitent justement des soins suppl\u00e9mentaires et un produit adapt\u00e9. <a href=\"\/fr\/cat\/budget\/linge-de-maison\/\">D\u00e9tergent<\/a>. La lessive pour linge d\u00e9licat LANASOL peut \u00eatre utilis\u00e9e pour <a href=\"\/fr\/cat\/budget\/linge-de-maison\/\">Lavage manuel et automatique<\/a> jusqu'\u00e0 40\u00b0C. Gr\u00e2ce \u00e0 un dosage \u00e9conomique, un flacon permet d'effectuer jusqu'\u00e0 66 cycles de lavage.<\/p>\n<p>Pour un soin suppl\u00e9mentaire et un r\u00e9sultat encore plus doux, nous recommandons notre <a href=\"\/fr\/boutique-en-ligne\/ennoblisseur-de-tissus-mo\/\">Ennoblisseur de tissus MO<\/a>.<\/p>","protected":false},"excerpt":{"rendered":"<p>La lessive pour linge d\u00e9licat LANASOL est une lessive liquide douce pour les textiles fins et d\u00e9licats en soie, laine, synth\u00e9tiques, etc. Elle prot\u00e8ge les v\u00eatements d\u00e9licats lors du lavage. Convient au lavage \u00e0 la main et en machine jusqu'\u00e0 40\u00b0C.<\/p>","protected":false},"featured_media":1500,"comment_status":"open","ping_status":"closed","template":"","meta":[],"product_brand":[],"product_cat":[26,29],"product_tag":[843,761,845,844],"class_list":{"0":"post-1079","1":"product","2":"type-product","3":"status-publish","4":"has-post-thumbnail","6":"product_cat-haushalt","7":"product_cat-waesche","8":"product_tag-feinwaschmittel","9":"product_tag-handwaesche","10":"product_tag-sparsam","11":"product_tag-waschmaschine","13":"first","14":"instock","15":"taxable","16":"shipping-taxable","17":"purchasable","18":"product-type-variable","19":"has-default-attributes"},"_links":{"self":[{"href":"https:\/\/blidor.ch\/fr\/wp-json\/wp\/v2\/product\/1079","targetHints":{"allow":["GET"]}}],"collection":[{"href":"https:\/\/blidor.ch\/fr\/wp-json\/wp\/v2\/product"}],"about":[{"href":"https:\/\/blidor.ch\/fr\/wp-json\/wp\/v2\/types\/product"}],"replies":[{"embeddable":true,"href":"https:\/\/blidor.ch\/fr\/wp-json\/wp\/v2\/comments?post=1079"}],"version-history":[{"count":0,"href":"https:\/\/blidor.ch\/fr\/wp-json\/wp\/v2\/product\/1079\/revisions"}],"wp:featuredmedia":[{"embeddable":true,"href":"https:\/\/blidor.ch\/fr\/wp-json\/wp\/v2\/media\/1500"}],"wp:attachment":[{"href":"https:\/\/blidor.ch\/fr\/wp-json\/wp\/v2\/media?parent=1079"}],"wp:term":[{"taxonomy":"product_brand","embeddable":true,"href":"https:\/\/blidor.ch\/fr\/wp-json\/wp\/v2\/product_brand?post=1079"},{"taxonomy":"product_cat","embeddable":true,"href":"https:\/\/blidor.ch\/fr\/wp-json\/wp\/v2\/product_cat?post=1079"},{"taxonomy":"product_tag","embeddable":true,"href":"https:\/\/blidor.ch\/fr\/wp-json\/wp\/v2\/product_tag?post=1079"}],"curies":[{"name":"wp","href":"https:\/\/api.w.org\/{rel}","templated":true}]}}