{"id":1078,"date":"2020-10-19T14:10:34","date_gmt":"2020-10-19T12:10:34","guid":{"rendered":"http:\/\/blidor-webshop-staging.ch.merlin.ch-meta.net\/shop\/import-placeholder-for-1561\/"},"modified":"2023-10-23T12:36:28","modified_gmt":"2023-10-23T10:36:28","slug":"detachant-sb","status":"publish","type":"product","link":"https:\/\/blidor.ch\/fr\/webshop\/sb-fleckenentferner\/","title":{"rendered":"SB, D\u00e9tachant"},"content":{"rendered":"<h2>D\u00e9tachant SB - une affaire propre \u00e0 tous les niveaux<\/h2>\n<p>Le d\u00e9tachant SB \u00e9limine m\u00eame les taches les plus tenaces.  Sa formule puissante fonctionne \u00e0 l'oxyg\u00e8ne actif qui dissout les taches. SB \u00e9limine de mani\u00e8re fiable de nombreux types de taches blanchissables, comme les taches d'herbe, de fruits, de l\u00e9gumes, de carottes, de boissons, de vin rouge, de th\u00e9 et de caf\u00e9. Il est con\u00e7u pour <a href=\"\/fr\/cat\/budget\/linge-de-maison\/\">Linge blanc et de couleur<\/a> pr\u00e9serve les couleurs et peut \u00eatre utilis\u00e9e pour tous les textiles sauf la soie et la laine. Ajoutez simplement la poudre directement \u00e0 la lessive dans le compartiment de dosage. Le d\u00e9tachant SB est \u00e9conomique \u00e0 l'usage. Un paquet suffit pour environ 100 cycles de lavage.<\/p>\n<p>Si l'eau est dure, nous vous recommandons d'utiliser en plus le <a href=\"\/fr\/boutique-en-ligne\/uno-eau-deshydratee\/\">Adoucisseur d'eau UNO<\/a> \u00e0 utiliser pour le lavage. Vous obtiendrez un meilleur r\u00e9sultat de lavage et vous pr\u00e9serverez <a href=\"\/fr\/cat\/budget\/linge-de-maison\/\">Linge<\/a> et machine \u00e0 laver.<\/p>","protected":false},"excerpt":{"rendered":"<p>Avec le d\u00e9tachant SB, vous \u00e9liminez en douceur m\u00eame les taches les plus tenaces en un tour de main ! Il convient au linge blanc et de couleur.<\/p>","protected":false},"featured_media":1503,"comment_status":"open","ping_status":"closed","template":"","meta":[],"product_brand":[],"product_cat":[26,29],"product_tag":[847,849,848,845],"class_list":{"0":"post-1078","1":"product","2":"type-product","3":"status-publish","4":"has-post-thumbnail","6":"product_cat-haushalt","7":"product_cat-waesche","8":"product_tag-fleckenentferner","9":"product_tag-fleckloesend","10":"product_tag-sb","11":"product_tag-sparsam","13":"first","14":"instock","15":"taxable","16":"shipping-taxable","17":"purchasable","18":"product-type-variable","19":"has-default-attributes"},"_links":{"self":[{"href":"https:\/\/blidor.ch\/fr\/wp-json\/wp\/v2\/product\/1078","targetHints":{"allow":["GET"]}}],"collection":[{"href":"https:\/\/blidor.ch\/fr\/wp-json\/wp\/v2\/product"}],"about":[{"href":"https:\/\/blidor.ch\/fr\/wp-json\/wp\/v2\/types\/product"}],"replies":[{"embeddable":true,"href":"https:\/\/blidor.ch\/fr\/wp-json\/wp\/v2\/comments?post=1078"}],"version-history":[{"count":0,"href":"https:\/\/blidor.ch\/fr\/wp-json\/wp\/v2\/product\/1078\/revisions"}],"wp:featuredmedia":[{"embeddable":true,"href":"https:\/\/blidor.ch\/fr\/wp-json\/wp\/v2\/media\/1503"}],"wp:attachment":[{"href":"https:\/\/blidor.ch\/fr\/wp-json\/wp\/v2\/media?parent=1078"}],"wp:term":[{"taxonomy":"product_brand","embeddable":true,"href":"https:\/\/blidor.ch\/fr\/wp-json\/wp\/v2\/product_brand?post=1078"},{"taxonomy":"product_cat","embeddable":true,"href":"https:\/\/blidor.ch\/fr\/wp-json\/wp\/v2\/product_cat?post=1078"},{"taxonomy":"product_tag","embeddable":true,"href":"https:\/\/blidor.ch\/fr\/wp-json\/wp\/v2\/product_tag?post=1078"}],"curies":[{"name":"wp","href":"https:\/\/api.w.org\/{rel}","templated":true}]}}