{"id":1077,"date":"2020-10-19T14:10:34","date_gmt":"2020-10-19T12:10:34","guid":{"rendered":"http:\/\/blidor-webshop-staging.ch.merlin.ch-meta.net\/shop\/import-placeholder-for-1565\/"},"modified":"2024-09-04T14:17:03","modified_gmt":"2024-09-04T12:17:03","slug":"uno-eau-deshydratee","status":"publish","type":"product","link":"https:\/\/blidor.ch\/fr\/webshop\/uno-wasserenthaerter\/","title":{"rendered":"UNO, Adoucisseur d'eau"},"content":{"rendered":"<h2>Pr\u00e9venir les d\u00e9p\u00f4ts de calcaire avec l'adoucisseur d'eau UNO<\/h2>\n<p class=\"bodytext\">Un produit d\u00e9tartrant est utile lorsque l'eau est plut\u00f4t dure et que le linge est lav\u00e9 \u00e0 une temp\u00e9rature sup\u00e9rieure \u00e0 50\u00b0C. Le calcaire est l'ennemi de tout lave-linge. Il se d\u00e9pose sur les r\u00e9sistances, sur les pi\u00e8ces importantes de l'appareil et sur le <a href=\"\/fr\/cat\/budget\/linge-de-maison\/\">Linge<\/a> \u00e0 partir de. Ajoutez l'adoucisseur d'eau UNO \u00e0 chaque cycle de lavage. Il prot\u00e8ge votre lave-linge et votre linge de mani\u00e8re fiable contre les d\u00e9p\u00f4ts calcaires d\u00e9sagr\u00e9ables et r\u00e9duit la consommation de lessive.<\/p>\n<h2>Application pour le lave-linge<\/h2>\n<p class=\"bodytext\">L'adoucisseur d'eau UNO est disponible en poudre et sous forme liquide (<a href=\"\/fr\/boutique-en-ligne\/deshydrateur-deau-uno-liquide\/\">UNO liquide<\/a>) est disponible.<\/p>\n<p>Pour le d\u00e9tachage \u00e0 60\u00b0 \u00e0 95\u00b0 C : ajouter au cycle de lavage principal <a href=\"\/fr\/boutique-en-ligne\/detachant-sb\/\">D\u00e9tachant SB<\/a> ajouter de l'oxyg\u00e8ne \u00e0 base d'eau <a href=\"\/fr\/cat\/budget\/linge-de-maison\/\">Laver<\/a> est \u00e9vit\u00e9e !<\/p>","protected":false},"excerpt":{"rendered":"<p>Avec l'adoucisseur d'eau UNO, ils pr\u00e9viennent les d\u00e9p\u00f4ts de calcaire dans le lave-linge. Une eau dure et calcaire peut endommager le lave-linge et entraver le fonctionnement des produits de lavage. Un ajout r\u00e9gulier d'adoucisseur d'eau dans la machine permet d'\u00e9conomiser de l'argent et des co\u00fbts \u00e9nerg\u00e9tiques \u00e0 long terme.<\/p>","protected":false},"featured_media":1504,"comment_status":"open","ping_status":"closed","template":"","meta":[],"product_brand":[],"product_cat":[26,29],"product_tag":[838,837,850,836],"class_list":{"0":"post-1077","1":"product","2":"type-product","3":"status-publish","4":"has-post-thumbnail","6":"product_cat-haushalt","7":"product_cat-waesche","8":"product_tag-gegen-kalk","9":"product_tag-gegen-kalkablagerungen","10":"product_tag-uno","11":"product_tag-wasserenthaerter","13":"first","14":"instock","15":"taxable","16":"shipping-taxable","17":"purchasable","18":"product-type-variable","19":"has-default-attributes"},"_links":{"self":[{"href":"https:\/\/blidor.ch\/fr\/wp-json\/wp\/v2\/product\/1077","targetHints":{"allow":["GET"]}}],"collection":[{"href":"https:\/\/blidor.ch\/fr\/wp-json\/wp\/v2\/product"}],"about":[{"href":"https:\/\/blidor.ch\/fr\/wp-json\/wp\/v2\/types\/product"}],"replies":[{"embeddable":true,"href":"https:\/\/blidor.ch\/fr\/wp-json\/wp\/v2\/comments?post=1077"}],"version-history":[{"count":0,"href":"https:\/\/blidor.ch\/fr\/wp-json\/wp\/v2\/product\/1077\/revisions"}],"wp:featuredmedia":[{"embeddable":true,"href":"https:\/\/blidor.ch\/fr\/wp-json\/wp\/v2\/media\/1504"}],"wp:attachment":[{"href":"https:\/\/blidor.ch\/fr\/wp-json\/wp\/v2\/media?parent=1077"}],"wp:term":[{"taxonomy":"product_brand","embeddable":true,"href":"https:\/\/blidor.ch\/fr\/wp-json\/wp\/v2\/product_brand?post=1077"},{"taxonomy":"product_cat","embeddable":true,"href":"https:\/\/blidor.ch\/fr\/wp-json\/wp\/v2\/product_cat?post=1077"},{"taxonomy":"product_tag","embeddable":true,"href":"https:\/\/blidor.ch\/fr\/wp-json\/wp\/v2\/product_tag?post=1077"}],"curies":[{"name":"wp","href":"https:\/\/api.w.org\/{rel}","templated":true}]}}