{"id":1076,"date":"2020-01-19T14:10:34","date_gmt":"2020-01-19T13:10:34","guid":{"rendered":"http:\/\/blidor-webshop-staging.ch.merlin.ch-meta.net\/shop\/import-placeholder-for-1549\/"},"modified":"2023-11-21T23:59:10","modified_gmt":"2023-11-21T22:59:10","slug":"lessive-ideal-liquide","status":"publish","type":"product","link":"https:\/\/blidor.ch\/fr\/webshop\/ideal-fluessigwaschmittel\/","title":{"rendered":"IDEAL, lessive liquide"},"content":{"rendered":"<h2>Linge propre \u00e0 30-60 degr\u00e9s<\/h2>\n<p>Lessive liquide concentr\u00e9e pratique et facile \u00e0 doser pour les <a href=\"\/fr\/cat\/budget\/linge-de-maison\/\">Lavage manuel et automatique<\/a> \u00e0 30 - 60\u00b0 C. Gr\u00e2ce \u00e0 son pouvoir nettoyant liquide, elle permet d'obtenir un excellent r\u00e9sultat et une propret\u00e9 en profondeur des fibres, m\u00eame \u00e0 des temp\u00e9ratures de lavage basses. La lessive liquide IDEAL est sp\u00e9cialement adapt\u00e9e au coton et \u00e0 tous les textiles faciles d'entretien.<\/p>\n<p>Utilisez \u00e9galement IDEAL en combinaison avec le <a href=\"\/fr\/boutique-en-ligne\/ennoblisseur-de-tissus-mo\/\">Ennoblisseur de tissus MO<\/a>pour apporter un soin suppl\u00e9mentaire au linge. Pour la laine et la soie, nous recommandons le produit liquide <a href=\"\/fr\/boutique-en-ligne\/lessive-pour-linge-delicat-lanasol\/\">Lessive pour linge d\u00e9licat LANASOL<\/a>.<\/p>","protected":false},"excerpt":{"rendered":"<p>La lessive liquide concentr\u00e9e IDEAL convient pour le lavage \u00e0 la main et en machine. M\u00eame \u00e0 basse temp\u00e9rature de lavage, il est possible d'obtenir un excellent r\u00e9sultat de lavage. Elle est particuli\u00e8rement destin\u00e9e au coton et aux textiles faciles d'entretien.<\/p>","protected":false},"featured_media":3237,"comment_status":"open","ping_status":"closed","template":"","meta":[],"product_brand":[],"product_cat":[26,29],"product_tag":[868,869,870,852],"class_list":{"0":"post-1076","1":"product","2":"type-product","3":"status-publish","4":"has-post-thumbnail","6":"product_cat-haushalt","7":"product_cat-waesche","8":"product_tag-fluessigwaschmittel","9":"product_tag-ideal","10":"product_tag-textilien","11":"product_tag-waschmittel","13":"first","14":"instock","15":"taxable","16":"shipping-taxable","17":"purchasable","18":"product-type-variable","19":"has-default-attributes"},"_links":{"self":[{"href":"https:\/\/blidor.ch\/fr\/wp-json\/wp\/v2\/product\/1076","targetHints":{"allow":["GET"]}}],"collection":[{"href":"https:\/\/blidor.ch\/fr\/wp-json\/wp\/v2\/product"}],"about":[{"href":"https:\/\/blidor.ch\/fr\/wp-json\/wp\/v2\/types\/product"}],"replies":[{"embeddable":true,"href":"https:\/\/blidor.ch\/fr\/wp-json\/wp\/v2\/comments?post=1076"}],"version-history":[{"count":0,"href":"https:\/\/blidor.ch\/fr\/wp-json\/wp\/v2\/product\/1076\/revisions"}],"wp:featuredmedia":[{"embeddable":true,"href":"https:\/\/blidor.ch\/fr\/wp-json\/wp\/v2\/media\/3237"}],"wp:attachment":[{"href":"https:\/\/blidor.ch\/fr\/wp-json\/wp\/v2\/media?parent=1076"}],"wp:term":[{"taxonomy":"product_brand","embeddable":true,"href":"https:\/\/blidor.ch\/fr\/wp-json\/wp\/v2\/product_brand?post=1076"},{"taxonomy":"product_cat","embeddable":true,"href":"https:\/\/blidor.ch\/fr\/wp-json\/wp\/v2\/product_cat?post=1076"},{"taxonomy":"product_tag","embeddable":true,"href":"https:\/\/blidor.ch\/fr\/wp-json\/wp\/v2\/product_tag?post=1076"}],"curies":[{"name":"wp","href":"https:\/\/api.w.org\/{rel}","templated":true}]}}