{"id":1075,"date":"2020-10-19T14:10:34","date_gmt":"2020-10-19T12:10:34","guid":{"rendered":"http:\/\/blidor-webshop-staging.ch.merlin.ch-meta.net\/shop\/import-placeholder-for-1544\/"},"modified":"2023-11-21T23:58:28","modified_gmt":"2023-11-21T22:58:28","slug":"lessive-rex","status":"publish","type":"product","link":"https:\/\/blidor.ch\/fr\/webshop\/rex-waschmittel\/","title":{"rendered":"REX, lessive"},"content":{"rendered":"<h2>Un pour tous - la lessive REX<\/h2>\n<p>La combinaison parfaite de composants nettoyants et traitants fait de la lessive REX la lessive id\u00e9ale pour l'ensemble de vos <a href=\"\/fr\/cat\/budget\/linge-de-maison\/\">Linge<\/a>. Il convient pour des lavages \u00e0 des temp\u00e9ratures de 40 \u00e0 95\u00b0C. Gr\u00e2ce \u00e0 un dosage \u00e9conomique, un sac de 5 kg permet d'effectuer plus de 100 cycles de lavage.<\/p>\n<h2>Autres conseils pour un r\u00e9sultat de lavage optimal :<\/h2>\n<ul>\n<li>A partir d'une eau moyennement dure : ajouter un adoucisseur d'eau UNO suppl\u00e9mentaire au processus de lavage - prot\u00e8ge <a href=\"\/fr\/cat\/budget\/linge-de-maison\/\">Linge<\/a> et le lave-linge et r\u00e9duit en outre sensiblement la consommation de lessive.<\/li>\n<li>Pour le d\u00e9tachage \u00e0 60\u00b0 \u00e0 95\u00b0 C : ajouter au cycle de lavage principal <a href=\"\/fr\/boutique-en-ligne\/detachant-sb\/\">D\u00e9tachant SB<\/a> ajouter une base d'oxyg\u00e8ne - on \u00e9vite ainsi un nouveau lavage !<\/li>\n<li>Pour la laine et la soie, nous recommandons le liquide <a href=\"\/fr\/boutique-en-ligne\/lessive-pour-linge-delicat-lanasol\/\">Lessive pour linge d\u00e9licat LANASOL<\/a><\/li>\n<\/ul>\n<p>Utilisez \u00e9galement REX en combinaison avec le <a href=\"\/fr\/boutique-en-ligne\/ennoblisseur-de-tissus-mo\/\">Ennoblisseur de tissus MO<\/a>Pour le lavage des v\u00eatements, il est conseill\u00e9 d'utiliser un produit de nettoyage et d'entretien pour le linge.<\/p>","protected":false},"excerpt":{"rendered":"<p>La lessive en poudre puissante sans agent de blanchiment ni azurant optique convient pour le lavage \u00e0 la main et en machine de 40 \u00e0 95\u00b0 C. Une formule de dissolution des salissures tr\u00e8s active permet d'obtenir un excellent r\u00e9sultat de lavage m\u00eame \u00e0 basses temp\u00e9ratures.<\/p>","protected":false},"featured_media":1502,"comment_status":"open","ping_status":"closed","template":"","meta":[],"product_brand":[],"product_cat":[26,29],"product_tag":[853,852],"class_list":{"0":"post-1075","1":"product","2":"type-product","3":"status-publish","4":"has-post-thumbnail","6":"product_cat-haushalt","7":"product_cat-waesche","8":"product_tag-rex","9":"product_tag-waschmittel","11":"first","12":"instock","13":"taxable","14":"shipping-taxable","15":"purchasable","16":"product-type-variable","17":"has-default-attributes"},"_links":{"self":[{"href":"https:\/\/blidor.ch\/fr\/wp-json\/wp\/v2\/product\/1075","targetHints":{"allow":["GET"]}}],"collection":[{"href":"https:\/\/blidor.ch\/fr\/wp-json\/wp\/v2\/product"}],"about":[{"href":"https:\/\/blidor.ch\/fr\/wp-json\/wp\/v2\/types\/product"}],"replies":[{"embeddable":true,"href":"https:\/\/blidor.ch\/fr\/wp-json\/wp\/v2\/comments?post=1075"}],"version-history":[{"count":0,"href":"https:\/\/blidor.ch\/fr\/wp-json\/wp\/v2\/product\/1075\/revisions"}],"wp:featuredmedia":[{"embeddable":true,"href":"https:\/\/blidor.ch\/fr\/wp-json\/wp\/v2\/media\/1502"}],"wp:attachment":[{"href":"https:\/\/blidor.ch\/fr\/wp-json\/wp\/v2\/media?parent=1075"}],"wp:term":[{"taxonomy":"product_brand","embeddable":true,"href":"https:\/\/blidor.ch\/fr\/wp-json\/wp\/v2\/product_brand?post=1075"},{"taxonomy":"product_cat","embeddable":true,"href":"https:\/\/blidor.ch\/fr\/wp-json\/wp\/v2\/product_cat?post=1075"},{"taxonomy":"product_tag","embeddable":true,"href":"https:\/\/blidor.ch\/fr\/wp-json\/wp\/v2\/product_tag?post=1075"}],"curies":[{"name":"wp","href":"https:\/\/api.w.org\/{rel}","templated":true}]}}