{"id":1074,"date":"2020-10-19T14:10:34","date_gmt":"2020-10-19T12:10:34","guid":{"rendered":"http:\/\/blidor-webshop-staging.ch.merlin.ch-meta.net\/shop\/import-placeholder-for-1534\/"},"modified":"2023-08-15T10:55:42","modified_gmt":"2023-08-15T08:55:42","slug":"chiffon-microfibre-jaune","status":"publish","type":"product","link":"https:\/\/blidor.ch\/fr\/webshop\/microfasertuch-gelb\/","title":{"rendered":"Chiffon en microfibres jaune"},"content":{"rendered":"<h2>Faire briller sans laisser de traces gr\u00e2ce aux microfibres, tout en respectant l'environnement<\/h2>\n<p>Le chiffon en microfibres pour la cuisine, la salle de bain et le salon. Il nettoie toutes les surfaces tr\u00e8s sales sans laisser de traces. Gr\u00e2ce \u00e0 sa structure sp\u00e9ciale, le chiffon ne n\u00e9cessite aucun additif chimique pour le nettoyage, mais uniquement de l'eau claire. Il n'est donc pas n\u00e9cessaire d'essuyer et de polir. Le chiffon a une tr\u00e8s longue dur\u00e9e de vie, il peut \u00eatre lav\u00e9 jusqu'\u00e0 400 fois dans la machine \u00e0 laver \u00e0 95\u00b0C. Renoncez \u00e0 l'adoucissant et au s\u00e8che-linge.<\/p>","protected":false},"excerpt":{"rendered":"<p class=\"bodytext\">Le chiffon microfibre polyvalent pour un nettoyage sans traces et sans additifs chimiques dans la cuisine, la salle de bain, le salon, etc. Convient particuli\u00e8rement aux surfaces tr\u00e8s sales et \u00e0 la robinetterie chrom\u00e9e. Lavable jusqu'\u00e0 95\u00b0C.<\/p>\n<p class=\"bodytext\">Taille env. 32 x 32cm<\/p>\n<p class=\"bodytext\"><b><strong>Commandez nos trois chiffons en microfibre dans un set avantageux de 3 pi\u00e8ces.<\/strong><\/b><\/p>","protected":false},"featured_media":1485,"comment_status":"open","ping_status":"closed","template":"","meta":[],"product_brand":[],"product_cat":[82,28],"product_tag":[857,858,854,856,855,859],"class_list":{"0":"post-1074","1":"product","2":"type-product","3":"status-publish","4":"has-post-thumbnail","6":"product_cat-accessoires","7":"product_cat-reinigung","8":"product_tag-bad","9":"product_tag-kueche","10":"product_tag-microfasertuch","11":"product_tag-nur-mit-wasser","12":"product_tag-streifenfrei","13":"product_tag-wohnbereich","15":"first","16":"instock","17":"taxable","18":"shipping-taxable","19":"purchasable","20":"product-type-variable","21":"has-default-attributes"},"_links":{"self":[{"href":"https:\/\/blidor.ch\/fr\/wp-json\/wp\/v2\/product\/1074","targetHints":{"allow":["GET"]}}],"collection":[{"href":"https:\/\/blidor.ch\/fr\/wp-json\/wp\/v2\/product"}],"about":[{"href":"https:\/\/blidor.ch\/fr\/wp-json\/wp\/v2\/types\/product"}],"replies":[{"embeddable":true,"href":"https:\/\/blidor.ch\/fr\/wp-json\/wp\/v2\/comments?post=1074"}],"version-history":[{"count":0,"href":"https:\/\/blidor.ch\/fr\/wp-json\/wp\/v2\/product\/1074\/revisions"}],"wp:featuredmedia":[{"embeddable":true,"href":"https:\/\/blidor.ch\/fr\/wp-json\/wp\/v2\/media\/1485"}],"wp:attachment":[{"href":"https:\/\/blidor.ch\/fr\/wp-json\/wp\/v2\/media?parent=1074"}],"wp:term":[{"taxonomy":"product_brand","embeddable":true,"href":"https:\/\/blidor.ch\/fr\/wp-json\/wp\/v2\/product_brand?post=1074"},{"taxonomy":"product_cat","embeddable":true,"href":"https:\/\/blidor.ch\/fr\/wp-json\/wp\/v2\/product_cat?post=1074"},{"taxonomy":"product_tag","embeddable":true,"href":"https:\/\/blidor.ch\/fr\/wp-json\/wp\/v2\/product_tag?post=1074"}],"curies":[{"name":"wp","href":"https:\/\/api.w.org\/{rel}","templated":true}]}}