{"id":1073,"date":"2020-10-19T14:10:34","date_gmt":"2020-10-19T12:10:34","guid":{"rendered":"http:\/\/blidor-webshop-staging.ch.merlin.ch-meta.net\/shop\/import-placeholder-for-1568\/"},"modified":"2023-10-19T13:35:26","modified_gmt":"2023-10-19T11:35:26","slug":"waesparfum-mo","status":"publish","type":"product","link":"https:\/\/blidor.ch\/fr\/webshop\/waescheparfum-mo\/","title":{"rendered":"Parfum pour le linge MO"},"content":{"rendered":"<h2>Un parfum frais pour votre linge<\/h2>\n<p>Le parfum pour linge MO donne \u00e0 votre linge une odeur fra\u00eeche et durable. Vaporisez l\u00e9g\u00e8rement le linge avec MO et il sentira encore longtemps comme s'il venait d'\u00eatre lav\u00e9. D'autres textiles comme les si\u00e8ges de voiture, les groupes de coussins, les sacs, les costumes, les chaussures et bien d'autres peuvent \u00e9galement \u00eatre rafra\u00eechis. Gr\u00e2ce aux ingr\u00e9dients doux, il n'y a pas de r\u00e9sidus sur les textiles.<\/p>\n<p>Id\u00e9al aussi en voyage, lorsque les v\u00eatements ne sentent plus le frais dans la valise ou apr\u00e8s une sortie au restaurant o\u00f9 les odeurs de cuisine collent aux v\u00eatements.<\/p>\n<p class=\"bodytext\">","protected":false},"excerpt":{"rendered":"<p>MO Parfum pour linge maintient votre linge durablement frais. Dorlotez-vous et votre linge avec un parfum particulier et profitez chaque jour d'une fra\u00eecheur agr\u00e9able.<\/p>","protected":false},"featured_media":1497,"comment_status":"open","ping_status":"closed","template":"","meta":[],"product_brand":[],"product_cat":[26,29],"product_tag":[808,687,610],"class_list":{"0":"post-1073","1":"product","2":"type-product","3":"status-publish","4":"has-post-thumbnail","6":"product_cat-haushalt","7":"product_cat-waesche","8":"product_tag-auffrischer","9":"product_tag-frisch","10":"product_tag-waescheparfum","12":"first","13":"instock","14":"taxable","15":"shipping-taxable","16":"purchasable","17":"product-type-simple"},"_links":{"self":[{"href":"https:\/\/blidor.ch\/fr\/wp-json\/wp\/v2\/product\/1073","targetHints":{"allow":["GET"]}}],"collection":[{"href":"https:\/\/blidor.ch\/fr\/wp-json\/wp\/v2\/product"}],"about":[{"href":"https:\/\/blidor.ch\/fr\/wp-json\/wp\/v2\/types\/product"}],"replies":[{"embeddable":true,"href":"https:\/\/blidor.ch\/fr\/wp-json\/wp\/v2\/comments?post=1073"}],"version-history":[{"count":0,"href":"https:\/\/blidor.ch\/fr\/wp-json\/wp\/v2\/product\/1073\/revisions"}],"wp:featuredmedia":[{"embeddable":true,"href":"https:\/\/blidor.ch\/fr\/wp-json\/wp\/v2\/media\/1497"}],"wp:attachment":[{"href":"https:\/\/blidor.ch\/fr\/wp-json\/wp\/v2\/media?parent=1073"}],"wp:term":[{"taxonomy":"product_brand","embeddable":true,"href":"https:\/\/blidor.ch\/fr\/wp-json\/wp\/v2\/product_brand?post=1073"},{"taxonomy":"product_cat","embeddable":true,"href":"https:\/\/blidor.ch\/fr\/wp-json\/wp\/v2\/product_cat?post=1073"},{"taxonomy":"product_tag","embeddable":true,"href":"https:\/\/blidor.ch\/fr\/wp-json\/wp\/v2\/product_tag?post=1073"}],"curies":[{"name":"wp","href":"https:\/\/api.w.org\/{rel}","templated":true}]}}