{"id":1072,"date":"2020-10-19T14:10:34","date_gmt":"2020-10-19T12:10:34","guid":{"rendered":"http:\/\/blidor-webshop-staging.ch.merlin.ch-meta.net\/shop\/import-placeholder-for-1571\/"},"modified":"2023-11-21T23:57:14","modified_gmt":"2023-11-21T22:57:14","slug":"parfum-pour-linge-lavande","status":"publish","type":"product","link":"https:\/\/blidor.ch\/fr\/webshop\/waescheparfum-lavande\/","title":{"rendered":"Parfum pour le linge Lavande"},"content":{"rendered":"<h2>Vaporiser le linge et les v\u00eatements pr\u00e9f\u00e9r\u00e9s avec un parfum de lavande<\/h2>\n<p>Votre linge a son propre parfum. Le parfum pour linge Lavande contient de l'eau de toilette pure. <a href=\"\/fr\/lavande\/\">Huile de lavande<\/a> et laisse une odeur fra\u00eeche et durable sur votre linge. Il suffit de vaporiser l\u00e9g\u00e8rement le linge avec Lavande pour qu'il sente encore longtemps d\u00e9licieusement la lavande. Gr\u00e2ce aux ingr\u00e9dients doux, il n'y a pas de r\u00e9sidus sur le linge. Vous pouvez donc vaporiser en toute tranquillit\u00e9 vos chemisiers, chemises, pull-overs, jeans, t-shirts et m\u00eame vos \u00e9charpes pr\u00e9f\u00e9r\u00e9es.<\/p>\n<p>&nbsp;<\/p>","protected":false},"excerpt":{"rendered":"<p class=\"bodytext\">Le parfum pour linge parfume agr\u00e9ablement votre armoire et votre linge. Il convient \u00e9galement pour rafra\u00eechir les v\u00eatements d\u00e9j\u00e0 port\u00e9s. Vaporisez l\u00e9g\u00e8rement le linge avec Lavande et il sentira encore longtemps la lavande.<\/p>","protected":false},"featured_media":1496,"comment_status":"open","ping_status":"closed","template":"","meta":[],"product_brand":[],"product_cat":[26,29],"product_tag":[612,611,610],"class_list":{"0":"post-1072","1":"product","2":"type-product","3":"status-publish","4":"has-post-thumbnail","6":"product_cat-haushalt","7":"product_cat-waesche","8":"product_tag-frisch-duftende-waesche","9":"product_tag-lavendel","10":"product_tag-waescheparfum","12":"first","13":"instock","14":"taxable","15":"shipping-taxable","16":"purchasable","17":"product-type-simple"},"_links":{"self":[{"href":"https:\/\/blidor.ch\/fr\/wp-json\/wp\/v2\/product\/1072","targetHints":{"allow":["GET"]}}],"collection":[{"href":"https:\/\/blidor.ch\/fr\/wp-json\/wp\/v2\/product"}],"about":[{"href":"https:\/\/blidor.ch\/fr\/wp-json\/wp\/v2\/types\/product"}],"replies":[{"embeddable":true,"href":"https:\/\/blidor.ch\/fr\/wp-json\/wp\/v2\/comments?post=1072"}],"version-history":[{"count":0,"href":"https:\/\/blidor.ch\/fr\/wp-json\/wp\/v2\/product\/1072\/revisions"}],"wp:featuredmedia":[{"embeddable":true,"href":"https:\/\/blidor.ch\/fr\/wp-json\/wp\/v2\/media\/1496"}],"wp:attachment":[{"href":"https:\/\/blidor.ch\/fr\/wp-json\/wp\/v2\/media?parent=1072"}],"wp:term":[{"taxonomy":"product_brand","embeddable":true,"href":"https:\/\/blidor.ch\/fr\/wp-json\/wp\/v2\/product_brand?post=1072"},{"taxonomy":"product_cat","embeddable":true,"href":"https:\/\/blidor.ch\/fr\/wp-json\/wp\/v2\/product_cat?post=1072"},{"taxonomy":"product_tag","embeddable":true,"href":"https:\/\/blidor.ch\/fr\/wp-json\/wp\/v2\/product_tag?post=1072"}],"curies":[{"name":"wp","href":"https:\/\/api.w.org\/{rel}","templated":true}]}}