{"id":1071,"date":"2020-10-19T14:10:34","date_gmt":"2020-10-19T12:10:34","guid":{"rendered":"http:\/\/blidor-webshop-staging.ch.merlin.ch-meta.net\/shop\/import-placeholder-for-1769\/"},"modified":"2025-01-07T09:00:26","modified_gmt":"2025-01-07T08:00:26","slug":"bois-darolle-dambiance","status":"publish","type":"product","link":"https:\/\/blidor.ch\/fr\/webshop\/raumduft-arvenholz\/","title":{"rendered":"Parfum d'ambiance bois d'arolle"},"content":{"rendered":"<h2>Le parfum d'ambiance frais d'Arve<\/h2>\n<p>Que ce soit \u00e0 la maison ou au bureau, ce parfum d'ambiance diffuse une odeur harmonisante d'arolle et rafra\u00eechit l'atmosph\u00e8re avec l'ar\u00f4me subtil d'une promenade dans la for\u00eat de montagne. Le parfum d'ambiance Arve cr\u00e9e une atmosph\u00e8re agr\u00e9able dans la pi\u00e8ce et neutralise les mauvaises odeurs chez vous, dans les restaurants, les chambres d'h\u00f4tel ou les salles de s\u00e9minaire. En m\u00eame temps, l'arolle a un effet apaisant. Les huiles essentielles sont excellentes pour purifier l'air ambiant. Elles aident \u00e0 lutter contre les mites, les bact\u00e9ries ou les moisissures.<\/p>\n<p>Profitez de ce doux parfum bois\u00e9 dans les pi\u00e8ces \u00e0 vivre et les espaces de d\u00e9tente.<\/p>\n<p>&nbsp;<\/p>","protected":false},"excerpt":{"rendered":"<p>Le parfum d'ambiance Bois d'arolle est id\u00e9al pour les pi\u00e8ces o\u00f9 l'on souhaite se sentir bien et \u00e0 l'aise. Il neutralise les odeurs d\u00e9sagr\u00e9ables et diffuse une agr\u00e9able fra\u00eecheur bois\u00e9e.<\/p>\n<p>&nbsp;<\/p>","protected":false},"featured_media":1570,"comment_status":"open","ping_status":"closed","template":"","meta":[],"product_brand":[],"product_cat":[38,26],"product_tag":[780,782,685,781,770],"class_list":{"0":"post-1071","1":"product","2":"type-product","3":"status-publish","4":"has-post-thumbnail","6":"product_cat-duft","7":"product_cat-haushalt","8":"product_tag-arvenholz","9":"product_tag-bergwald","10":"product_tag-beruhigend","11":"product_tag-harmonisierend","12":"product_tag-raumduft","14":"first","15":"instock","16":"taxable","17":"shipping-taxable","18":"purchasable","19":"product-type-variable","20":"has-default-attributes"},"_links":{"self":[{"href":"https:\/\/blidor.ch\/fr\/wp-json\/wp\/v2\/product\/1071","targetHints":{"allow":["GET"]}}],"collection":[{"href":"https:\/\/blidor.ch\/fr\/wp-json\/wp\/v2\/product"}],"about":[{"href":"https:\/\/blidor.ch\/fr\/wp-json\/wp\/v2\/types\/product"}],"replies":[{"embeddable":true,"href":"https:\/\/blidor.ch\/fr\/wp-json\/wp\/v2\/comments?post=1071"}],"version-history":[{"count":1,"href":"https:\/\/blidor.ch\/fr\/wp-json\/wp\/v2\/product\/1071\/revisions"}],"predecessor-version":[{"id":20741,"href":"https:\/\/blidor.ch\/fr\/wp-json\/wp\/v2\/product\/1071\/revisions\/20741"}],"wp:featuredmedia":[{"embeddable":true,"href":"https:\/\/blidor.ch\/fr\/wp-json\/wp\/v2\/media\/1570"}],"wp:attachment":[{"href":"https:\/\/blidor.ch\/fr\/wp-json\/wp\/v2\/media?parent=1071"}],"wp:term":[{"taxonomy":"product_brand","embeddable":true,"href":"https:\/\/blidor.ch\/fr\/wp-json\/wp\/v2\/product_brand?post=1071"},{"taxonomy":"product_cat","embeddable":true,"href":"https:\/\/blidor.ch\/fr\/wp-json\/wp\/v2\/product_cat?post=1071"},{"taxonomy":"product_tag","embeddable":true,"href":"https:\/\/blidor.ch\/fr\/wp-json\/wp\/v2\/product_tag?post=1071"}],"curies":[{"name":"wp","href":"https:\/\/api.w.org\/{rel}","templated":true}]}}