{"id":1070,"date":"2020-10-19T14:10:34","date_gmt":"2020-10-19T12:10:34","guid":{"rendered":"http:\/\/blidor-webshop-staging.ch.merlin.ch-meta.net\/shop\/import-placeholder-for-1533\/"},"modified":"2023-10-19T13:13:35","modified_gmt":"2023-10-19T11:13:35","slug":"granules-parfumes-dufti","status":"publish","type":"product","link":"https:\/\/blidor.ch\/fr\/webshop\/dufti-duftgranulat\/","title":{"rendered":"DUFTI, granul\u00e9s parfum\u00e9s"},"content":{"rendered":"<h2>Un parfum frais \u00e9manant du sac \u00e0 poussi\u00e8re<\/h2>\n<p>Ceux qui ont des animaux domestiques ne pourront plus se passer de Dufti. Les poils d'animaux laissent justement une odeur d\u00e9sagr\u00e9able dans le sac de l'aspirateur et donc un air malodorant involontairement lors de la prochaine utilisation. Dufti y rem\u00e9die. Il suffit d'aspirer les granul\u00e9s avec l'aspirateur, conform\u00e9ment au dosage, pour que se d\u00e9gage l'agr\u00e9able parfum de bois de santal et de citron. Le support actif purement v\u00e9g\u00e9tal (ma\u00efs concass\u00e9 s\u00e9ch\u00e9) rafra\u00eechit \u00e0 chaque passage d'aspirateur. Le granul\u00e9 contient des biocides pour une hygi\u00e8ne sans acariens !  Le granul\u00e9 agit imm\u00e9diatement et reste efficace pendant toute la dur\u00e9e d'utilisation du sac \u00e0 poussi\u00e8re (environ 1 mois). Suffit pour environ 10 utilisations.<\/p>\n<h2>Coussin parfum\u00e9 \u00e0 la lavande<\/h2>\n<p>Avec chaque Dufti, vous recevez un set de 3 pi\u00e8ces <a href=\"\/fr\/lavande\/\">Lavande<\/a> coussins parfum\u00e9s offerts. Les supports actifs purement v\u00e9g\u00e9taux contiennent des huiles essentielles qui rafra\u00eechissent naturellement le linge dans votre armoire et lui conf\u00e8rent en outre un parfum agr\u00e9able de longue dur\u00e9e.<\/p>","protected":false},"excerpt":{"rendered":"<p>Avec les granul\u00e9s parfum\u00e9s Dufti, compos\u00e9s de substances actives purement naturelles (ma\u00efs concass\u00e9 s\u00e9ch\u00e9), vous \u00e9liminez les odeurs d\u00e9sagr\u00e9ables. Il rafra\u00eechit et nettoie votre maison lorsque vous passez l'aspirateur et diffuse un agr\u00e9able parfum de bois de santal et de citron.<\/p>\n<p class=\"bodytext\">","protected":false},"featured_media":1489,"comment_status":"open","ping_status":"closed","template":"","meta":[],"product_brand":[],"product_cat":[82],"product_tag":[810,809,313,771],"class_list":{"0":"post-1070","1":"product","2":"type-product","3":"status-publish","4":"has-post-thumbnail","6":"product_cat-accessoires","7":"product_tag-dufti","8":"product_tag-duftkissen","9":"product_tag-sandelholz","10":"product_tag-zitrone","12":"first","13":"instock","14":"taxable","15":"shipping-taxable","16":"purchasable","17":"product-type-simple"},"_links":{"self":[{"href":"https:\/\/blidor.ch\/fr\/wp-json\/wp\/v2\/product\/1070","targetHints":{"allow":["GET"]}}],"collection":[{"href":"https:\/\/blidor.ch\/fr\/wp-json\/wp\/v2\/product"}],"about":[{"href":"https:\/\/blidor.ch\/fr\/wp-json\/wp\/v2\/types\/product"}],"replies":[{"embeddable":true,"href":"https:\/\/blidor.ch\/fr\/wp-json\/wp\/v2\/comments?post=1070"}],"version-history":[{"count":0,"href":"https:\/\/blidor.ch\/fr\/wp-json\/wp\/v2\/product\/1070\/revisions"}],"wp:featuredmedia":[{"embeddable":true,"href":"https:\/\/blidor.ch\/fr\/wp-json\/wp\/v2\/media\/1489"}],"wp:attachment":[{"href":"https:\/\/blidor.ch\/fr\/wp-json\/wp\/v2\/media?parent=1070"}],"wp:term":[{"taxonomy":"product_brand","embeddable":true,"href":"https:\/\/blidor.ch\/fr\/wp-json\/wp\/v2\/product_brand?post=1070"},{"taxonomy":"product_cat","embeddable":true,"href":"https:\/\/blidor.ch\/fr\/wp-json\/wp\/v2\/product_cat?post=1070"},{"taxonomy":"product_tag","embeddable":true,"href":"https:\/\/blidor.ch\/fr\/wp-json\/wp\/v2\/product_tag?post=1070"}],"curies":[{"name":"wp","href":"https:\/\/api.w.org\/{rel}","templated":true}]}}