{"id":1069,"date":"2020-10-19T14:10:34","date_gmt":"2020-10-19T12:10:34","guid":{"rendered":"http:\/\/blidor-webshop-staging.ch.merlin.ch-meta.net\/shop\/import-placeholder-for-1526\/"},"modified":"2023-10-23T12:46:38","modified_gmt":"2023-10-23T10:46:38","slug":"salikid-universalreiniger","status":"publish","type":"product","link":"https:\/\/blidor.ch\/fr\/webshop\/salikid-universalreiniger\/","title":{"rendered":"salikid, nettoyant universel"},"content":{"rendered":"<h2>Un pour tous - nettoyer toutes les surfaces en respectant l'environnement<\/h2>\n<p>Le nettoyant universel Salikid est un nettoyant multi-usages puissant pour le nettoyage intensif et hygi\u00e9nique des sols. <a href=\"\/fr\/nettoyant\/\">Nettoyage<\/a> des sols et de presque toutes les surfaces effa\u00e7ables. Sa formule puissante \u00e9limine la graisse et la salet\u00e9 de mani\u00e8re fiable et sans laisser de traces. Il lib\u00e8re l'appartement des odeurs d\u00e9sagr\u00e9ables et laisse une impression de propret\u00e9 \u00e0 chaque utilisation. <a href=\"\/fr\/nettoyant\/\">Nettoyage<\/a> un agr\u00e9able parfum citronn\u00e9. Convient \u00e9galement pour le lavage de la vaisselle \u00e0 la main. Le bouchon doseur pratique facilite l'utilisation. La formule de nettoyage se compose de 15 tensioactifs anioniques %, de 5 tensioactifs non ioniques % ainsi que d'ingr\u00e9dients biologiques comme le limon\u00e8ne, le citral et le g\u00e9raniol. Cela le rend <strong>facilement biod\u00e9gradable<\/strong>.<\/p>\n<h2>Polyvalent et puissant<\/h2>\n<p>Le nettoyant universel convient pour la c\u00e9ramique, la pierre, le verre, le m\u00e9tal, le plastique et les surfaces peintes.<\/p>","protected":false},"excerpt":{"rendered":"<p>Le nettoyant universel liquide \u00e0 base de savon non alcalin dissout en douceur la graisse et la salet\u00e9 sur toutes les surfaces lavables. Il nettoie rapidement et efficacement m\u00eame les taches les plus tenaces. Avec Salikid, c'est vraiment propre !<\/p>","protected":false},"featured_media":1480,"comment_status":"open","ping_status":"closed","template":"","meta":[],"product_brand":[],"product_cat":[26,28],"product_tag":[641,642,643,640],"class_list":{"0":"post-1069","1":"product","2":"type-product","3":"status-publish","4":"has-post-thumbnail","6":"product_cat-haushalt","7":"product_cat-reinigung","8":"product_tag-alkalifrei","9":"product_tag-fettloeser","10":"product_tag-hartnaeckige-flecken","11":"product_tag-universalreiniger","13":"first","14":"instock","15":"taxable","16":"shipping-taxable","17":"purchasable","18":"product-type-variable","19":"has-default-attributes"},"_links":{"self":[{"href":"https:\/\/blidor.ch\/fr\/wp-json\/wp\/v2\/product\/1069","targetHints":{"allow":["GET"]}}],"collection":[{"href":"https:\/\/blidor.ch\/fr\/wp-json\/wp\/v2\/product"}],"about":[{"href":"https:\/\/blidor.ch\/fr\/wp-json\/wp\/v2\/types\/product"}],"replies":[{"embeddable":true,"href":"https:\/\/blidor.ch\/fr\/wp-json\/wp\/v2\/comments?post=1069"}],"version-history":[{"count":0,"href":"https:\/\/blidor.ch\/fr\/wp-json\/wp\/v2\/product\/1069\/revisions"}],"wp:featuredmedia":[{"embeddable":true,"href":"https:\/\/blidor.ch\/fr\/wp-json\/wp\/v2\/media\/1480"}],"wp:attachment":[{"href":"https:\/\/blidor.ch\/fr\/wp-json\/wp\/v2\/media?parent=1069"}],"wp:term":[{"taxonomy":"product_brand","embeddable":true,"href":"https:\/\/blidor.ch\/fr\/wp-json\/wp\/v2\/product_brand?post=1069"},{"taxonomy":"product_cat","embeddable":true,"href":"https:\/\/blidor.ch\/fr\/wp-json\/wp\/v2\/product_cat?post=1069"},{"taxonomy":"product_tag","embeddable":true,"href":"https:\/\/blidor.ch\/fr\/wp-json\/wp\/v2\/product_tag?post=1069"}],"curies":[{"name":"wp","href":"https:\/\/api.w.org\/{rel}","templated":true}]}}