{"id":1068,"date":"2020-10-19T14:10:34","date_gmt":"2020-10-19T12:10:34","guid":{"rendered":"http:\/\/blidor-webshop-staging.ch.merlin.ch-meta.net\/shop\/import-placeholder-for-1758\/"},"modified":"2026-03-03T10:20:01","modified_gmt":"2026-03-03T09:20:01","slug":"savon-rose","status":"publish","type":"product","link":"https:\/\/blidor.ch\/fr\/webshop\/seife-rose\/","title":{"rendered":"Savon Rose"},"content":{"rendered":"<h2>Savon \u00e0 la rose pour les amoureux des roses<\/h2>\n<p>Le parfum \u00e9l\u00e9gant du savon \u00e0 la rose t'accompagne \u00e0 chaque fois que tu te laves les mains. Le savon Rose avec de l'huile d'olive bio<a href=\"\/fr\/rose\/\">P\u00e9tales de rose<\/a>-nettoie en douceur et laisse sur la peau le d\u00e9licat parfum de l'huile d'olive. <a href=\"\/fr\/rose\/\">Roses<\/a>. Il a un pH neutre, est tr\u00e8s doux et ne dess\u00e8che pas la peau, m\u00eame en cas de lavage fr\u00e9quent des mains. Ce savon \u00e0 la rose, d\u00e9licatement parfum\u00e9 \u00e0 la rose, vous apporte une touche de douceur et de bien-\u00eatre.<\/p>\n<h2>Les roses dans les cosm\u00e9tiques<\/h2>\n<p>Le site <a href=\"\/fr\/rose\/\">Rose<\/a> (Rosa L.) fait partie de la famille des rosac\u00e9es. La reine des fleurs serait originaire de Perse ou d'Inde. On distingue les roses sauvages et les roses nobles, dont il existe aujourd'hui des centaines de vari\u00e9t\u00e9s. Les roses poussent sous forme d'arbustes ou de plantes grimpantes. Les vari\u00e9t\u00e9s de roses nobles comme les roses Baccara ont une seule fleur magnifique sur la tige.<\/p>\n<p>En raison de ses effets apaisants et r\u00e9confortants, la <a href=\"\/fr\/rose\/\">Rose<\/a> utilis\u00e9e depuis longtemps comme plante m\u00e9dicinale. La couleur du m\u00eame nom produit d'ailleurs le m\u00eame effet.<\/p>\n<p>D'ailleurs, nous proposons \u00e9galement l'effet de la rose lors du <a href=\"\/fr\/boutique-en-ligne\/shampoo-rose\/\">Shampooing \u00e0 la rose<\/a> ou le <a href=\"\/fr\/boutique-en-ligne\/rose-dambiance\/\">Parfum d'ambiance Rose<\/a> \u00e0.<\/p>","protected":false},"excerpt":{"rendered":"<p>Acheter chez nous le savon \u00e0 la rose qui a un effet apaisant sur les peaux sensibles, un effet relipidant, un pH neutre et un parfum d\u00e9licat, frais et \u00e9l\u00e9gant.<\/p>","protected":false},"featured_media":10472,"comment_status":"open","ping_status":"closed","template":"","meta":[],"product_brand":[],"product_cat":[34,37],"product_tag":[322,319,320,318,321],"class_list":{"0":"post-1068","1":"product","2":"type-product","3":"status-publish","4":"has-post-thumbnail","6":"product_cat-hygiene","7":"product_cat-seife","8":"product_tag-rose","9":"product_tag-rosen-seife","10":"product_tag-rosenseife","11":"product_tag-rosenseife-kaufen","12":"product_tag-seife-rose","14":"first","15":"outofstock","16":"taxable","17":"shipping-taxable","18":"purchasable","19":"product-type-variable","20":"has-default-attributes"},"_links":{"self":[{"href":"https:\/\/blidor.ch\/fr\/wp-json\/wp\/v2\/product\/1068","targetHints":{"allow":["GET"]}}],"collection":[{"href":"https:\/\/blidor.ch\/fr\/wp-json\/wp\/v2\/product"}],"about":[{"href":"https:\/\/blidor.ch\/fr\/wp-json\/wp\/v2\/types\/product"}],"replies":[{"embeddable":true,"href":"https:\/\/blidor.ch\/fr\/wp-json\/wp\/v2\/comments?post=1068"}],"version-history":[{"count":2,"href":"https:\/\/blidor.ch\/fr\/wp-json\/wp\/v2\/product\/1068\/revisions"}],"predecessor-version":[{"id":20284,"href":"https:\/\/blidor.ch\/fr\/wp-json\/wp\/v2\/product\/1068\/revisions\/20284"}],"wp:featuredmedia":[{"embeddable":true,"href":"https:\/\/blidor.ch\/fr\/wp-json\/wp\/v2\/media\/10472"}],"wp:attachment":[{"href":"https:\/\/blidor.ch\/fr\/wp-json\/wp\/v2\/media?parent=1068"}],"wp:term":[{"taxonomy":"product_brand","embeddable":true,"href":"https:\/\/blidor.ch\/fr\/wp-json\/wp\/v2\/product_brand?post=1068"},{"taxonomy":"product_cat","embeddable":true,"href":"https:\/\/blidor.ch\/fr\/wp-json\/wp\/v2\/product_cat?post=1068"},{"taxonomy":"product_tag","embeddable":true,"href":"https:\/\/blidor.ch\/fr\/wp-json\/wp\/v2\/product_tag?post=1068"}],"curies":[{"name":"wp","href":"https:\/\/api.w.org\/{rel}","templated":true}]}}